{"id":12932,"date":"2023-03-15T08:51:24","date_gmt":"2023-03-15T07:51:24","guid":{"rendered":"https:\/\/www.toleranzraeume.org\/alice-hasters\/"},"modified":"2023-08-16T14:54:23","modified_gmt":"2023-08-16T12:54:23","slug":"alice-hasters","status":"publish","type":"page","link":"https:\/\/www.toleranzraeume.org\/en\/biographies\/alice-hasters\/","title":{"rendered":"Alice Hasters"},"content":{"rendered":"\t\t<div data-elementor-type=\"wp-page\" data-elementor-id=\"12932\" class=\"elementor elementor-12932 elementor-7646\" data-elementor-post-type=\"page\">\n\t\t\t\t\t\t<section class=\"elementor-section elementor-top-section elementor-element elementor-element-723b6b83 elementor-section-boxed elementor-section-height-default elementor-section-height-default\" data-id=\"723b6b83\" data-element_type=\"section\" data-settings=\"{&quot;background_background&quot;:&quot;classic&quot;}\">\n\t\t\t\t\t\t<div class=\"elementor-container elementor-column-gap-default\">\n\t\t\t\t\t<div class=\"elementor-column elementor-col-100 elementor-top-column elementor-element elementor-element-1676ded1\" data-id=\"1676ded1\" data-element_type=\"column\">\n\t\t\t<div class=\"elementor-widget-wrap elementor-element-populated\">\n\t\t\t\t\t\t<div class=\"elementor-element elementor-element-49f298a9 elementor-widget elementor-widget-heading\" data-id=\"49f298a9\" data-element_type=\"widget\" data-widget_type=\"heading.default\">\n\t\t\t\t<div class=\"elementor-widget-container\">\n\t\t\t\t\t<h1 class=\"elementor-heading-title elementor-size-default\">Alice Hasters<\/h1>\t\t\t\t<\/div>\n\t\t\t\t<\/div>\n\t\t\t\t<div class=\"elementor-element elementor-element-5d49dcb9 elementor-widget elementor-widget-heading\" data-id=\"5d49dcb9\" data-element_type=\"widget\" data-widget_type=\"heading.default\">\n\t\t\t\t<div class=\"elementor-widget-container\">\n\t\t\t\t\t<h2 class=\"elementor-heading-title elementor-size-default\">(born 1989 in Cologne)<\/h2>\t\t\t\t<\/div>\n\t\t\t\t<\/div>\n\t\t\t\t\t<\/div>\n\t\t<\/div>\n\t\t\t\t\t<\/div>\n\t\t<\/section>\n\t\t\t\t<section class=\"elementor-section elementor-top-section elementor-element elementor-element-6abb3dd elementor-reverse-mobile elementor-section-boxed elementor-section-height-default elementor-section-height-default\" data-id=\"6abb3dd\" data-element_type=\"section\">\n\t\t\t\t\t\t<div class=\"elementor-container elementor-column-gap-default\">\n\t\t\t\t\t<div class=\"elementor-column elementor-col-66 elementor-top-column elementor-element elementor-element-4e243948\" data-id=\"4e243948\" data-element_type=\"column\">\n\t\t\t<div class=\"elementor-widget-wrap elementor-element-populated\">\n\t\t\t\t\t\t<div class=\"elementor-element elementor-element-7fa760d7 elementor-widget elementor-widget-text-editor\" data-id=\"7fa760d7\" data-element_type=\"widget\" data-widget_type=\"text-editor.default\">\n\t\t\t\t<div class=\"elementor-widget-container\">\n\t\t\t\t\t\t\t\t\t<p>&#8220;Those who claim not to be racist have an enormous distance to fall.&#8221;<br \/>\nAlice Hasters is a German journalist, bestselling author and podcaster who through her work sets a clear signal against racism in Germany.<br \/>\nIn daily interaction, Alice Hasters did not recognise the behaviour of White people as racist for a long time. Remarks heard may not seem overtly far-right or hateful, but they do highlight a power imbalance that perceives Whites as the norm and excludes Blacks as &#8220;others&#8221;. The term &#8220;othering&#8221;, for which there is no direct equivalent in contemporary German, describes this state of affairs quite precisely. In 2019, she published her first book Was wei\u00dfe Menschen nicht \u00fcber Rassismus h\u00f6ren wollen, aber wissen sollten (What White People Don&#8217;t Want to Hear about Racism, But Should Know) in which she gives autobiographical insights as a victim of socalled everyday racism. Her aim: admission and self-reflection on the part of each and everyone.<br \/>\nPointedly and patiently, she explains why questions such as &#8220;Where do you come<br \/>\nfrom?&#8221;, which may seem harmless at first glance, are ultimately of racist origin and shape power inequality. Her long-seller has its finger on the pulse and strikes at the uneasiness of an entire society. Confrontating one&#8217;s own racism is often first met with resistance, relativisation and rejection\u2014a clear sign that the problem is deeply rooted in Germany and far from being dealt with. In addition to her success as an author, Hasters works as a journalist for RBB (Rundfunk Berlin-Brandenburg, Eng.:<br \/>\nBerlin-Brandenburg Broadcasting) and the television news programme Tagesschau<br \/>\n(Eng.: Daily Review). In addition, together with Maximiliane H\u00e4cke, she discusses current topics from politics, pop culture and society in her successful podcast Feuer &#038; Brot (Fire &#038; Bread).<\/p>\n\t\t\t\t\t\t\t\t<\/div>\n\t\t\t\t<\/div>\n\t\t\t\t<div class=\"elementor-element elementor-element-00dc729 elementor-widget elementor-widget-text-editor\" data-id=\"00dc729\" data-element_type=\"widget\" data-widget_type=\"text-editor.default\">\n\t\t\t\t<div class=\"elementor-widget-container\">\n\t\t\t\t\t\t\t\t\t<p><strong>*https:\/\/editionf.com\/alice-hasters-rassismus-interview\/(8.3.2023)\u00a0<span style=\"font-size: 16px; font-style: normal;\" data-contrast=\"auto\">\u00a0<\/span><span style=\"font-size: 16px; font-style: normal;\" data-ccp-props=\"{&quot;201341983&quot;:0,&quot;335559740&quot;:257}\">\u00a0<\/span><\/strong><\/p>\n\t\t\t\t\t\t\t\t<\/div>\n\t\t\t\t<\/div>\n\t\t\t\t\t<\/div>\n\t\t<\/div>\n\t\t\t\t<div class=\"elementor-column elementor-col-33 elementor-top-column elementor-element elementor-element-12c7596\" data-id=\"12c7596\" data-element_type=\"column\">\n\t\t\t<div class=\"elementor-widget-wrap elementor-element-populated\">\n\t\t\t\t\t\t<div class=\"elementor-element elementor-element-279352c elementor-widget elementor-widget-image\" data-id=\"279352c\" data-element_type=\"widget\" data-widget_type=\"image.default\">\n\t\t\t\t<div class=\"elementor-widget-container\">\n\t\t\t\t\t\t\t\t\t\t\t\t<figure class=\"wp-caption\">\n\t\t\t\t\t\t\t\t\t\t<img fetchpriority=\"high\" decoding=\"async\" width=\"768\" height=\"1024\" src=\"https:\/\/www.toleranzraeume.org\/wp-content\/uploads\/2023\/03\/alice-hasters-768x1024.jpg\" class=\"attachment-large size-large wp-image-7687\" alt=\"\" srcset=\"https:\/\/www.toleranzraeume.org\/wp-content\/uploads\/2023\/03\/alice-hasters-768x1024.jpg 768w, https:\/\/www.toleranzraeume.org\/wp-content\/uploads\/2023\/03\/alice-hasters-225x300.jpg 225w, https:\/\/www.toleranzraeume.org\/wp-content\/uploads\/2023\/03\/alice-hasters.jpg 1000w\" sizes=\"(max-width: 768px) 100vw, 768px\" \/>\t\t\t\t\t\t\t\t\t\t\t<figcaption class=\"widget-image-caption wp-caption-text\">Credits: Katja Ruge (KRuge) <\/figcaption>\n\t\t\t\t\t\t\t\t\t\t<\/figure>\n\t\t\t\t\t\t\t\t\t<\/div>\n\t\t\t\t<\/div>\n\t\t\t\t\t<\/div>\n\t\t<\/div>\n\t\t\t\t\t<\/div>\n\t\t<\/section>\n\t\t\t\t<\/div>\n\t\t","protected":false},"excerpt":{"rendered":"<p>Alice Hasters (born 1989 in Cologne) &#8220;Those who claim not to be racist have an enormous distance to fall.&#8221; Alice Hasters is a German journalist, bestselling author and podcaster who through her work sets a clear signal against racism in Germany. In daily interaction, Alice Hasters did not recognise the behaviour of White people as [&hellip;]<\/p>\n","protected":false},"author":4,"featured_media":0,"parent":13018,"menu_order":0,"comment_status":"closed","ping_status":"closed","template":"","meta":{"site-sidebar-layout":"no-sidebar","site-content-layout":"page-builder","ast-site-content-layout":"default","site-content-style":"default","site-sidebar-style":"default","ast-global-header-display":"","ast-banner-title-visibility":"","ast-main-header-display":"","ast-hfb-above-header-display":"","ast-hfb-below-header-display":"","ast-hfb-mobile-header-display":"","site-post-title":"disabled","ast-breadcrumbs-content":"","ast-featured-img":"disabled","footer-sml-layout":"","theme-transparent-header-meta":"","adv-header-id-meta":"","stick-header-meta":"","header-above-stick-meta":"","header-main-stick-meta":"","header-below-stick-meta":"","astra-migrate-meta-layouts":"default","ast-page-background-enabled":"default","ast-page-background-meta":{"desktop":{"background-color":"","background-image":"","background-repeat":"repeat","background-position":"center center","background-size":"auto","background-attachment":"scroll","background-type":"","background-media":"","overlay-type":"","overlay-color":"","overlay-opacity":"","overlay-gradient":""},"tablet":{"background-color":"","background-image":"","background-repeat":"repeat","background-position":"center center","background-size":"auto","background-attachment":"scroll","background-type":"","background-media":"","overlay-type":"","overlay-color":"","overlay-opacity":"","overlay-gradient":""},"mobile":{"background-color":"","background-image":"","background-repeat":"repeat","background-position":"center center","background-size":"auto","background-attachment":"scroll","background-type":"","background-media":"","overlay-type":"","overlay-color":"","overlay-opacity":"","overlay-gradient":""}},"ast-content-background-meta":{"desktop":{"background-color":"var(--ast-global-color-5)","background-image":"","background-repeat":"repeat","background-position":"center center","background-size":"auto","background-attachment":"scroll","background-type":"","background-media":"","overlay-type":"","overlay-color":"","overlay-opacity":"","overlay-gradient":""},"tablet":{"background-color":"var(--ast-global-color-5)","background-image":"","background-repeat":"repeat","background-position":"center center","background-size":"auto","background-attachment":"scroll","background-type":"","background-media":"","overlay-type":"","overlay-color":"","overlay-opacity":"","overlay-gradient":""},"mobile":{"background-color":"var(--ast-global-color-5)","background-image":"","background-repeat":"repeat","background-position":"center center","background-size":"auto","background-attachment":"scroll","background-type":"","background-media":"","overlay-type":"","overlay-color":"","overlay-opacity":"","overlay-gradient":""}},"footnotes":""},"class_list":["post-12932","page","type-page","status-publish","hentry"],"_links":{"self":[{"href":"https:\/\/www.toleranzraeume.org\/en\/wp-json\/wp\/v2\/pages\/12932","targetHints":{"allow":["GET"]}}],"collection":[{"href":"https:\/\/www.toleranzraeume.org\/en\/wp-json\/wp\/v2\/pages"}],"about":[{"href":"https:\/\/www.toleranzraeume.org\/en\/wp-json\/wp\/v2\/types\/page"}],"author":[{"embeddable":true,"href":"https:\/\/www.toleranzraeume.org\/en\/wp-json\/wp\/v2\/users\/4"}],"replies":[{"embeddable":true,"href":"https:\/\/www.toleranzraeume.org\/en\/wp-json\/wp\/v2\/comments?post=12932"}],"version-history":[{"count":4,"href":"https:\/\/www.toleranzraeume.org\/en\/wp-json\/wp\/v2\/pages\/12932\/revisions"}],"predecessor-version":[{"id":14319,"href":"https:\/\/www.toleranzraeume.org\/en\/wp-json\/wp\/v2\/pages\/12932\/revisions\/14319"}],"up":[{"embeddable":true,"href":"https:\/\/www.toleranzraeume.org\/en\/wp-json\/wp\/v2\/pages\/13018"}],"wp:attachment":[{"href":"https:\/\/www.toleranzraeume.org\/en\/wp-json\/wp\/v2\/media?parent=12932"}],"curies":[{"name":"wp","href":"https:\/\/api.w.org\/{rel}","templated":true}]}}