{"id":16361,"date":"2021-09-09T09:38:32","date_gmt":"2021-09-09T07:38:32","guid":{"rendered":"https:\/\/www.toleranzraeume.org\/impressum\/"},"modified":"2024-10-07T12:55:38","modified_gmt":"2024-10-07T10:55:38","slug":"impressum","status":"publish","type":"page","link":"https:\/\/www.toleranzraeume.org\/tr\/impressum\/","title":{"rendered":"Impressum"},"content":{"rendered":"\t\t<div data-elementor-type=\"wp-page\" data-elementor-id=\"16361\" class=\"elementor elementor-16361 elementor-2806\" data-elementor-post-type=\"page\">\n\t\t\t\t\t\t<section class=\"elementor-section elementor-top-section elementor-element elementor-element-7cc6bc6 elementor-section-boxed elementor-section-height-default elementor-section-height-default\" data-id=\"7cc6bc6\" data-element_type=\"section\" data-settings=\"{&quot;background_background&quot;:&quot;classic&quot;}\">\n\t\t\t\t\t\t<div class=\"elementor-container elementor-column-gap-default\">\n\t\t\t\t\t<div class=\"elementor-column elementor-col-100 elementor-top-column elementor-element elementor-element-8dac6b8\" data-id=\"8dac6b8\" data-element_type=\"column\">\n\t\t\t<div class=\"elementor-widget-wrap elementor-element-populated\">\n\t\t\t\t\t\t<div class=\"elementor-element elementor-element-3ea828a elementor-widget elementor-widget-heading\" data-id=\"3ea828a\" data-element_type=\"widget\" data-widget_type=\"heading.default\">\n\t\t\t\t<div class=\"elementor-widget-container\">\n\t\t\t\t\t<h1 class=\"elementor-heading-title elementor-size-default\">Impressum (TR)<\/h1>\t\t\t\t<\/div>\n\t\t\t\t<\/div>\n\t\t\t\t\t<\/div>\n\t\t<\/div>\n\t\t\t\t\t<\/div>\n\t\t<\/section>\n\t\t\t\t<section class=\"elementor-section elementor-top-section elementor-element elementor-element-f7325f0 elementor-section-boxed elementor-section-height-default elementor-section-height-default\" data-id=\"f7325f0\" data-element_type=\"section\">\n\t\t\t\t\t\t<div class=\"elementor-container elementor-column-gap-default\">\n\t\t\t\t\t<div class=\"elementor-column elementor-col-100 elementor-top-column elementor-element elementor-element-763c914\" data-id=\"763c914\" data-element_type=\"column\">\n\t\t\t<div class=\"elementor-widget-wrap elementor-element-populated\">\n\t\t\t\t\t\t<div class=\"elementor-element elementor-element-0615a77 elementor-widget elementor-widget-spacer\" data-id=\"0615a77\" data-element_type=\"widget\" data-widget_type=\"spacer.default\">\n\t\t\t\t<div class=\"elementor-widget-container\">\n\t\t\t\t\t\t\t<div class=\"elementor-spacer\">\n\t\t\t<div class=\"elementor-spacer-inner\"><\/div>\n\t\t<\/div>\n\t\t\t\t\t\t<\/div>\n\t\t\t\t<\/div>\n\t\t\t\t<div class=\"elementor-element elementor-element-f565237 elementor-widget elementor-widget-heading\" data-id=\"f565237\" data-element_type=\"widget\" data-widget_type=\"heading.default\">\n\t\t\t\t<div class=\"elementor-widget-container\">\n\t\t\t\t\t<h2 class=\"elementor-heading-title elementor-size-default\">Telemediengesetz (TMG) \u00a7 5 uyar\u0131nca k\u00fcnye bilgileri<\/h2>\t\t\t\t<\/div>\n\t\t\t\t<\/div>\n\t\t\t\t<div class=\"elementor-element elementor-element-2d5e68c elementor-widget elementor-widget-text-editor\" data-id=\"2d5e68c\" data-element_type=\"widget\" data-widget_type=\"text-editor.default\">\n\t\t\t\t<div class=\"elementor-widget-container\">\n\t\t\t\t\t\t\t\t\t<p><strong>Web sitesinin i\u015fletmecisi <\/strong><br \/>Toleranz-Tunnel e.V.<\/p><p><strong>\u0130leti\u015fim<\/strong><br \/>Toleranz-Tunnel e.V.<br \/>Lange Stra\u00dfe 65<br \/>32756 Detmold<br \/>Telefon: +49 (0)176 44544610<br \/>E-posta: <a href=\"mailto:office@toleranz-tunnel.org\">office@toleranz-tunnel.org<\/a><br \/>Bas\u0131n sorular\u0131: <a href=\"mailto:presse@toleranzraeume.org\">presse@toleranzraeume.org<\/a><br \/>Web sitesi: <a href=\"https:\/\/www.toleranzraeume.org\/tr\/\">https:\/\/www.toleranzraeume.org<\/a><\/p><p><strong>Genel M\u00fcd\u00fcr<\/strong><br \/>Dr. Martin Anduschus<\/p><p><strong>\u0130\u00e7erikten sorumlu<\/strong><br \/>Dr. Martin Anduschus<\/p><p><strong>\u0130cra Kurulunu temsil etmeye yetkili<\/strong><br \/>Dr. Jarek Nikolaus Korczynski, Y\u00f6netim Kurulu Ba\u015fkan\u0131<br \/>Pawel Voronin, Y\u00f6netim Kurulu Ba\u015fkan Yard\u0131mc\u0131s\u0131<br \/>Rainer Heller, Sayman<\/p><p><strong>Mahkeme kayd\u0131<\/strong><br \/>Yerel mahkeme Lemgo<br \/>Derneklerin kayd\u0131: VR 1700<\/p><p><strong>Sorumluluk Reddi<\/strong><br \/>Bu web sitesindeki t\u00fcm bilgiler dikkatle kontrol edilmi\u015ftir. Bu bilgileri s\u00fcrekli olarak geni\u015fletmek ve g\u00fcncellemek i\u00e7in \u00e7aba g\u00f6steriyoruz. Ancak, bu bilgilerin eksiksiz, do\u011fru ve g\u00fcncel oldu\u011funu garanti edemeyiz. Web sitesinin operat\u00f6r\u00fc bu bilgileri a\u00e7\u0131k veya z\u0131mni herhangi bir garanti veya teminat olmaks\u0131z\u0131n sa\u011flamaktad\u0131r. Web sitesinin operat\u00f6r\u00fc, kas\u0131t veya a\u011f\u0131r ihmale dayanmad\u0131\u011f\u0131 s\u00fcrece, bu web sitesinin kullan\u0131m\u0131ndan do\u011frudan veya dolayl\u0131 olarak kaynaklanan zararlar i\u00e7in herhangi bir sorumluluk kabul etmez.<\/p><p>\u0130nternet sayfalar\u0131m\u0131z harici web sitelerine ba\u011flant\u0131lar i\u00e7ermektedir. Bu ba\u011flant\u0131lar sadece bilgi ama\u00e7l\u0131d\u0131r. Bu ba\u011flant\u0131l\u0131 web sitelerinin i\u00e7eri\u011finin geli\u015ftirilmesi \u00fczerinde hi\u00e7bir etkimiz yoktur. Bu nedenle, ba\u011flant\u0131l\u0131 sayfalar\u0131n operat\u00f6rleri i\u00e7eriklerinden yaln\u0131zca kendileri sorumludur.<\/p><p><strong>Telif hakk\u0131<\/strong><br \/>Telif Hakk\u0131 2022 Toleranz-Tunnel e.V. T\u00fcm haklar\u0131 sakl\u0131d\u0131r. Web sitesindeki t\u00fcm i\u00e7erik (metin, resim, grafik, ses, video ve animasyon dosyalar\u0131 ve bunlar\u0131n d\u00fczenlenmesi vb. Yasal koruma, veri tabanlar\u0131 ve benzer tesisler i\u00e7in de ge\u00e7erlidir. \u0130\u00e7erikler sadece internette ama\u00e7lanan eri\u015fim i\u00e7in serbest\u00e7e kullan\u0131labilir. Bu web sitesinin i\u00e7eri\u011fi, operat\u00f6r\u00fcn yaz\u0131l\u0131 izni olmadan telif hakk\u0131 yasas\u0131n\u0131n s\u0131n\u0131rlar\u0131 d\u0131\u015f\u0131nda herhangi bir \u015fekilde \u00e7o\u011falt\u0131lamaz, da\u011f\u0131t\u0131lamaz, de\u011fi\u015ftirilemez veya \u00fc\u00e7\u00fcnc\u00fc \u015fah\u0131slar\u0131n eri\u015fimine sunulamaz. Web sitesinin baz\u0131 b\u00f6l\u00fcmleri \u00fc\u00e7\u00fcnc\u00fc taraf telif haklar\u0131na tabi g\u00f6r\u00fcnt\u00fcler de i\u00e7ermektedir. Aksi belirtilmedik\u00e7e, web sitesindeki t\u00fcm ticari markalar ticari marka yasas\u0131 taraf\u0131ndan korunmaktad\u0131r.<\/p><p><strong>Lisans bilgileri<\/strong><br \/>Bu web sitesindeki baz\u0131 metinler harici (gazete) makalelere ba\u011flant\u0131 vermekte ve bu makalelerde de yer alan g\u00f6rselleri g\u00f6stermektedir. \u0130lgili haklar, makalede ad\u0131 ge\u00e7en ki\u015fi veya kurumlara aittir. Taraftarlar\u0131n g\u00f6r\u00fcnt\u00fcleri veya taraftarlarla birlikte g\u00f6sterilen logolar\u0131n g\u00f6r\u00fcnt\u00fc haklar\u0131, Toleranz-Tunnel e.V. derne\u011fine de\u011fil, ilgili taraftarlara veya her durumda belirtilen kaynaklara veya kurumlara aittir.<\/p><p><strong>Durum: 17.09.2024<\/strong><\/p>\t\t\t\t\t\t\t\t<\/div>\n\t\t\t\t<\/div>\n\t\t\t\t\t<\/div>\n\t\t<\/div>\n\t\t\t\t\t<\/div>\n\t\t<\/section>\n\t\t\t\t<\/div>\n\t\t","protected":false},"excerpt":{"rendered":"<p>Impressum (TR) Telemediengesetz (TMG) \u00a7 5 uyar\u0131nca k\u00fcnye bilgileri Web sitesinin i\u015fletmecisi Toleranz-Tunnel e.V. \u0130leti\u015fimToleranz-Tunnel e.V.Lange Stra\u00dfe 6532756 DetmoldTelefon: +49 (0)176 44544610E-posta: office@toleranz-tunnel.orgBas\u0131n sorular\u0131: presse@toleranzraeume.orgWeb sitesi: https:\/\/www.toleranzraeume.org Genel M\u00fcd\u00fcrDr. Martin Anduschus \u0130\u00e7erikten sorumluDr. Martin Anduschus \u0130cra Kurulunu temsil etmeye yetkiliDr. Jarek Nikolaus Korczynski, Y\u00f6netim Kurulu Ba\u015fkan\u0131Pawel Voronin, Y\u00f6netim Kurulu Ba\u015fkan Yard\u0131mc\u0131s\u0131Rainer Heller, Sayman Mahkeme kayd\u0131Yerel [&hellip;]<\/p>\n","protected":false},"author":4,"featured_media":0,"parent":0,"menu_order":0,"comment_status":"closed","ping_status":"closed","template":"","meta":{"site-sidebar-layout":"no-sidebar","site-content-layout":"page-builder","ast-site-content-layout":"default","site-content-style":"default","site-sidebar-style":"default","ast-global-header-display":"","ast-banner-title-visibility":"","ast-main-header-display":"","ast-hfb-above-header-display":"","ast-hfb-below-header-display":"","ast-hfb-mobile-header-display":"","site-post-title":"disabled","ast-breadcrumbs-content":"","ast-featured-img":"disabled","footer-sml-layout":"","theme-transparent-header-meta":"default","adv-header-id-meta":"","stick-header-meta":"","header-above-stick-meta":"","header-main-stick-meta":"","header-below-stick-meta":"","astra-migrate-meta-layouts":"default","ast-page-background-enabled":"default","ast-page-background-meta":{"desktop":{"background-color":"","background-image":"","background-repeat":"repeat","background-position":"center center","background-size":"auto","background-attachment":"scroll","background-type":"","background-media":"","overlay-type":"","overlay-color":"","overlay-opacity":"","overlay-gradient":""},"tablet":{"background-color":"","background-image":"","background-repeat":"repeat","background-position":"center center","background-size":"auto","background-attachment":"scroll","background-type":"","background-media":"","overlay-type":"","overlay-color":"","overlay-opacity":"","overlay-gradient":""},"mobile":{"background-color":"","background-image":"","background-repeat":"repeat","background-position":"center center","background-size":"auto","background-attachment":"scroll","background-type":"","background-media":"","overlay-type":"","overlay-color":"","overlay-opacity":"","overlay-gradient":""}},"ast-content-background-meta":{"desktop":{"background-color":"var(--ast-global-color-5)","background-image":"","background-repeat":"repeat","background-position":"center center","background-size":"auto","background-attachment":"scroll","background-type":"","background-media":"","overlay-type":"","overlay-color":"","overlay-opacity":"","overlay-gradient":""},"tablet":{"background-color":"var(--ast-global-color-5)","background-image":"","background-repeat":"repeat","background-position":"center center","background-size":"auto","background-attachment":"scroll","background-type":"","background-media":"","overlay-type":"","overlay-color":"","overlay-opacity":"","overlay-gradient":""},"mobile":{"background-color":"var(--ast-global-color-5)","background-image":"","background-repeat":"repeat","background-position":"center center","background-size":"auto","background-attachment":"scroll","background-type":"","background-media":"","overlay-type":"","overlay-color":"","overlay-opacity":"","overlay-gradient":""}},"footnotes":""},"class_list":["post-16361","page","type-page","status-publish","hentry"],"_links":{"self":[{"href":"https:\/\/www.toleranzraeume.org\/tr\/wp-json\/wp\/v2\/pages\/16361","targetHints":{"allow":["GET"]}}],"collection":[{"href":"https:\/\/www.toleranzraeume.org\/tr\/wp-json\/wp\/v2\/pages"}],"about":[{"href":"https:\/\/www.toleranzraeume.org\/tr\/wp-json\/wp\/v2\/types\/page"}],"author":[{"embeddable":true,"href":"https:\/\/www.toleranzraeume.org\/tr\/wp-json\/wp\/v2\/users\/4"}],"replies":[{"embeddable":true,"href":"https:\/\/www.toleranzraeume.org\/tr\/wp-json\/wp\/v2\/comments?post=16361"}],"version-history":[{"count":16,"href":"https:\/\/www.toleranzraeume.org\/tr\/wp-json\/wp\/v2\/pages\/16361\/revisions"}],"predecessor-version":[{"id":23611,"href":"https:\/\/www.toleranzraeume.org\/tr\/wp-json\/wp\/v2\/pages\/16361\/revisions\/23611"}],"wp:attachment":[{"href":"https:\/\/www.toleranzraeume.org\/tr\/wp-json\/wp\/v2\/media?parent=16361"}],"curies":[{"name":"wp","href":"https:\/\/api.w.org\/{rel}","templated":true}]}}