{"id":21622,"date":"2022-12-21T15:58:37","date_gmt":"2022-12-21T14:58:37","guid":{"rendered":"https:\/\/www.toleranzraeume.org\/annette-von-droste-huelshoff\/"},"modified":"2024-05-14T14:27:51","modified_gmt":"2024-05-14T12:27:51","slug":"annette-von-droste-huelshoff","status":"publish","type":"page","link":"https:\/\/www.toleranzraeume.org\/tr\/annette-von-droste-huelshoff\/","title":{"rendered":"Annette von Droste H\u00fclshoff"},"content":{"rendered":"\t\t<div data-elementor-type=\"wp-page\" data-elementor-id=\"21622\" class=\"elementor elementor-21622 elementor-5809\" data-elementor-post-type=\"page\">\n\t\t\t\t\t\t<section class=\"elementor-section elementor-top-section elementor-element elementor-element-331670e3 elementor-section-boxed elementor-section-height-default elementor-section-height-default\" data-id=\"331670e3\" data-element_type=\"section\" data-settings=\"{&quot;background_background&quot;:&quot;classic&quot;}\">\n\t\t\t\t\t\t<div class=\"elementor-container elementor-column-gap-default\">\n\t\t\t\t\t<div class=\"elementor-column elementor-col-100 elementor-top-column elementor-element elementor-element-5cbc374a\" data-id=\"5cbc374a\" data-element_type=\"column\">\n\t\t\t<div class=\"elementor-widget-wrap elementor-element-populated\">\n\t\t\t\t\t\t<div class=\"elementor-element elementor-element-3ec3d698 elementor-widget elementor-widget-heading\" data-id=\"3ec3d698\" data-element_type=\"widget\" data-widget_type=\"heading.default\">\n\t\t\t\t<div class=\"elementor-widget-container\">\n\t\t\t\t\t<h1 class=\"elementor-heading-title elementor-size-default\">Annette von Droste H\u00fclshoff<\/h1>\t\t\t\t<\/div>\n\t\t\t\t<\/div>\n\t\t\t\t<div class=\"elementor-element elementor-element-543679fa elementor-widget elementor-widget-heading\" data-id=\"543679fa\" data-element_type=\"widget\" data-widget_type=\"heading.default\">\n\t\t\t\t<div class=\"elementor-widget-container\">\n\t\t\t\t\t<h2 class=\"elementor-heading-title elementor-size-default\">(do\u011fum: 1797, Burg H\u00fclshoff \/ M\u00fcnster \u2013 \u00f6l\u00fcm: 1848, Meersburg)<\/h2>\t\t\t\t<\/div>\n\t\t\t\t<\/div>\n\t\t\t\t\t<\/div>\n\t\t<\/div>\n\t\t\t\t\t<\/div>\n\t\t<\/section>\n\t\t\t\t<section class=\"elementor-section elementor-top-section elementor-element elementor-element-607dbea elementor-reverse-mobile elementor-section-boxed elementor-section-height-default elementor-section-height-default\" data-id=\"607dbea\" data-element_type=\"section\">\n\t\t\t\t\t\t<div class=\"elementor-container elementor-column-gap-default\">\n\t\t\t\t\t<div class=\"elementor-column elementor-col-66 elementor-top-column elementor-element elementor-element-4ed097a\" data-id=\"4ed097a\" data-element_type=\"column\">\n\t\t\t<div class=\"elementor-widget-wrap elementor-element-populated\">\n\t\t\t\t\t\t<div class=\"elementor-element elementor-element-8621537 elementor-widget elementor-widget-heading\" data-id=\"8621537\" data-element_type=\"widget\" data-widget_type=\"heading.default\">\n\t\t\t\t<div class=\"elementor-widget-container\">\n\t\t\t\t\t<h2 class=\"elementor-heading-title elementor-size-default\">\u201cTanr\u0131 nas\u0131l yaratt\u0131ysa \u00f6yle kabul et beni, yabanc\u0131 \u00f6zelliklerle donatma beni!\u201c<\/h2>\t\t\t\t<\/div>\n\t\t\t\t<\/div>\n\t\t\t\t<div class=\"elementor-element elementor-element-6842168 elementor-widget elementor-widget-text-editor\" data-id=\"6842168\" data-element_type=\"widget\" data-widget_type=\"text-editor.default\">\n\t\t\t\t<div class=\"elementor-widget-container\">\n\t\t\t\t\t\t\t\t\t<p>Annette von Droste-H\u00fclshoff i\u00e7in yazmak kat\u0131 rol modellerine kar\u015f\u0131 isyan etme f\u0131rsat\u0131 demekti.<\/p>\n<p>&nbsp;<\/p>\n<p>Anna Elisabeth Franzisca Adolphina Wilhelmina Ludovica Freiin von Droste zu H\u00fclshoff \u2013 19. y\u00fczy\u0131l\u0131n en \u00f6nemli Almanca \u015fairlerinden olan bu \u015fair ve bestecinin tam ad\u0131 buydu. Vestfalya\u2019n\u0131n en eski aristokrat ailelerinden olan Katolik Annette von Droste-H\u00fclshoff, geleneksel cinsiyet rol modellerin erkeklerle kad\u0131nlar\u0131n g\u00fcndelik hayat\u0131n\u0131 belirledi\u011fi bir d\u00f6nemde ya\u015fad\u0131. Bu d\u00f6nem i\u00e7in al\u0131\u015f\u0131lmad\u0131k bir bi\u00e7imde anne babas\u0131n\u0131n evinde, aristokrat s\u0131n\u0131f\u0131ndan k\u0131zlar\u0131n bile genellikle \u00f6\u011frenmelerine izin verilenin \u00f6tesinde kapsaml\u0131 bir e\u011fitim ald\u0131.<\/p>\n<p>&nbsp;<\/p>\n<p>Sanat eserleriyle toplumsal k\u0131s\u0131tlamalar\u0131n \u00fczerine giydirdi\u011fi korseden kurtulmaya \u00e7al\u0131\u015ft\u0131. \u00d6zellikle k\u0131r \u015fiirleri ve tamamlanan tek novelas\u0131 \u201cYahudi Kay\u0131n\u0131\u201d (1842) i\u00e7indeki \u201cVestfalya Tasvirleri\u201d ile tan\u0131nd\u0131. Annette von Droste-H\u00fclshoff, uzun bir hastal\u0131ktan sonra 51 ya\u015f\u0131nda hayat\u0131n\u0131 kaybetti. Ancak 100 y\u0131l sonra da tan\u0131n\u0131p okunma dile\u011fi ger\u00e7ek oldu.<\/p>\n\t\t\t\t\t\t\t\t<\/div>\n\t\t\t\t<\/div>\n\t\t\t\t<div class=\"elementor-element elementor-element-10ccd77 elementor-widget elementor-widget-text-editor\" data-id=\"10ccd77\" data-element_type=\"widget\" data-widget_type=\"text-editor.default\">\n\t\t\t\t<div class=\"elementor-widget-container\">\n\t\t\t\t\t\t\t\t\t<p>*Droste-H\u00fclshoff, A. von, An einen Freund \/Bir arkada\u015fa), \u015furada: Winfried W\u00f6rsler (Yay.) Annette von Droste-H\u00fclshoff. Historisch-kritische Ausgabe, Cilt II,1, 1994.<\/p>\n\t\t\t\t\t\t\t\t<\/div>\n\t\t\t\t<\/div>\n\t\t\t\t\t<\/div>\n\t\t<\/div>\n\t\t\t\t<div class=\"elementor-column elementor-col-33 elementor-top-column elementor-element elementor-element-80a0714\" data-id=\"80a0714\" data-element_type=\"column\">\n\t\t\t<div class=\"elementor-widget-wrap elementor-element-populated\">\n\t\t\t\t\t\t<div class=\"elementor-element elementor-element-bb1686b elementor-widget elementor-widget-image\" data-id=\"bb1686b\" data-element_type=\"widget\" data-widget_type=\"image.default\">\n\t\t\t\t<div class=\"elementor-widget-container\">\n\t\t\t\t\t\t\t\t\t\t\t\t<figure class=\"wp-caption\">\n\t\t\t\t\t\t\t\t\t\t<img fetchpriority=\"high\" decoding=\"async\" width=\"770\" height=\"952\" src=\"https:\/\/www.toleranzraeume.org\/wp-content\/uploads\/2023\/01\/Annette-von-Droste-Huelshoff.jpg\" class=\"attachment-large size-large wp-image-16166\" alt=\"\" srcset=\"https:\/\/www.toleranzraeume.org\/wp-content\/uploads\/2023\/01\/Annette-von-Droste-Huelshoff.jpg 770w, https:\/\/www.toleranzraeume.org\/wp-content\/uploads\/2023\/01\/Annette-von-Droste-Huelshoff-243x300.jpg 243w, https:\/\/www.toleranzraeume.org\/wp-content\/uploads\/2023\/01\/Annette-von-Droste-Huelshoff-768x950.jpg 768w\" sizes=\"(max-width: 770px) 100vw, 770px\" \/>\t\t\t\t\t\t\t\t\t\t\t<figcaption class=\"widget-image-caption wp-caption-text\">Credits: Johann Sprick, Public domain, via Wikimedia Commons <\/figcaption>\n\t\t\t\t\t\t\t\t\t\t<\/figure>\n\t\t\t\t\t\t\t\t\t<\/div>\n\t\t\t\t<\/div>\n\t\t\t\t\t<\/div>\n\t\t<\/div>\n\t\t\t\t\t<\/div>\n\t\t<\/section>\n\t\t\t\t<\/div>\n\t\t","protected":false},"excerpt":{"rendered":"<p>Annette von Droste H\u00fclshoff (do\u011fum: 1797, Burg H\u00fclshoff \/ M\u00fcnster \u2013 \u00f6l\u00fcm: 1848, Meersburg) \u201cTanr\u0131 nas\u0131l yaratt\u0131ysa \u00f6yle kabul et beni, yabanc\u0131 \u00f6zelliklerle donatma beni!\u201c Annette von Droste-H\u00fclshoff i\u00e7in yazmak kat\u0131 rol modellerine kar\u015f\u0131 isyan etme f\u0131rsat\u0131 demekti. &nbsp; Anna Elisabeth Franzisca Adolphina Wilhelmina Ludovica Freiin von Droste zu H\u00fclshoff \u2013 19. y\u00fczy\u0131l\u0131n en \u00f6nemli [&hellip;]<\/p>\n","protected":false},"author":28,"featured_media":0,"parent":0,"menu_order":0,"comment_status":"closed","ping_status":"closed","template":"","meta":{"site-sidebar-layout":"no-sidebar","site-content-layout":"page-builder","ast-site-content-layout":"default","site-content-style":"default","site-sidebar-style":"default","ast-global-header-display":"","ast-banner-title-visibility":"","ast-main-header-display":"","ast-hfb-above-header-display":"","ast-hfb-below-header-display":"","ast-hfb-mobile-header-display":"","site-post-title":"disabled","ast-breadcrumbs-content":"","ast-featured-img":"disabled","footer-sml-layout":"","theme-transparent-header-meta":"","adv-header-id-meta":"","stick-header-meta":"","header-above-stick-meta":"","header-main-stick-meta":"","header-below-stick-meta":"","astra-migrate-meta-layouts":"default","ast-page-background-enabled":"default","ast-page-background-meta":{"desktop":{"background-color":"","background-image":"","background-repeat":"repeat","background-position":"center center","background-size":"auto","background-attachment":"scroll","background-type":"","background-media":"","overlay-type":"","overlay-color":"","overlay-opacity":"","overlay-gradient":""},"tablet":{"background-color":"","background-image":"","background-repeat":"repeat","background-position":"center center","background-size":"auto","background-attachment":"scroll","background-type":"","background-media":"","overlay-type":"","overlay-color":"","overlay-opacity":"","overlay-gradient":""},"mobile":{"background-color":"","background-image":"","background-repeat":"repeat","background-position":"center center","background-size":"auto","background-attachment":"scroll","background-type":"","background-media":"","overlay-type":"","overlay-color":"","overlay-opacity":"","overlay-gradient":""}},"ast-content-background-meta":{"desktop":{"background-color":"var(--ast-global-color-5)","background-image":"","background-repeat":"repeat","background-position":"center center","background-size":"auto","background-attachment":"scroll","background-type":"","background-media":"","overlay-type":"","overlay-color":"","overlay-opacity":"","overlay-gradient":""},"tablet":{"background-color":"var(--ast-global-color-5)","background-image":"","background-repeat":"repeat","background-position":"center center","background-size":"auto","background-attachment":"scroll","background-type":"","background-media":"","overlay-type":"","overlay-color":"","overlay-opacity":"","overlay-gradient":""},"mobile":{"background-color":"var(--ast-global-color-5)","background-image":"","background-repeat":"repeat","background-position":"center center","background-size":"auto","background-attachment":"scroll","background-type":"","background-media":"","overlay-type":"","overlay-color":"","overlay-opacity":"","overlay-gradient":""}},"footnotes":""},"class_list":["post-21622","page","type-page","status-publish","hentry"],"_links":{"self":[{"href":"https:\/\/www.toleranzraeume.org\/tr\/wp-json\/wp\/v2\/pages\/21622","targetHints":{"allow":["GET"]}}],"collection":[{"href":"https:\/\/www.toleranzraeume.org\/tr\/wp-json\/wp\/v2\/pages"}],"about":[{"href":"https:\/\/www.toleranzraeume.org\/tr\/wp-json\/wp\/v2\/types\/page"}],"author":[{"embeddable":true,"href":"https:\/\/www.toleranzraeume.org\/tr\/wp-json\/wp\/v2\/users\/28"}],"replies":[{"embeddable":true,"href":"https:\/\/www.toleranzraeume.org\/tr\/wp-json\/wp\/v2\/comments?post=21622"}],"version-history":[{"count":1,"href":"https:\/\/www.toleranzraeume.org\/tr\/wp-json\/wp\/v2\/pages\/21622\/revisions"}],"predecessor-version":[{"id":21623,"href":"https:\/\/www.toleranzraeume.org\/tr\/wp-json\/wp\/v2\/pages\/21622\/revisions\/21623"}],"wp:attachment":[{"href":"https:\/\/www.toleranzraeume.org\/tr\/wp-json\/wp\/v2\/media?parent=21622"}],"curies":[{"name":"wp","href":"https:\/\/api.w.org\/{rel}","templated":true}]}}