{"id":21638,"date":"2023-03-22T10:16:09","date_gmt":"2023-03-22T09:16:09","guid":{"rendered":"https:\/\/www.toleranzraeume.org\/rosa-luxemburg\/"},"modified":"2024-05-15T12:50:43","modified_gmt":"2024-05-15T10:50:43","slug":"rosa-luxemburg","status":"publish","type":"page","link":"https:\/\/www.toleranzraeume.org\/tr\/rosa-luxemburg\/","title":{"rendered":"Rosa Luxemburg"},"content":{"rendered":"\t\t<div data-elementor-type=\"wp-page\" data-elementor-id=\"21638\" class=\"elementor elementor-21638 elementor-8298\" data-elementor-post-type=\"page\">\n\t\t\t\t\t\t<section class=\"elementor-section elementor-top-section elementor-element elementor-element-6bd5a51e elementor-section-boxed elementor-section-height-default elementor-section-height-default\" data-id=\"6bd5a51e\" data-element_type=\"section\" data-settings=\"{&quot;background_background&quot;:&quot;classic&quot;}\">\n\t\t\t\t\t\t<div class=\"elementor-container elementor-column-gap-default\">\n\t\t\t\t\t<div class=\"elementor-column elementor-col-100 elementor-top-column elementor-element elementor-element-33225e1c\" data-id=\"33225e1c\" data-element_type=\"column\">\n\t\t\t<div class=\"elementor-widget-wrap elementor-element-populated\">\n\t\t\t\t\t\t<div class=\"elementor-element elementor-element-5e04b643 elementor-widget elementor-widget-heading\" data-id=\"5e04b643\" data-element_type=\"widget\" data-widget_type=\"heading.default\">\n\t\t\t\t<div class=\"elementor-widget-container\">\n\t\t\t\t\t<h1 class=\"elementor-heading-title elementor-size-default\">Rosa Luxemburg<\/h1>\t\t\t\t<\/div>\n\t\t\t\t<\/div>\n\t\t\t\t<div class=\"elementor-element elementor-element-5e422f25 elementor-widget elementor-widget-heading\" data-id=\"5e422f25\" data-element_type=\"widget\" data-widget_type=\"heading.default\">\n\t\t\t\t<div class=\"elementor-widget-container\">\n\t\t\t\t\t<h2 class=\"elementor-heading-title elementor-size-default\">(do\u011fum: 1871, Rozalia Luxenburg olarak, Zamo\u015b\u0107, Kongre Polonyas\u0131, Rus Polonyas\u0131\/Rus Krall\u0131\u011f\u0131 \u2013 katli: 1919, Berlin)<\/h2>\t\t\t\t<\/div>\n\t\t\t\t<\/div>\n\t\t\t\t\t<\/div>\n\t\t<\/div>\n\t\t\t\t\t<\/div>\n\t\t<\/section>\n\t\t\t\t<section class=\"elementor-section elementor-top-section elementor-element elementor-element-1295c070 elementor-reverse-mobile elementor-section-boxed elementor-section-height-default elementor-section-height-default\" data-id=\"1295c070\" data-element_type=\"section\">\n\t\t\t\t\t\t<div class=\"elementor-container elementor-column-gap-default\">\n\t\t\t\t\t<div class=\"elementor-column elementor-col-66 elementor-top-column elementor-element elementor-element-22fbc350\" data-id=\"22fbc350\" data-element_type=\"column\">\n\t\t\t<div class=\"elementor-widget-wrap elementor-element-populated\">\n\t\t\t\t\t\t<div class=\"elementor-element elementor-element-16fdf255 elementor-widget elementor-widget-heading\" data-id=\"16fdf255\" data-element_type=\"widget\" data-widget_type=\"heading.default\">\n\t\t\t\t<div class=\"elementor-widget-container\">\n\t\t\t\t\t<h2 class=\"elementor-heading-title elementor-size-default\">\u201c\u00d6zg\u00fcrl\u00fck her zaman farkl\u0131 d\u00fc\u015f\u00fcnenlerin \u00f6zg\u00fcrl\u00fc\u011f\u00fcd\u00fcr.\u201d<\/h2>\t\t\t\t<\/div>\n\t\t\t\t<\/div>\n\t\t\t\t<div class=\"elementor-element elementor-element-71595359 elementor-widget elementor-widget-text-editor\" data-id=\"71595359\" data-element_type=\"widget\" data-widget_type=\"text-editor.default\">\n\t\t\t\t<div class=\"elementor-widget-container\">\n\t\t\t\t\t\t\t\t\t<p>Rosa Luxemburg, nerede bulutlar, ku\u015flar ve insan g\u00f6zya\u015flar\u0131 varsa orada evinde hissederdi kendini.<\/p>\n<p>&nbsp;<\/p>\n<p>1920\u2019li y\u0131llar\u0131n ba\u015f\u0131nda Polonyal\u0131 Yahudi Rosa Luxemburg, Avrupa i\u015f\u00e7i hareketinin en \u00f6nemli temsilcilerinden biri haline gelerek a\u015f\u0131r\u0131 sa\u011f\u0131n da nefret nesnesine d\u00f6n\u00fc\u015ft\u00fc. Bug\u00fcne kadar d\u00fcnyan\u0131n d\u00f6rt bir yan\u0131nda sol gruplar\u0131n ikonu, demokratik sosyalizmin de \u201crol modelidir\u201d. Luxemburg, proletaryay\u0131 ve ezilen t\u00fcm az\u0131nl\u0131klar\u0131, bir s\u00f6m\u00fcr\u00fc toplum d\u00fczeni olan kapitalizmin pen\u00e7esinden kurtarmak istiyordu. \u00d6zg\u00fcrl\u00fc\u011f\u00fcn, salt reformlarla de\u011fil sistemin k\u00f6kten bir \u015fekilde devrilmesiyle elde edilebilece\u011fine inan\u0131yordu. B\u00f6ylece, gen\u00e7li\u011fine damga vuran sosyal demokrasiyle ba\u011flar\u0131n\u0131 kopard\u0131.<\/p>\n<p>&nbsp;<\/p>\n<p>Devrimci tav\u0131rlar\u0131na ve sokaktaki radikal angajman\u0131na ra\u011fmen Luxemburg asla dogmatik davranmad\u0131. Dinamik d\u00fc\u015f\u00fcnmeye devam ederken Marksizm ad\u0131na izlenen kat\u0131 ideolojileri ve siyaseten girilen yanl\u0131\u015f yollar\u0131 da ele\u015ftirdi.<\/p>\n<p>15 Ocak 1919 tarihinde, Almanya Kom\u00fcnist Partisini birlikte kurduktan k\u0131sa bir s\u00fcre sonra yolda\u015f\u0131 Karl Liebknecht ile birlikte Rosa Luxemburg Berlin\u2019de Freikorps \u00fcyelerince katledildi.<\/p>\n\t\t\t\t\t\t\t\t<\/div>\n\t\t\t\t<\/div>\n\t\t\t\t<div class=\"elementor-element elementor-element-1472fa61 elementor-widget elementor-widget-text-editor\" data-id=\"1472fa61\" data-element_type=\"widget\" data-widget_type=\"text-editor.default\">\n\t\t\t\t<div class=\"elementor-widget-container\">\n\t\t\t\t\t\t\t\t\t<p>Rosa Luxemburg: Zur russischen Revolution (Rus Devrimi hakk\u0131nda), \u015funun i\u00e7inde: Gesammelte Werke (Toplu Eserleri), Cilt 4, Berlin 1970.<\/p>\n\t\t\t\t\t\t\t\t<\/div>\n\t\t\t\t<\/div>\n\t\t\t\t\t<\/div>\n\t\t<\/div>\n\t\t\t\t<div class=\"elementor-column elementor-col-33 elementor-top-column elementor-element elementor-element-1f423ab7\" data-id=\"1f423ab7\" data-element_type=\"column\">\n\t\t\t<div class=\"elementor-widget-wrap elementor-element-populated\">\n\t\t\t\t\t\t<div class=\"elementor-element elementor-element-26361ab1 elementor-widget elementor-widget-image\" data-id=\"26361ab1\" data-element_type=\"widget\" data-widget_type=\"image.default\">\n\t\t\t\t<div class=\"elementor-widget-container\">\n\t\t\t\t\t\t\t\t\t\t\t\t<figure class=\"wp-caption\">\n\t\t\t\t\t\t\t\t\t\t<img fetchpriority=\"high\" decoding=\"async\" width=\"500\" height=\"755\" src=\"https:\/\/www.toleranzraeume.org\/wp-content\/uploads\/2023\/03\/Rosa-Luxemburg.jpg\" class=\"attachment-large size-large wp-image-16193\" alt=\"\" srcset=\"https:\/\/www.toleranzraeume.org\/wp-content\/uploads\/2023\/03\/Rosa-Luxemburg.jpg 500w, https:\/\/www.toleranzraeume.org\/wp-content\/uploads\/2023\/03\/Rosa-Luxemburg-199x300.jpg 199w\" sizes=\"(max-width: 500px) 100vw, 500px\" \/>\t\t\t\t\t\t\t\t\t\t\t<figcaption class=\"widget-image-caption wp-caption-text\">Credits: Autor\/-in unbekannt, Public domain, via Wikimedia Commons<\/figcaption>\n\t\t\t\t\t\t\t\t\t\t<\/figure>\n\t\t\t\t\t\t\t\t\t<\/div>\n\t\t\t\t<\/div>\n\t\t\t\t\t<\/div>\n\t\t<\/div>\n\t\t\t\t\t<\/div>\n\t\t<\/section>\n\t\t\t\t<\/div>\n\t\t","protected":false},"excerpt":{"rendered":"<p>Rosa Luxemburg (do\u011fum: 1871, Rozalia Luxenburg olarak, Zamo\u015b\u0107, Kongre Polonyas\u0131, Rus Polonyas\u0131\/Rus Krall\u0131\u011f\u0131 \u2013 katli: 1919, Berlin) \u201c\u00d6zg\u00fcrl\u00fck her zaman farkl\u0131 d\u00fc\u015f\u00fcnenlerin \u00f6zg\u00fcrl\u00fc\u011f\u00fcd\u00fcr.\u201d Rosa Luxemburg, nerede bulutlar, ku\u015flar ve insan g\u00f6zya\u015flar\u0131 varsa orada evinde hissederdi kendini. &nbsp; 1920\u2019li y\u0131llar\u0131n ba\u015f\u0131nda Polonyal\u0131 Yahudi Rosa Luxemburg, Avrupa i\u015f\u00e7i hareketinin en \u00f6nemli temsilcilerinden biri haline gelerek a\u015f\u0131r\u0131 sa\u011f\u0131n [&hellip;]<\/p>\n","protected":false},"author":28,"featured_media":0,"parent":0,"menu_order":0,"comment_status":"closed","ping_status":"closed","template":"","meta":{"site-sidebar-layout":"no-sidebar","site-content-layout":"page-builder","ast-site-content-layout":"default","site-content-style":"default","site-sidebar-style":"default","ast-global-header-display":"","ast-banner-title-visibility":"","ast-main-header-display":"","ast-hfb-above-header-display":"","ast-hfb-below-header-display":"","ast-hfb-mobile-header-display":"","site-post-title":"disabled","ast-breadcrumbs-content":"","ast-featured-img":"disabled","footer-sml-layout":"","theme-transparent-header-meta":"","adv-header-id-meta":"","stick-header-meta":"","header-above-stick-meta":"","header-main-stick-meta":"","header-below-stick-meta":"","astra-migrate-meta-layouts":"default","ast-page-background-enabled":"default","ast-page-background-meta":{"desktop":{"background-color":"","background-image":"","background-repeat":"repeat","background-position":"center center","background-size":"auto","background-attachment":"scroll","background-type":"","background-media":"","overlay-type":"","overlay-color":"","overlay-opacity":"","overlay-gradient":""},"tablet":{"background-color":"","background-image":"","background-repeat":"repeat","background-position":"center center","background-size":"auto","background-attachment":"scroll","background-type":"","background-media":"","overlay-type":"","overlay-color":"","overlay-opacity":"","overlay-gradient":""},"mobile":{"background-color":"","background-image":"","background-repeat":"repeat","background-position":"center center","background-size":"auto","background-attachment":"scroll","background-type":"","background-media":"","overlay-type":"","overlay-color":"","overlay-opacity":"","overlay-gradient":""}},"ast-content-background-meta":{"desktop":{"background-color":"var(--ast-global-color-5)","background-image":"","background-repeat":"repeat","background-position":"center center","background-size":"auto","background-attachment":"scroll","background-type":"","background-media":"","overlay-type":"","overlay-color":"","overlay-opacity":"","overlay-gradient":""},"tablet":{"background-color":"var(--ast-global-color-5)","background-image":"","background-repeat":"repeat","background-position":"center center","background-size":"auto","background-attachment":"scroll","background-type":"","background-media":"","overlay-type":"","overlay-color":"","overlay-opacity":"","overlay-gradient":""},"mobile":{"background-color":"var(--ast-global-color-5)","background-image":"","background-repeat":"repeat","background-position":"center center","background-size":"auto","background-attachment":"scroll","background-type":"","background-media":"","overlay-type":"","overlay-color":"","overlay-opacity":"","overlay-gradient":""}},"footnotes":""},"class_list":["post-21638","page","type-page","status-publish","hentry"],"_links":{"self":[{"href":"https:\/\/www.toleranzraeume.org\/tr\/wp-json\/wp\/v2\/pages\/21638","targetHints":{"allow":["GET"]}}],"collection":[{"href":"https:\/\/www.toleranzraeume.org\/tr\/wp-json\/wp\/v2\/pages"}],"about":[{"href":"https:\/\/www.toleranzraeume.org\/tr\/wp-json\/wp\/v2\/types\/page"}],"author":[{"embeddable":true,"href":"https:\/\/www.toleranzraeume.org\/tr\/wp-json\/wp\/v2\/users\/28"}],"replies":[{"embeddable":true,"href":"https:\/\/www.toleranzraeume.org\/tr\/wp-json\/wp\/v2\/comments?post=21638"}],"version-history":[{"count":1,"href":"https:\/\/www.toleranzraeume.org\/tr\/wp-json\/wp\/v2\/pages\/21638\/revisions"}],"predecessor-version":[{"id":21639,"href":"https:\/\/www.toleranzraeume.org\/tr\/wp-json\/wp\/v2\/pages\/21638\/revisions\/21639"}],"wp:attachment":[{"href":"https:\/\/www.toleranzraeume.org\/tr\/wp-json\/wp\/v2\/media?parent=21638"}],"curies":[{"name":"wp","href":"https:\/\/api.w.org\/{rel}","templated":true}]}}