{"id":21642,"date":"2022-12-21T16:06:05","date_gmt":"2022-12-21T15:06:05","guid":{"rendered":"https:\/\/www.toleranzraeume.org\/martin-dibobe\/"},"modified":"2024-05-15T12:52:56","modified_gmt":"2024-05-15T10:52:56","slug":"martin-dibobe","status":"publish","type":"page","link":"https:\/\/www.toleranzraeume.org\/tr\/martin-dibobe\/","title":{"rendered":"Martin Dibobe"},"content":{"rendered":"\t\t<div data-elementor-type=\"wp-page\" data-elementor-id=\"21642\" class=\"elementor elementor-21642 elementor-5833\" data-elementor-post-type=\"page\">\n\t\t\t\t\t\t<section class=\"elementor-section elementor-top-section elementor-element elementor-element-74525a64 elementor-section-boxed elementor-section-height-default elementor-section-height-default\" data-id=\"74525a64\" data-element_type=\"section\" data-settings=\"{&quot;background_background&quot;:&quot;classic&quot;}\">\n\t\t\t\t\t\t<div class=\"elementor-container elementor-column-gap-default\">\n\t\t\t\t\t<div class=\"elementor-column elementor-col-100 elementor-top-column elementor-element elementor-element-50506591\" data-id=\"50506591\" data-element_type=\"column\">\n\t\t\t<div class=\"elementor-widget-wrap elementor-element-populated\">\n\t\t\t\t\t\t<div class=\"elementor-element elementor-element-ea8a8d4 elementor-widget elementor-widget-heading\" data-id=\"ea8a8d4\" data-element_type=\"widget\" data-widget_type=\"heading.default\">\n\t\t\t\t<div class=\"elementor-widget-container\">\n\t\t\t\t\t<h1 class=\"elementor-heading-title elementor-size-default\">Martin Dibobe<\/h1>\t\t\t\t<\/div>\n\t\t\t\t<\/div>\n\t\t\t\t<div class=\"elementor-element elementor-element-784447bb elementor-widget elementor-widget-heading\" data-id=\"784447bb\" data-element_type=\"widget\" data-widget_type=\"heading.default\">\n\t\t\t\t<div class=\"elementor-widget-container\">\n\t\t\t\t\t<h2 class=\"elementor-heading-title elementor-size-default\">(do\u011fum: 1876, Bonapriso, Kamerun \u2013 \u00f6l\u00fcm: yakl. 1922, herhalde Liberiya)<\/h2>\t\t\t\t<\/div>\n\t\t\t\t<\/div>\n\t\t\t\t\t<\/div>\n\t\t<\/div>\n\t\t\t\t\t<\/div>\n\t\t<\/section>\n\t\t\t\t<section class=\"elementor-section elementor-top-section elementor-element elementor-element-6209e1b7 elementor-reverse-mobile elementor-section-boxed elementor-section-height-default elementor-section-height-default\" data-id=\"6209e1b7\" data-element_type=\"section\">\n\t\t\t\t\t\t<div class=\"elementor-container elementor-column-gap-default\">\n\t\t\t\t\t<div class=\"elementor-column elementor-col-66 elementor-top-column elementor-element elementor-element-2326534d\" data-id=\"2326534d\" data-element_type=\"column\">\n\t\t\t<div class=\"elementor-widget-wrap elementor-element-populated\">\n\t\t\t\t\t\t<div class=\"elementor-element elementor-element-3f985a49 elementor-widget elementor-widget-heading\" data-id=\"3f985a49\" data-element_type=\"widget\" data-widget_type=\"heading.default\">\n\t\t\t\t<div class=\"elementor-widget-container\">\n\t\t\t\t\t<h2 class=\"elementor-heading-title elementor-size-default\">\u201cYerliler, Almanya'da yeni sosyal cumhuriyette \u015fu anda kabul edildi\u011fi gibi ba\u011f\u0131ms\u0131zl\u0131k ve e\u015fitlik talep ediyorlar.\u201d <\/h2>\t\t\t\t<\/div>\n\t\t\t\t<\/div>\n\t\t\t\t<div class=\"elementor-element elementor-element-2da3cf4e elementor-widget elementor-widget-text-editor\" data-id=\"2da3cf4e\" data-element_type=\"widget\" data-widget_type=\"text-editor.default\">\n\t\t\t\t<div class=\"elementor-widget-container\">\n\t\t\t\t\t\t\t\t\t<p>Martin Dibobe, Alman \u0130mparatorluk D\u00f6nemi ve Weimar Cumhuriyeti\u2019nde ya\u015fayan bir Afrikal\u0131 olarak siyahi insanlar\u0131n e\u015fit haklar\u0131 i\u00e7in m\u00fccadele etti.<\/p>\n<p>&nbsp;<\/p>\n<p>Martin Dibobe, 1919 y\u0131l\u0131na kadar Alman kolonisi olan Kamerun\u2019daki bir mahallede Quane a Dibobe ad\u0131yla b\u00fcy\u00fcd\u00fc. 1896 Berlin S\u00f6m\u00fcrge Sergisi \u00e7er\u00e7evesinde Alman imparatorluk ba\u015fkentine getirilip \u201cbeyaz\u201d halka \u201cegzotik bir atraksiyon\u201d olarak sergilendi. Sergiden sonra imparatorlukta kald\u0131, \u00e7ilingir olarak \u00e7al\u0131\u015ft\u0131 ve Berlin metrosunda Afrika k\u00f6kenli ilk tren \u015fefi olarak i\u015fe al\u0131nd\u0131. \u00dcnl\u00fc bir foto\u011fraf\u0131 Martin Dibobe\u2019yi tren \u015fefi \u00fcniformas\u0131yla g\u00f6sterir. 1902\u2019de zorlu engeller a\u015farak \u0131rk\u00e7\u0131l\u0131kla bo\u011fu\u015farak bir Alman kad\u0131nla evlendi.<\/p>\n<p>&nbsp;<\/p>\n<p>Birinci D\u00fcnya Sava\u015f\u0131\u2019ndan sonra Almanya, kolonilerini Bat\u0131l\u0131 galip g\u00fc\u00e7lere devretmek zorunda kalsa da s\u00f6m\u00fcrgecili\u011fin yaratt\u0131\u011f\u0131 \u0131rk\u00e7\u0131l\u0131k Alman toplumunda varl\u0131\u011f\u0131n\u0131 s\u00fcrd\u00fc. Weimar Cumhuriyeti d\u00f6neminde Dibobe, 17 aktivistle birlikte Weimar parlamentosuna \u201cAlmanya\u2019daki Afrikal\u0131lar\u0131n 32 Talebini\u201d sundu. Burada sadece eski Alman kolonilerin ba\u011f\u0131ms\u0131zl\u0131\u011f\u0131n\u0131 istemekle kalmay\u0131p Almanya\u2019da ya\u015fayan siyahiler ad\u0131na gerek kanunlar kar\u015f\u0131s\u0131nda e\u015fitlik gerek siyasi temsil talep ettiler. Dibobe\u2019nin dilek\u00e7esi, Almanya&#8217;da uzun s\u00fcredir varl\u0131\u011f\u0131n\u0131 s\u00fcrd\u00fcren s\u00f6m\u00fcrge kar\u015f\u0131t\u0131 bir aktivizmin heyecan verici bir manifestosudur.<\/p>\n<p>&nbsp;<\/p>\n<p>Sonunda Martin Dibobe, y\u0131llar \u00f6nce ka\u00e7\u0131r\u0131ld\u0131\u011f\u0131 Afrika\u2019ya d\u00f6nd\u00fc. Hayat\u0131n\u0131n son y\u0131llar\u0131 hakk\u0131nda \u00e7ok az \u015fey biliniyor.<\/p>\n\t\t\t\t\t\t\t\t<\/div>\n\t\t\t\t<\/div>\n\t\t\t\t<div class=\"elementor-element elementor-element-7b142a82 elementor-widget elementor-widget-text-editor\" data-id=\"7b142a82\" data-element_type=\"widget\" data-widget_type=\"text-editor.default\">\n\t\t\t\t<div class=\"elementor-widget-container\">\n\t\t\t\t\t\t\t\t\t<p>Duckstein, S., Wie Douala Manga Bell den Glauben an die deutsche Kolonialmacht verlor, \u015funun i\u00e7inde: Deutsche Welle, 29.11.2014, <a href=\"https:\/\/p.dw.com\/p\/1DvVs\" rel=\"nofollow noopener\" target=\"_blank\">https:\/\/p.dw.com\/p\/1DvVs<\/a> (17.11.2022).<\/p>\n\t\t\t\t\t\t\t\t<\/div>\n\t\t\t\t<\/div>\n\t\t\t\t\t<\/div>\n\t\t<\/div>\n\t\t\t\t<div class=\"elementor-column elementor-col-33 elementor-top-column elementor-element elementor-element-57fe9a2\" data-id=\"57fe9a2\" data-element_type=\"column\">\n\t\t\t<div class=\"elementor-widget-wrap elementor-element-populated\">\n\t\t\t\t\t\t<div class=\"elementor-element elementor-element-6975dcf1 elementor-widget elementor-widget-image\" data-id=\"6975dcf1\" data-element_type=\"widget\" data-widget_type=\"image.default\">\n\t\t\t\t<div class=\"elementor-widget-container\">\n\t\t\t\t\t\t\t\t\t\t\t\t<figure class=\"wp-caption\">\n\t\t\t\t\t\t\t\t\t\t<img fetchpriority=\"high\" decoding=\"async\" width=\"512\" height=\"704\" src=\"https:\/\/www.toleranzraeume.org\/wp-content\/uploads\/2023\/01\/Martin-Dibobe.jpg\" class=\"attachment-large size-large wp-image-16168\" alt=\"\" srcset=\"https:\/\/www.toleranzraeume.org\/wp-content\/uploads\/2023\/01\/Martin-Dibobe.jpg 512w, https:\/\/www.toleranzraeume.org\/wp-content\/uploads\/2023\/01\/Martin-Dibobe-218x300.jpg 218w\" sizes=\"(max-width: 512px) 100vw, 512px\" \/>\t\t\t\t\t\t\t\t\t\t\t<figcaption class=\"widget-image-caption wp-caption-text\">Credits: Quelle BVG-Archiv <\/figcaption>\n\t\t\t\t\t\t\t\t\t\t<\/figure>\n\t\t\t\t\t\t\t\t\t<\/div>\n\t\t\t\t<\/div>\n\t\t\t\t\t<\/div>\n\t\t<\/div>\n\t\t\t\t\t<\/div>\n\t\t<\/section>\n\t\t\t\t<\/div>\n\t\t","protected":false},"excerpt":{"rendered":"<p>Martin Dibobe (do\u011fum: 1876, Bonapriso, Kamerun \u2013 \u00f6l\u00fcm: yakl. 1922, herhalde Liberiya) \u201cYerliler, Almanya&#8217;da yeni sosyal cumhuriyette \u015fu anda kabul edildi\u011fi gibi ba\u011f\u0131ms\u0131zl\u0131k ve e\u015fitlik talep ediyorlar.\u201d Martin Dibobe, Alman \u0130mparatorluk D\u00f6nemi ve Weimar Cumhuriyeti\u2019nde ya\u015fayan bir Afrikal\u0131 olarak siyahi insanlar\u0131n e\u015fit haklar\u0131 i\u00e7in m\u00fccadele etti. &nbsp; Martin Dibobe, 1919 y\u0131l\u0131na kadar Alman kolonisi olan [&hellip;]<\/p>\n","protected":false},"author":28,"featured_media":0,"parent":0,"menu_order":0,"comment_status":"closed","ping_status":"closed","template":"","meta":{"site-sidebar-layout":"no-sidebar","site-content-layout":"page-builder","ast-site-content-layout":"default","site-content-style":"default","site-sidebar-style":"default","ast-global-header-display":"","ast-banner-title-visibility":"","ast-main-header-display":"","ast-hfb-above-header-display":"","ast-hfb-below-header-display":"","ast-hfb-mobile-header-display":"","site-post-title":"disabled","ast-breadcrumbs-content":"","ast-featured-img":"disabled","footer-sml-layout":"","theme-transparent-header-meta":"","adv-header-id-meta":"","stick-header-meta":"","header-above-stick-meta":"","header-main-stick-meta":"","header-below-stick-meta":"","astra-migrate-meta-layouts":"default","ast-page-background-enabled":"default","ast-page-background-meta":{"desktop":{"background-color":"","background-image":"","background-repeat":"repeat","background-position":"center center","background-size":"auto","background-attachment":"scroll","background-type":"","background-media":"","overlay-type":"","overlay-color":"","overlay-opacity":"","overlay-gradient":""},"tablet":{"background-color":"","background-image":"","background-repeat":"repeat","background-position":"center center","background-size":"auto","background-attachment":"scroll","background-type":"","background-media":"","overlay-type":"","overlay-color":"","overlay-opacity":"","overlay-gradient":""},"mobile":{"background-color":"","background-image":"","background-repeat":"repeat","background-position":"center center","background-size":"auto","background-attachment":"scroll","background-type":"","background-media":"","overlay-type":"","overlay-color":"","overlay-opacity":"","overlay-gradient":""}},"ast-content-background-meta":{"desktop":{"background-color":"var(--ast-global-color-5)","background-image":"","background-repeat":"repeat","background-position":"center center","background-size":"auto","background-attachment":"scroll","background-type":"","background-media":"","overlay-type":"","overlay-color":"","overlay-opacity":"","overlay-gradient":""},"tablet":{"background-color":"var(--ast-global-color-5)","background-image":"","background-repeat":"repeat","background-position":"center center","background-size":"auto","background-attachment":"scroll","background-type":"","background-media":"","overlay-type":"","overlay-color":"","overlay-opacity":"","overlay-gradient":""},"mobile":{"background-color":"var(--ast-global-color-5)","background-image":"","background-repeat":"repeat","background-position":"center center","background-size":"auto","background-attachment":"scroll","background-type":"","background-media":"","overlay-type":"","overlay-color":"","overlay-opacity":"","overlay-gradient":""}},"footnotes":""},"class_list":["post-21642","page","type-page","status-publish","hentry"],"_links":{"self":[{"href":"https:\/\/www.toleranzraeume.org\/tr\/wp-json\/wp\/v2\/pages\/21642","targetHints":{"allow":["GET"]}}],"collection":[{"href":"https:\/\/www.toleranzraeume.org\/tr\/wp-json\/wp\/v2\/pages"}],"about":[{"href":"https:\/\/www.toleranzraeume.org\/tr\/wp-json\/wp\/v2\/types\/page"}],"author":[{"embeddable":true,"href":"https:\/\/www.toleranzraeume.org\/tr\/wp-json\/wp\/v2\/users\/28"}],"replies":[{"embeddable":true,"href":"https:\/\/www.toleranzraeume.org\/tr\/wp-json\/wp\/v2\/comments?post=21642"}],"version-history":[{"count":1,"href":"https:\/\/www.toleranzraeume.org\/tr\/wp-json\/wp\/v2\/pages\/21642\/revisions"}],"predecessor-version":[{"id":21643,"href":"https:\/\/www.toleranzraeume.org\/tr\/wp-json\/wp\/v2\/pages\/21642\/revisions\/21643"}],"wp:attachment":[{"href":"https:\/\/www.toleranzraeume.org\/tr\/wp-json\/wp\/v2\/media?parent=21642"}],"curies":[{"name":"wp","href":"https:\/\/api.w.org\/{rel}","templated":true}]}}