{"id":21662,"date":"2022-12-21T16:10:45","date_gmt":"2022-12-21T15:10:45","guid":{"rendered":"https:\/\/www.toleranzraeume.org\/mohamed-helmy\/"},"modified":"2024-05-15T13:28:43","modified_gmt":"2024-05-15T11:28:43","slug":"mohamed-helmy","status":"publish","type":"page","link":"https:\/\/www.toleranzraeume.org\/tr\/mohamed-helmy\/","title":{"rendered":"Mohamed Helmy"},"content":{"rendered":"\t\t<div data-elementor-type=\"wp-page\" data-elementor-id=\"21662\" class=\"elementor elementor-21662 elementor-5839\" data-elementor-post-type=\"page\">\n\t\t\t\t\t\t<section class=\"elementor-section elementor-top-section elementor-element elementor-element-6d79dea7 elementor-section-boxed elementor-section-height-default elementor-section-height-default\" data-id=\"6d79dea7\" data-element_type=\"section\" data-settings=\"{&quot;background_background&quot;:&quot;classic&quot;}\">\n\t\t\t\t\t\t<div class=\"elementor-container elementor-column-gap-default\">\n\t\t\t\t\t<div class=\"elementor-column elementor-col-100 elementor-top-column elementor-element elementor-element-3fd53047\" data-id=\"3fd53047\" data-element_type=\"column\">\n\t\t\t<div class=\"elementor-widget-wrap elementor-element-populated\">\n\t\t\t\t\t\t<div class=\"elementor-element elementor-element-243e3f54 elementor-widget elementor-widget-heading\" data-id=\"243e3f54\" data-element_type=\"widget\" data-widget_type=\"heading.default\">\n\t\t\t\t<div class=\"elementor-widget-container\">\n\t\t\t\t\t<h1 class=\"elementor-heading-title elementor-size-default\">Mohamed Helmy<\/h1>\t\t\t\t<\/div>\n\t\t\t\t<\/div>\n\t\t\t\t<div class=\"elementor-element elementor-element-3895c09e elementor-widget elementor-widget-heading\" data-id=\"3895c09e\" data-element_type=\"widget\" data-widget_type=\"heading.default\">\n\t\t\t\t<div class=\"elementor-widget-container\">\n\t\t\t\t\t<h2 class=\"elementor-heading-title elementor-size-default\">(do\u011fum: 1901, Khartum, o g\u00fcnlerde Britanya M\u0131s\u0131r\u0131 \u2013 \u00f6l\u00fcm: 1982, Berlin)<\/h2>\t\t\t\t<\/div>\n\t\t\t\t<\/div>\n\t\t\t\t\t<\/div>\n\t\t<\/div>\n\t\t\t\t\t<\/div>\n\t\t<\/section>\n\t\t\t\t<section class=\"elementor-section elementor-top-section elementor-element elementor-element-2ff8e092 elementor-reverse-mobile elementor-section-boxed elementor-section-height-default elementor-section-height-default\" data-id=\"2ff8e092\" data-element_type=\"section\">\n\t\t\t\t\t\t<div class=\"elementor-container elementor-column-gap-default\">\n\t\t\t\t\t<div class=\"elementor-column elementor-col-66 elementor-top-column elementor-element elementor-element-39bebb17\" data-id=\"39bebb17\" data-element_type=\"column\">\n\t\t\t<div class=\"elementor-widget-wrap elementor-element-populated\">\n\t\t\t\t\t\t<div class=\"elementor-element elementor-element-726cea62 elementor-widget elementor-widget-heading\" data-id=\"726cea62\" data-element_type=\"widget\" data-widget_type=\"heading.default\">\n\t\t\t\t<div class=\"elementor-widget-container\">\n\t\t\t\t\t<h2 class=\"elementor-heading-title elementor-size-default\">\u201cDr. Helmy sadece annemi kurtarmad\u0131. \u00dc\u00e7 \u00e7ocu\u011fu olan biz ve bizlerin yedi \u00e7ocu\u011fu, hepimiz hayat\u0131m\u0131z\u0131 ona bor\u00e7luyuz\u201c (Clara Greenspan, Anna Boros\u2019un k\u0131z\u0131) <\/h2>\t\t\t\t<\/div>\n\t\t\t\t<\/div>\n\t\t\t\t<div class=\"elementor-element elementor-element-be04cc8 elementor-widget elementor-widget-text-editor\" data-id=\"be04cc8\" data-element_type=\"widget\" data-widget_type=\"text-editor.default\">\n\t\t\t\t<div class=\"elementor-widget-container\">\n\t\t\t\t\t\t\t\t\t<p>Mohamed Helmy Nazi diktat\u00f6rl\u00fc\u011f\u00fcnde hasta insanlara ve Yahudi ailelerine yard\u0131m ederek hayat\u0131n\u0131 tehlikeye att\u0131.<\/p>\n<p>&nbsp;<\/p>\n<p>Mohamed \u201cMod\u201d Helmy, Weimar Cumhuriyeti d\u00f6neminde t\u0131p okumak i\u00e7in Berlin&#8217;e gelen ve Yahudi kad\u0131n ve erkek doktorlarla birlikte Moabit Hastanesinde \u00e7al\u0131\u015fan M\u0131s\u0131rl\u0131 bir doktordu. Naziler iktidara geldikten sonra da Helmy, Yahudi hastalar\u0131na duydu\u011fu sorumluluktan vazge\u00e7meyip onlar\u0131 evinde tedavi etmeyi s\u00fcrd\u00fcrd\u00fc. \u00dcst\u00fcne \u00fcstl\u00fck Almanya&#8217;da \u201cAri olmamakla\u201d ayr\u0131mc\u0131l\u0131\u011fa u\u011frayan bu Kahireli h\u00fcmanist Nazi y\u00f6netimiyle dalga ge\u00e7ti\u011finde i\u015finden kovuldu ve tutukland\u0131. Alman y\u00f6netimi Arap \u00fclkelerini \u0130kinci D\u00fcnya Sava\u015f\u0131&#8217;nda potansiyel m\u00fcttefik olarak g\u00f6rd\u00fc\u011f\u00fc i\u00e7in Helmy, diplomatik m\u00fczakerelerden sonra serbest b\u0131rak\u0131ld\u0131. Kahire\u2019ye d\u00f6nmek yerine Nazilerin zulm\u00fcne u\u011frayan insanlara yard\u0131m etmek \u00fczere Berlin&#8217;de kald\u0131. Hastalar\u0131n\u0131 \u201cVolkssturm\u201da (Alman y\u00f6netimi emriyle kurulan halk kurtulu\u015f ordusu) \u00e7a\u011fr\u0131lmalar\u0131na veya fazlas\u0131yla a\u011f\u0131r \u00e7al\u0131\u015fmaya kar\u015f\u0131 korumak i\u00e7in Almanlara ve s\u00f6z\u00fcm ona \u201cyabanc\u0131 i\u015f\u00e7ilere\u201d hastal\u0131k raporlar\u0131 yazd\u0131.<\/p>\n<p>&nbsp;<\/p>\n<p>1942\u2019de Yahudi Anna Boros\u2019u yan\u0131na al\u0131p onun ye\u011feni oldu\u011funu s\u00f6yledi. Berlin&#8217;de M\u00fcsl\u00fcman hayat\u0131n merkezi olan ve t\u00fcm dinleri kendine \u00e7eken Wilmersdorf Camisinde 1943\u2019te Boros, Anna Boros\u2019u inan\u00e7l\u0131 bir M\u00fcsl\u00fcman olarak g\u00f6steren resmi bir belge ald\u0131. Anna Boros \u015eoah\u2019tan kurtuldu, New York\u2019a g\u00f6\u00e7 edip hem\u015fire oldu. Kurtar\u0131c\u0131s\u0131na, kendi s\u00f6zleriyle, \u201csonsuza kadar minnettard\u0131\u201d. 2013 y\u0131l\u0131nda \u0130srail Holokost An\u0131t Merkezi Yad Vashem, Mohamed Helmy\u2019ye, yakla\u015f\u0131k 70 M\u00fcsl\u00fcman aras\u0131nda tek M\u0131s\u0131rl\u0131 olarak \u201cHalklar aras\u0131nda adaletli\u201d unvan\u0131n\u0131 verdi.<\/p>\n\t\t\t\t\t\t\t\t<\/div>\n\t\t\t\t<\/div>\n\t\t\t\t<div class=\"elementor-element elementor-element-7476be9e elementor-widget elementor-widget-text-editor\" data-id=\"7476be9e\" data-element_type=\"widget\" data-widget_type=\"text-editor.default\">\n\t\t\t\t<div class=\"elementor-widget-container\">\n\t\t\t\t\t\t\t\t\t<p>https:\/\/www.mohamed-und-anna.de\/ (17.11.2022).<\/p>\n\t\t\t\t\t\t\t\t<\/div>\n\t\t\t\t<\/div>\n\t\t\t\t\t<\/div>\n\t\t<\/div>\n\t\t\t\t<div class=\"elementor-column elementor-col-33 elementor-top-column elementor-element elementor-element-4045134e\" data-id=\"4045134e\" data-element_type=\"column\">\n\t\t\t<div class=\"elementor-widget-wrap elementor-element-populated\">\n\t\t\t\t\t\t<div class=\"elementor-element elementor-element-61d10bd5 elementor-widget elementor-widget-image\" data-id=\"61d10bd5\" data-element_type=\"widget\" data-widget_type=\"image.default\">\n\t\t\t\t<div class=\"elementor-widget-container\">\n\t\t\t\t\t\t\t\t\t\t\t\t<figure class=\"wp-caption\">\n\t\t\t\t\t\t\t\t\t\t<img fetchpriority=\"high\" decoding=\"async\" width=\"482\" height=\"583\" src=\"https:\/\/www.toleranzraeume.org\/wp-content\/uploads\/2023\/01\/Mohamed-Helmy.jpg\" class=\"attachment-large size-large wp-image-16169\" alt=\"\" srcset=\"https:\/\/www.toleranzraeume.org\/wp-content\/uploads\/2023\/01\/Mohamed-Helmy.jpg 482w, https:\/\/www.toleranzraeume.org\/wp-content\/uploads\/2023\/01\/Mohamed-Helmy-248x300.jpg 248w\" sizes=\"(max-width: 482px) 100vw, 482px\" \/>\t\t\t\t\t\t\t\t\t\t\t<figcaption class=\"widget-image-caption wp-caption-text\">Credits: FES\/AdsD <\/figcaption>\n\t\t\t\t\t\t\t\t\t\t<\/figure>\n\t\t\t\t\t\t\t\t\t<\/div>\n\t\t\t\t<\/div>\n\t\t\t\t\t<\/div>\n\t\t<\/div>\n\t\t\t\t\t<\/div>\n\t\t<\/section>\n\t\t\t\t<\/div>\n\t\t","protected":false},"excerpt":{"rendered":"<p>Mohamed Helmy (do\u011fum: 1901, Khartum, o g\u00fcnlerde Britanya M\u0131s\u0131r\u0131 \u2013 \u00f6l\u00fcm: 1982, Berlin) \u201cDr. Helmy sadece annemi kurtarmad\u0131. \u00dc\u00e7 \u00e7ocu\u011fu olan biz ve bizlerin yedi \u00e7ocu\u011fu, hepimiz hayat\u0131m\u0131z\u0131 ona bor\u00e7luyuz\u201c (Clara Greenspan, Anna Boros\u2019un k\u0131z\u0131) Mohamed Helmy Nazi diktat\u00f6rl\u00fc\u011f\u00fcnde hasta insanlara ve Yahudi ailelerine yard\u0131m ederek hayat\u0131n\u0131 tehlikeye att\u0131. &nbsp; Mohamed \u201cMod\u201d Helmy, Weimar Cumhuriyeti [&hellip;]<\/p>\n","protected":false},"author":28,"featured_media":0,"parent":0,"menu_order":0,"comment_status":"closed","ping_status":"closed","template":"","meta":{"site-sidebar-layout":"no-sidebar","site-content-layout":"page-builder","ast-site-content-layout":"default","site-content-style":"default","site-sidebar-style":"default","ast-global-header-display":"","ast-banner-title-visibility":"","ast-main-header-display":"","ast-hfb-above-header-display":"","ast-hfb-below-header-display":"","ast-hfb-mobile-header-display":"","site-post-title":"disabled","ast-breadcrumbs-content":"","ast-featured-img":"disabled","footer-sml-layout":"","theme-transparent-header-meta":"","adv-header-id-meta":"","stick-header-meta":"","header-above-stick-meta":"","header-main-stick-meta":"","header-below-stick-meta":"","astra-migrate-meta-layouts":"default","ast-page-background-enabled":"default","ast-page-background-meta":{"desktop":{"background-color":"","background-image":"","background-repeat":"repeat","background-position":"center center","background-size":"auto","background-attachment":"scroll","background-type":"","background-media":"","overlay-type":"","overlay-color":"","overlay-opacity":"","overlay-gradient":""},"tablet":{"background-color":"","background-image":"","background-repeat":"repeat","background-position":"center center","background-size":"auto","background-attachment":"scroll","background-type":"","background-media":"","overlay-type":"","overlay-color":"","overlay-opacity":"","overlay-gradient":""},"mobile":{"background-color":"","background-image":"","background-repeat":"repeat","background-position":"center center","background-size":"auto","background-attachment":"scroll","background-type":"","background-media":"","overlay-type":"","overlay-color":"","overlay-opacity":"","overlay-gradient":""}},"ast-content-background-meta":{"desktop":{"background-color":"var(--ast-global-color-5)","background-image":"","background-repeat":"repeat","background-position":"center center","background-size":"auto","background-attachment":"scroll","background-type":"","background-media":"","overlay-type":"","overlay-color":"","overlay-opacity":"","overlay-gradient":""},"tablet":{"background-color":"var(--ast-global-color-5)","background-image":"","background-repeat":"repeat","background-position":"center center","background-size":"auto","background-attachment":"scroll","background-type":"","background-media":"","overlay-type":"","overlay-color":"","overlay-opacity":"","overlay-gradient":""},"mobile":{"background-color":"var(--ast-global-color-5)","background-image":"","background-repeat":"repeat","background-position":"center center","background-size":"auto","background-attachment":"scroll","background-type":"","background-media":"","overlay-type":"","overlay-color":"","overlay-opacity":"","overlay-gradient":""}},"footnotes":""},"class_list":["post-21662","page","type-page","status-publish","hentry"],"_links":{"self":[{"href":"https:\/\/www.toleranzraeume.org\/tr\/wp-json\/wp\/v2\/pages\/21662","targetHints":{"allow":["GET"]}}],"collection":[{"href":"https:\/\/www.toleranzraeume.org\/tr\/wp-json\/wp\/v2\/pages"}],"about":[{"href":"https:\/\/www.toleranzraeume.org\/tr\/wp-json\/wp\/v2\/types\/page"}],"author":[{"embeddable":true,"href":"https:\/\/www.toleranzraeume.org\/tr\/wp-json\/wp\/v2\/users\/28"}],"replies":[{"embeddable":true,"href":"https:\/\/www.toleranzraeume.org\/tr\/wp-json\/wp\/v2\/comments?post=21662"}],"version-history":[{"count":1,"href":"https:\/\/www.toleranzraeume.org\/tr\/wp-json\/wp\/v2\/pages\/21662\/revisions"}],"predecessor-version":[{"id":21663,"href":"https:\/\/www.toleranzraeume.org\/tr\/wp-json\/wp\/v2\/pages\/21662\/revisions\/21663"}],"wp:attachment":[{"href":"https:\/\/www.toleranzraeume.org\/tr\/wp-json\/wp\/v2\/media?parent=21662"}],"curies":[{"name":"wp","href":"https:\/\/api.w.org\/{rel}","templated":true}]}}