{"id":21666,"date":"2023-03-22T10:50:21","date_gmt":"2023-03-22T09:50:21","guid":{"rendered":"https:\/\/www.toleranzraeume.org\/johann-trollmann\/"},"modified":"2024-05-15T13:33:58","modified_gmt":"2024-05-15T11:33:58","slug":"johann-trollmann","status":"publish","type":"page","link":"https:\/\/www.toleranzraeume.org\/tr\/johann-trollmann\/","title":{"rendered":"Johann Trollmann"},"content":{"rendered":"\t\t<div data-elementor-type=\"wp-page\" data-elementor-id=\"21666\" class=\"elementor elementor-21666 elementor-8341\" data-elementor-post-type=\"page\">\n\t\t\t\t\t\t<section class=\"elementor-section elementor-top-section elementor-element elementor-element-7217b7a elementor-section-boxed elementor-section-height-default elementor-section-height-default\" data-id=\"7217b7a\" data-element_type=\"section\" data-settings=\"{&quot;background_background&quot;:&quot;classic&quot;}\">\n\t\t\t\t\t\t<div class=\"elementor-container elementor-column-gap-default\">\n\t\t\t\t\t<div class=\"elementor-column elementor-col-100 elementor-top-column elementor-element elementor-element-1e2a0261\" data-id=\"1e2a0261\" data-element_type=\"column\">\n\t\t\t<div class=\"elementor-widget-wrap elementor-element-populated\">\n\t\t\t\t\t\t<div class=\"elementor-element elementor-element-19240787 elementor-widget elementor-widget-heading\" data-id=\"19240787\" data-element_type=\"widget\" data-widget_type=\"heading.default\">\n\t\t\t\t<div class=\"elementor-widget-container\">\n\t\t\t\t\t<h1 class=\"elementor-heading-title elementor-size-default\">Johann \u201eRukeli\u201c Trollmann <\/h1>\t\t\t\t<\/div>\n\t\t\t\t<\/div>\n\t\t\t\t<div class=\"elementor-element elementor-element-7739e390 elementor-widget elementor-widget-heading\" data-id=\"7739e390\" data-element_type=\"widget\" data-widget_type=\"heading.default\">\n\t\t\t\t<div class=\"elementor-widget-container\">\n\t\t\t\t\t<h2 class=\"elementor-heading-title elementor-size-default\">(do\u011fum: 1907, Wilsche bei Gifhorn \u2013 \u00f6l\u00fcm: 1944, Wittenberge D\u0131\u015f Toplama Kamp\u0131, Hamburg)<\/h2>\t\t\t\t<\/div>\n\t\t\t\t<\/div>\n\t\t\t\t\t<\/div>\n\t\t<\/div>\n\t\t\t\t\t<\/div>\n\t\t<\/section>\n\t\t\t\t<section class=\"elementor-section elementor-top-section elementor-element elementor-element-67aa8e9f elementor-reverse-mobile elementor-section-boxed elementor-section-height-default elementor-section-height-default\" data-id=\"67aa8e9f\" data-element_type=\"section\">\n\t\t\t\t\t\t<div class=\"elementor-container elementor-column-gap-default\">\n\t\t\t\t\t<div class=\"elementor-column elementor-col-66 elementor-top-column elementor-element elementor-element-fb65300\" data-id=\"fb65300\" data-element_type=\"column\">\n\t\t\t<div class=\"elementor-widget-wrap elementor-element-populated\">\n\t\t\t\t\t\t<div class=\"elementor-element elementor-element-1010022d elementor-widget elementor-widget-heading\" data-id=\"1010022d\" data-element_type=\"widget\" data-widget_type=\"heading.default\">\n\t\t\t\t<div class=\"elementor-widget-container\">\n\t\t\t\t\t<h2 class=\"elementor-heading-title elementor-size-default\">\u201cSeyirciler g\u00f6zlerine inanam\u0131yor. \u2018Gipsy\u2019 Trollman adeta sar\u0131\u015f\u0131n bir Hans\u2019a d\u00f6n\u00fc\u015fm\u00fc\u015f. Siyah sa\u00e7lar\u0131n\u0131 sar\u0131ya boyam\u0131\u015f, d\u00f6v\u00fc\u015f tarz\u0131n\u0131 k\u00f6kten de\u011fi\u015ftirmi\u015f. Art\u0131k ne step yap\u0131yor ne dans ediyor, tam tersine k\u00f6k salm\u0131\u015f bir \u2018Alman Me\u015fesi\u2019 gibi hareketsiz, bu \u0131rk\u00e7\u0131 kli\u015feyle alay ediyor.\u201d <\/h2>\t\t\t\t<\/div>\n\t\t\t\t<\/div>\n\t\t\t\t<div class=\"elementor-element elementor-element-e19d64f elementor-widget elementor-widget-text-editor\" data-id=\"e19d64f\" data-element_type=\"widget\" data-widget_type=\"text-editor.default\">\n\t\t\t\t<div class=\"elementor-widget-container\">\n\t\t\t\t\t\t\t\t\t<p>Johann Wilhelm \u201cRukeli\u201d Trollmann, son boks ma\u00e7\u0131nda Nazi rejimini protesto etti ve Sinti oldu\u011fu i\u00e7in katledildi.<\/p>\n<p>&nbsp;<\/p>\n<p>Trollmann, Alman bir boks\u00f6rd\u00fc ve Hannover\u2019de Sinti-Alman anne baban\u0131n o\u011flu olarak b\u00fcy\u00fcd\u00fc. \u201cRukeli,\u201d Roman dilinde a\u011fa\u00e7 demek. Hen\u00fcz sekiz ya\u015f\u0131ndayken boksa ba\u015flad\u0131, \u00e7ok ge\u00e7meden amat\u00f6r olarak bir\u00e7ok \u015fampiyonluk kazand\u0131 ve sonunda a\u011f\u0131r s\u0131klette profesyonel arenaya ad\u0131m att\u0131. H\u0131zl\u0131 \u201cdans\u00e7\u0131\u201d bacak hareketleriyle kendine \u00f6zg\u00fc boks tarz\u0131n\u0131 seyirciler \u00e7ok sevdi.<\/p>\n<p>&nbsp;<\/p>\n<p>Spor bas\u0131n\u0131nda \u201cGipsy\u201d (\u00c7ingene) lakab\u0131yla tan\u0131nan Trollmann, boks tarz\u0131 Nasyonal Sosyalistler i\u00e7in \u201cAlman olmad\u0131\u011f\u0131\u201d gerek\u00e7esiyle damgaland\u0131. Sinti Johann Wilhelm Trollmann\u2019\u0131n s\u00f6z\u00fcm ona \u201c\u0131rk olarak daha \u00fcst\u00fcn\u201d say\u0131lan Adolf Witt kar\u015f\u0131s\u0131nda 1933\u2019te Alman \u015fampiyonlu\u011funu kazanmas\u0131 Nazileri \u00f6fkelendiren bir a\u015fa\u011f\u0131lamayd\u0131. K\u0131sa bir s\u00fcre sonra unvan\u0131 elinden al\u0131nd\u0131. Sonraki ma\u00e7\u0131nda Gustav Eder\u2019in kar\u015f\u0131s\u0131na ringe \u00e7\u0131kmas\u0131, Trollmann\u2019\u0131n yenilmekten ba\u015fka \u015fans\u0131n\u0131n olmad\u0131\u011f\u0131 planl\u0131 bir g\u00f6steriydi. Trollmann da bu \u0131rk\u00e7\u0131 ayr\u0131mc\u0131l\u0131\u011f\u0131 protesto etmek i\u00e7in sa\u00e7lar\u0131n\u0131 sar\u0131ya boyayarak, y\u00fcz\u00fcne de beyaz pudra s\u00fcrerek ma\u00e7a \u00e7\u0131kt\u0131. Ne var ki, bask\u0131yla ve boks lisans\u0131n\u0131n iptal edilece\u011fi tehdidiyle kendisine \u00f6zg\u00fcn, narin d\u00f6v\u00fc\u015f tarz\u0131n\u0131 kullanmas\u0131 da yasaklanm\u0131\u015ft\u0131. Bu son resmi ma\u00e7\u0131nda Trollmann kendini savunmayarak ve be\u015f raunt sonra nakavtla ma\u011flup oldu.<\/p>\n<p>&nbsp;<\/p>\n<p>1935\u2019te Naziler Trollman&#8217;u zorla k\u0131s\u0131rla\u015ft\u0131rd\u0131 ve d\u00f6rt y\u0131l sonra Nazi Ordusu taraf\u0131ndan askere al\u0131nd\u0131. 1942\u2019de Naziler onu zorla \u00e7al\u0131\u015ft\u0131rmak \u00fczere Neuengamme Toplama Kamp\u0131na g\u00f6nderdi. Boks\u00f6r oldu\u011fu bilindi\u011fi i\u00e7in toplama kamp\u0131 gardiyanlar\u0131 onu s\u0131k s\u0131k d\u00f6v\u00fc\u015fmeye zorluyordu; 1944\u2019te Wittenberge D\u0131\u015f Toplama Kamp\u0131nda d\u00f6v\u00fclerek katledildi. \u201cRukeli\u201d Trollmann, Nazilerin Avrupal\u0131 Sinti ve Romanlara y\u00f6nelik soyk\u0131r\u0131m\u0131nda katledilen yakla\u015f\u0131k 500.000 kurbandan biriydi.<\/p>\n\t\t\t\t\t\t\t\t<\/div>\n\t\t\t\t<\/div>\n\t\t\t\t<div class=\"elementor-element elementor-element-56042ba9 elementor-widget elementor-widget-text-editor\" data-id=\"56042ba9\" data-element_type=\"widget\" data-widget_type=\"text-editor.default\">\n\t\t\t\t<div class=\"elementor-widget-container\">\n\t\t\t\t\t\t\t\t\t<p>Krausnick, M., Wo sind sie hingekommen? Der unterschlagene V\u00f6lkermord an den Sinti und Roma (Nereye Gittiler, Sinti ve Romanlara Uygulanan Gizlenen Soyk\u0131r\u0131m), Gerlingen 1995.<\/p>\n\t\t\t\t\t\t\t\t<\/div>\n\t\t\t\t<\/div>\n\t\t\t\t\t<\/div>\n\t\t<\/div>\n\t\t\t\t<div class=\"elementor-column elementor-col-33 elementor-top-column elementor-element elementor-element-5223d000\" data-id=\"5223d000\" data-element_type=\"column\">\n\t\t\t<div class=\"elementor-widget-wrap elementor-element-populated\">\n\t\t\t\t\t\t<div class=\"elementor-element elementor-element-f87f522 elementor-widget elementor-widget-image\" data-id=\"f87f522\" data-element_type=\"widget\" data-widget_type=\"image.default\">\n\t\t\t\t<div class=\"elementor-widget-container\">\n\t\t\t\t\t\t\t\t\t\t\t\t<figure class=\"wp-caption\">\n\t\t\t\t\t\t\t\t\t\t<img fetchpriority=\"high\" decoding=\"async\" width=\"500\" height=\"767\" src=\"https:\/\/www.toleranzraeume.org\/wp-content\/uploads\/2023\/03\/Johann-Trollmann.jpg\" class=\"attachment-large size-large wp-image-16195\" alt=\"\" srcset=\"https:\/\/www.toleranzraeume.org\/wp-content\/uploads\/2023\/03\/Johann-Trollmann.jpg 500w, https:\/\/www.toleranzraeume.org\/wp-content\/uploads\/2023\/03\/Johann-Trollmann-196x300.jpg 196w\" sizes=\"(max-width: 500px) 100vw, 500px\" \/>\t\t\t\t\t\t\t\t\t\t\t<figcaption class=\"widget-image-caption wp-caption-text\">Hans Firzlaff, Public domain, via Wikimedia Commons<\/figcaption>\n\t\t\t\t\t\t\t\t\t\t<\/figure>\n\t\t\t\t\t\t\t\t\t<\/div>\n\t\t\t\t<\/div>\n\t\t\t\t\t<\/div>\n\t\t<\/div>\n\t\t\t\t\t<\/div>\n\t\t<\/section>\n\t\t\t\t<\/div>\n\t\t","protected":false},"excerpt":{"rendered":"<p>Johann \u201eRukeli\u201c Trollmann (do\u011fum: 1907, Wilsche bei Gifhorn \u2013 \u00f6l\u00fcm: 1944, Wittenberge D\u0131\u015f Toplama Kamp\u0131, Hamburg) \u201cSeyirciler g\u00f6zlerine inanam\u0131yor. \u2018Gipsy\u2019 Trollman adeta sar\u0131\u015f\u0131n bir Hans\u2019a d\u00f6n\u00fc\u015fm\u00fc\u015f. Siyah sa\u00e7lar\u0131n\u0131 sar\u0131ya boyam\u0131\u015f, d\u00f6v\u00fc\u015f tarz\u0131n\u0131 k\u00f6kten de\u011fi\u015ftirmi\u015f. Art\u0131k ne step yap\u0131yor ne dans ediyor, tam tersine k\u00f6k salm\u0131\u015f bir \u2018Alman Me\u015fesi\u2019 gibi hareketsiz, bu \u0131rk\u00e7\u0131 kli\u015feyle alay ediyor.\u201d [&hellip;]<\/p>\n","protected":false},"author":28,"featured_media":0,"parent":0,"menu_order":0,"comment_status":"closed","ping_status":"closed","template":"","meta":{"site-sidebar-layout":"no-sidebar","site-content-layout":"page-builder","ast-site-content-layout":"default","site-content-style":"default","site-sidebar-style":"default","ast-global-header-display":"","ast-banner-title-visibility":"","ast-main-header-display":"","ast-hfb-above-header-display":"","ast-hfb-below-header-display":"","ast-hfb-mobile-header-display":"","site-post-title":"disabled","ast-breadcrumbs-content":"","ast-featured-img":"disabled","footer-sml-layout":"","theme-transparent-header-meta":"","adv-header-id-meta":"","stick-header-meta":"","header-above-stick-meta":"","header-main-stick-meta":"","header-below-stick-meta":"","astra-migrate-meta-layouts":"default","ast-page-background-enabled":"default","ast-page-background-meta":{"desktop":{"background-color":"","background-image":"","background-repeat":"repeat","background-position":"center center","background-size":"auto","background-attachment":"scroll","background-type":"","background-media":"","overlay-type":"","overlay-color":"","overlay-opacity":"","overlay-gradient":""},"tablet":{"background-color":"","background-image":"","background-repeat":"repeat","background-position":"center center","background-size":"auto","background-attachment":"scroll","background-type":"","background-media":"","overlay-type":"","overlay-color":"","overlay-opacity":"","overlay-gradient":""},"mobile":{"background-color":"","background-image":"","background-repeat":"repeat","background-position":"center center","background-size":"auto","background-attachment":"scroll","background-type":"","background-media":"","overlay-type":"","overlay-color":"","overlay-opacity":"","overlay-gradient":""}},"ast-content-background-meta":{"desktop":{"background-color":"var(--ast-global-color-5)","background-image":"","background-repeat":"repeat","background-position":"center center","background-size":"auto","background-attachment":"scroll","background-type":"","background-media":"","overlay-type":"","overlay-color":"","overlay-opacity":"","overlay-gradient":""},"tablet":{"background-color":"var(--ast-global-color-5)","background-image":"","background-repeat":"repeat","background-position":"center center","background-size":"auto","background-attachment":"scroll","background-type":"","background-media":"","overlay-type":"","overlay-color":"","overlay-opacity":"","overlay-gradient":""},"mobile":{"background-color":"var(--ast-global-color-5)","background-image":"","background-repeat":"repeat","background-position":"center center","background-size":"auto","background-attachment":"scroll","background-type":"","background-media":"","overlay-type":"","overlay-color":"","overlay-opacity":"","overlay-gradient":""}},"footnotes":""},"class_list":["post-21666","page","type-page","status-publish","hentry"],"_links":{"self":[{"href":"https:\/\/www.toleranzraeume.org\/tr\/wp-json\/wp\/v2\/pages\/21666","targetHints":{"allow":["GET"]}}],"collection":[{"href":"https:\/\/www.toleranzraeume.org\/tr\/wp-json\/wp\/v2\/pages"}],"about":[{"href":"https:\/\/www.toleranzraeume.org\/tr\/wp-json\/wp\/v2\/types\/page"}],"author":[{"embeddable":true,"href":"https:\/\/www.toleranzraeume.org\/tr\/wp-json\/wp\/v2\/users\/28"}],"replies":[{"embeddable":true,"href":"https:\/\/www.toleranzraeume.org\/tr\/wp-json\/wp\/v2\/comments?post=21666"}],"version-history":[{"count":1,"href":"https:\/\/www.toleranzraeume.org\/tr\/wp-json\/wp\/v2\/pages\/21666\/revisions"}],"predecessor-version":[{"id":21667,"href":"https:\/\/www.toleranzraeume.org\/tr\/wp-json\/wp\/v2\/pages\/21666\/revisions\/21667"}],"wp:attachment":[{"href":"https:\/\/www.toleranzraeume.org\/tr\/wp-json\/wp\/v2\/media?parent=21666"}],"curies":[{"name":"wp","href":"https:\/\/api.w.org\/{rel}","templated":true}]}}