{"id":21684,"date":"2022-12-21T16:10:06","date_gmt":"2022-12-21T15:10:06","guid":{"rendered":"https:\/\/www.toleranzraeume.org\/may-ayim\/"},"modified":"2024-05-15T14:00:40","modified_gmt":"2024-05-15T12:00:40","slug":"may-ayim","status":"publish","type":"page","link":"https:\/\/www.toleranzraeume.org\/tr\/may-ayim\/","title":{"rendered":"May Ayim"},"content":{"rendered":"\t\t<div data-elementor-type=\"wp-page\" data-elementor-id=\"21684\" class=\"elementor elementor-21684 elementor-5836\" data-elementor-post-type=\"page\">\n\t\t\t\t\t\t<section class=\"elementor-section elementor-top-section elementor-element elementor-element-47d30b21 elementor-section-boxed elementor-section-height-default elementor-section-height-default\" data-id=\"47d30b21\" data-element_type=\"section\" data-settings=\"{&quot;background_background&quot;:&quot;classic&quot;}\">\n\t\t\t\t\t\t<div class=\"elementor-container elementor-column-gap-default\">\n\t\t\t\t\t<div class=\"elementor-column elementor-col-100 elementor-top-column elementor-element elementor-element-15fbd724\" data-id=\"15fbd724\" data-element_type=\"column\">\n\t\t\t<div class=\"elementor-widget-wrap elementor-element-populated\">\n\t\t\t\t\t\t<div class=\"elementor-element elementor-element-1c23249f elementor-widget elementor-widget-heading\" data-id=\"1c23249f\" data-element_type=\"widget\" data-widget_type=\"heading.default\">\n\t\t\t\t<div class=\"elementor-widget-container\">\n\t\t\t\t\t<h1 class=\"elementor-heading-title elementor-size-default\">May Ayim<\/h1>\t\t\t\t<\/div>\n\t\t\t\t<\/div>\n\t\t\t\t<div class=\"elementor-element elementor-element-7d472069 elementor-widget elementor-widget-heading\" data-id=\"7d472069\" data-element_type=\"widget\" data-widget_type=\"heading.default\">\n\t\t\t\t<div class=\"elementor-widget-container\">\n\t\t\t\t\t<h2 class=\"elementor-heading-title elementor-size-default\">(do\u011fum: 1960, Hamburg \u2013 \u00f6l\u00fcm: 1996, Berlin)<\/h2>\t\t\t\t<\/div>\n\t\t\t\t<\/div>\n\t\t\t\t\t<\/div>\n\t\t<\/div>\n\t\t\t\t\t<\/div>\n\t\t<\/section>\n\t\t\t\t<section class=\"elementor-section elementor-top-section elementor-element elementor-element-56a9dc01 elementor-reverse-mobile elementor-section-boxed elementor-section-height-default elementor-section-height-default\" data-id=\"56a9dc01\" data-element_type=\"section\">\n\t\t\t\t\t\t<div class=\"elementor-container elementor-column-gap-default\">\n\t\t\t\t\t<div class=\"elementor-column elementor-col-66 elementor-top-column elementor-element elementor-element-480850f6\" data-id=\"480850f6\" data-element_type=\"column\">\n\t\t\t<div class=\"elementor-widget-wrap elementor-element-populated\">\n\t\t\t\t\t\t<div class=\"elementor-element elementor-element-7c283f68 elementor-widget elementor-widget-heading\" data-id=\"7c283f68\" data-element_type=\"widget\" data-widget_type=\"heading.default\">\n\t\t\t\t<div class=\"elementor-widget-container\">\n\t\t\t\t\t<h2 class=\"elementor-heading-title elementor-size-default\">\u201cAlman olmam\u0131 isteseniz de  Afrikal\u0131 olaca\u011f\u0131m, siyah rengimden ho\u015flanmasan\u0131z da Alman olaca\u011f\u0131m.\u201d  <\/h2>\t\t\t\t<\/div>\n\t\t\t\t<\/div>\n\t\t\t\t<div class=\"elementor-element elementor-element-3f68e60c elementor-widget elementor-widget-text-editor\" data-id=\"3f68e60c\" data-element_type=\"widget\" data-widget_type=\"text-editor.default\">\n\t\t\t\t<div class=\"elementor-widget-container\">\n\t\t\t\t\t\t\t\t\t<p>May Ayim, kelimelerin kifayetsiz kald\u0131\u011f\u0131 toplumsal durumlar\u0131 \u015fiirleriyle g\u00f6r\u00fcn\u00fcr k\u0131lmak istiyordu.<\/p>\n<p>&nbsp;<\/p>\n<p>May Ayim, \u015fair, bilim insan\u0131, Siyahi feminist ve Afrikal\u0131-Alman hareketlerinde aktivistti. Almanya&#8217;da ele\u015ftirme amac\u0131yla yap\u0131lan beyaz olma ara\u015ft\u0131rmalar\u0131n\u0131n \u00f6nc\u00fclerinden biri kabul edilir; ara\u015ft\u0131rmalar\u0131nda g\u00f6r\u00fcnmez \u201cbeyaz olma\u201d standard\u0131n\u0131 ele\u015ftirir ve \u0131rk\u00e7\u0131l\u0131\u011f\u0131 \u201cbeyaz\u201d insanlar\u0131n yap\u0131sal bir ayr\u0131cal\u0131\u011f\u0131 olarak analiz eder.<\/p>\n<p>&nbsp;<\/p>\n<p>1980\u2019li y\u0131llarda uluslararas\u0131 Siyahi kad\u0131n hareketi temsilcileriyle temaslarda bulundu. 1984 y\u0131l\u0131nda \u201cAlmanya&#8217;daki Siyahi \u0130nsanlar Giri\u015fimi\u201dnin kurucu \u00fcyesi oldu. \u201cFarbe bekennen. Afro-deutsche Frauen auf den Spuren ihrer Geschichte\u201d (Rengini belli et. Tarihlerinin izini s\u00fcren Afrikal\u0131-Alman Kad\u0131nlar) adl\u0131 kitab\u0131yla Katharina Oguntoye ve Dagmar Schultz ile birlikte 1986\u2019da Siyahi Alman tarih yaz\u0131m\u0131na edebi anlamda \u00f6nemli ilk eseri yay\u0131nlad\u0131. Bu incelemeleriyle Siyahi Almanlar\u0131n ge\u00e7mi\u015fine ve bug\u00fcn\u00fcne dair yol g\u00f6sterici bir bilimsel \u00e7al\u0131\u015fma yaratm\u0131\u015f oldu. Hem bu ara\u015ft\u0131rma hem de \u0131rk\u00e7\u0131l\u0131k temal\u0131 siyasi \u015fiirleriyle uluslararas\u0131 alanda takdir toplad\u0131. En bilinen \u015fiir kitaplar\u0131 aras\u0131nda \u201cgrenzenlos und unversch\u00e4mt\u201d (s\u0131n\u0131rs\u0131z ve utanmaz) (1997), \u201cblues in schwarz weiss\u201d (siyah beyaz blues) (1995) ve \u201cnachtgesang\u201d (gece \u015fark\u0131s\u0131) (1997) bulunur.<\/p>\n<p>Ocak 1996\u2019da ruhsal bir \u00e7\u00f6k\u00fcnt\u00fc ya\u015fad\u0131. Sonra da A\u011fustos 1996\u2019da 36 ya\u015f\u0131nda intihar etti.<\/p>\n\t\t\t\t\t\t\t\t<\/div>\n\t\t\t\t<\/div>\n\t\t\t\t<div class=\"elementor-element elementor-element-5a88ffb8 elementor-widget elementor-widget-text-editor\" data-id=\"5a88ffb8\" data-element_type=\"widget\" data-widget_type=\"text-editor.default\">\n\t\t\t\t<div class=\"elementor-widget-container\">\n\t\t\t\t\t\t\t\t\t<p>Ayim, M., grenzenlos und unversch\u00e4mt. ein gedicht gegen die deutsche sch-einheit, \u015funun i\u00e7inde: Blues in schwarz-weiss. Gedichte, Berlin 1995.<\/p>\n\t\t\t\t\t\t\t\t<\/div>\n\t\t\t\t<\/div>\n\t\t\t\t\t<\/div>\n\t\t<\/div>\n\t\t\t\t<div class=\"elementor-column elementor-col-33 elementor-top-column elementor-element elementor-element-18cc6de\" data-id=\"18cc6de\" data-element_type=\"column\">\n\t\t\t<div class=\"elementor-widget-wrap elementor-element-populated\">\n\t\t\t\t\t\t<div class=\"elementor-element elementor-element-3314fb90 elementor-widget elementor-widget-image\" data-id=\"3314fb90\" data-element_type=\"widget\" data-widget_type=\"image.default\">\n\t\t\t\t<div class=\"elementor-widget-container\">\n\t\t\t\t\t\t\t\t\t\t\t\t<figure class=\"wp-caption\">\n\t\t\t\t\t\t\t\t\t\t<img fetchpriority=\"high\" decoding=\"async\" width=\"532\" height=\"748\" src=\"https:\/\/www.toleranzraeume.org\/wp-content\/uploads\/2023\/01\/May-Ayim.jpg\" class=\"attachment-large size-large wp-image-16171\" alt=\"\" srcset=\"https:\/\/www.toleranzraeume.org\/wp-content\/uploads\/2023\/01\/May-Ayim.jpg 532w, https:\/\/www.toleranzraeume.org\/wp-content\/uploads\/2023\/01\/May-Ayim-213x300.jpg 213w\" sizes=\"(max-width: 532px) 100vw, 532px\" \/>\t\t\t\t\t\t\t\t\t\t\t<figcaption class=\"widget-image-caption wp-caption-text\">Credits: Dagmar Schultz <\/figcaption>\n\t\t\t\t\t\t\t\t\t\t<\/figure>\n\t\t\t\t\t\t\t\t\t<\/div>\n\t\t\t\t<\/div>\n\t\t\t\t\t<\/div>\n\t\t<\/div>\n\t\t\t\t\t<\/div>\n\t\t<\/section>\n\t\t\t\t<\/div>\n\t\t","protected":false},"excerpt":{"rendered":"<p>May Ayim (do\u011fum: 1960, Hamburg \u2013 \u00f6l\u00fcm: 1996, Berlin) \u201cAlman olmam\u0131 isteseniz de Afrikal\u0131 olaca\u011f\u0131m, siyah rengimden ho\u015flanmasan\u0131z da Alman olaca\u011f\u0131m.\u201d May Ayim, kelimelerin kifayetsiz kald\u0131\u011f\u0131 toplumsal durumlar\u0131 \u015fiirleriyle g\u00f6r\u00fcn\u00fcr k\u0131lmak istiyordu. &nbsp; May Ayim, \u015fair, bilim insan\u0131, Siyahi feminist ve Afrikal\u0131-Alman hareketlerinde aktivistti. Almanya&#8217;da ele\u015ftirme amac\u0131yla yap\u0131lan beyaz olma ara\u015ft\u0131rmalar\u0131n\u0131n \u00f6nc\u00fclerinden biri kabul edilir; [&hellip;]<\/p>\n","protected":false},"author":28,"featured_media":0,"parent":0,"menu_order":0,"comment_status":"closed","ping_status":"closed","template":"","meta":{"site-sidebar-layout":"no-sidebar","site-content-layout":"page-builder","ast-site-content-layout":"default","site-content-style":"default","site-sidebar-style":"default","ast-global-header-display":"","ast-banner-title-visibility":"","ast-main-header-display":"","ast-hfb-above-header-display":"","ast-hfb-below-header-display":"","ast-hfb-mobile-header-display":"","site-post-title":"disabled","ast-breadcrumbs-content":"","ast-featured-img":"disabled","footer-sml-layout":"","theme-transparent-header-meta":"","adv-header-id-meta":"","stick-header-meta":"","header-above-stick-meta":"","header-main-stick-meta":"","header-below-stick-meta":"","astra-migrate-meta-layouts":"default","ast-page-background-enabled":"default","ast-page-background-meta":{"desktop":{"background-color":"","background-image":"","background-repeat":"repeat","background-position":"center center","background-size":"auto","background-attachment":"scroll","background-type":"","background-media":"","overlay-type":"","overlay-color":"","overlay-opacity":"","overlay-gradient":""},"tablet":{"background-color":"","background-image":"","background-repeat":"repeat","background-position":"center center","background-size":"auto","background-attachment":"scroll","background-type":"","background-media":"","overlay-type":"","overlay-color":"","overlay-opacity":"","overlay-gradient":""},"mobile":{"background-color":"","background-image":"","background-repeat":"repeat","background-position":"center center","background-size":"auto","background-attachment":"scroll","background-type":"","background-media":"","overlay-type":"","overlay-color":"","overlay-opacity":"","overlay-gradient":""}},"ast-content-background-meta":{"desktop":{"background-color":"var(--ast-global-color-5)","background-image":"","background-repeat":"repeat","background-position":"center center","background-size":"auto","background-attachment":"scroll","background-type":"","background-media":"","overlay-type":"","overlay-color":"","overlay-opacity":"","overlay-gradient":""},"tablet":{"background-color":"var(--ast-global-color-5)","background-image":"","background-repeat":"repeat","background-position":"center center","background-size":"auto","background-attachment":"scroll","background-type":"","background-media":"","overlay-type":"","overlay-color":"","overlay-opacity":"","overlay-gradient":""},"mobile":{"background-color":"var(--ast-global-color-5)","background-image":"","background-repeat":"repeat","background-position":"center center","background-size":"auto","background-attachment":"scroll","background-type":"","background-media":"","overlay-type":"","overlay-color":"","overlay-opacity":"","overlay-gradient":""}},"footnotes":""},"class_list":["post-21684","page","type-page","status-publish","hentry"],"_links":{"self":[{"href":"https:\/\/www.toleranzraeume.org\/tr\/wp-json\/wp\/v2\/pages\/21684","targetHints":{"allow":["GET"]}}],"collection":[{"href":"https:\/\/www.toleranzraeume.org\/tr\/wp-json\/wp\/v2\/pages"}],"about":[{"href":"https:\/\/www.toleranzraeume.org\/tr\/wp-json\/wp\/v2\/types\/page"}],"author":[{"embeddable":true,"href":"https:\/\/www.toleranzraeume.org\/tr\/wp-json\/wp\/v2\/users\/28"}],"replies":[{"embeddable":true,"href":"https:\/\/www.toleranzraeume.org\/tr\/wp-json\/wp\/v2\/comments?post=21684"}],"version-history":[{"count":1,"href":"https:\/\/www.toleranzraeume.org\/tr\/wp-json\/wp\/v2\/pages\/21684\/revisions"}],"predecessor-version":[{"id":21685,"href":"https:\/\/www.toleranzraeume.org\/tr\/wp-json\/wp\/v2\/pages\/21684\/revisions\/21685"}],"wp:attachment":[{"href":"https:\/\/www.toleranzraeume.org\/tr\/wp-json\/wp\/v2\/media?parent=21684"}],"curies":[{"name":"wp","href":"https:\/\/api.w.org\/{rel}","templated":true}]}}