{"id":21688,"date":"2022-12-21T16:00:01","date_gmt":"2022-12-21T15:00:01","guid":{"rendered":"https:\/\/www.toleranzraeume.org\/argyris-sfountouris\/"},"modified":"2024-05-15T14:03:03","modified_gmt":"2024-05-15T12:03:03","slug":"argyris-sfountouris","status":"publish","type":"page","link":"https:\/\/www.toleranzraeume.org\/tr\/argyris-sfountouris\/","title":{"rendered":"Argyris Sfountouris"},"content":{"rendered":"\t\t<div data-elementor-type=\"wp-page\" data-elementor-id=\"21688\" class=\"elementor elementor-21688 elementor-5812\" data-elementor-post-type=\"page\">\n\t\t\t\t\t\t<section class=\"elementor-section elementor-top-section elementor-element elementor-element-17413b02 elementor-section-boxed elementor-section-height-default elementor-section-height-default\" data-id=\"17413b02\" data-element_type=\"section\" data-settings=\"{&quot;background_background&quot;:&quot;classic&quot;}\">\n\t\t\t\t\t\t<div class=\"elementor-container elementor-column-gap-default\">\n\t\t\t\t\t<div class=\"elementor-column elementor-col-100 elementor-top-column elementor-element elementor-element-72599f6c\" data-id=\"72599f6c\" data-element_type=\"column\">\n\t\t\t<div class=\"elementor-widget-wrap elementor-element-populated\">\n\t\t\t\t\t\t<div class=\"elementor-element elementor-element-f203811 elementor-widget elementor-widget-heading\" data-id=\"f203811\" data-element_type=\"widget\" data-widget_type=\"heading.default\">\n\t\t\t\t<div class=\"elementor-widget-container\">\n\t\t\t\t\t<h1 class=\"elementor-heading-title elementor-size-default\">Argyris Sfountouris<\/h1>\t\t\t\t<\/div>\n\t\t\t\t<\/div>\n\t\t\t\t<div class=\"elementor-element elementor-element-77b732db elementor-widget elementor-widget-heading\" data-id=\"77b732db\" data-element_type=\"widget\" data-widget_type=\"heading.default\">\n\t\t\t\t<div class=\"elementor-widget-container\">\n\t\t\t\t\t<h2 class=\"elementor-heading-title elementor-size-default\">(do\u011fum: 1940, Distomo, Yunanistan)<\/h2>\t\t\t\t<\/div>\n\t\t\t\t<\/div>\n\t\t\t\t\t<\/div>\n\t\t<\/div>\n\t\t\t\t\t<\/div>\n\t\t<\/section>\n\t\t\t\t<section class=\"elementor-section elementor-top-section elementor-element elementor-element-40e2b039 elementor-reverse-mobile elementor-section-boxed elementor-section-height-default elementor-section-height-default\" data-id=\"40e2b039\" data-element_type=\"section\">\n\t\t\t\t\t\t<div class=\"elementor-container elementor-column-gap-default\">\n\t\t\t\t\t<div class=\"elementor-column elementor-col-66 elementor-top-column elementor-element elementor-element-35793b0c\" data-id=\"35793b0c\" data-element_type=\"column\">\n\t\t\t<div class=\"elementor-widget-wrap elementor-element-populated\">\n\t\t\t\t\t\t<div class=\"elementor-element elementor-element-5b2030dd elementor-widget elementor-widget-heading\" data-id=\"5b2030dd\" data-element_type=\"widget\" data-widget_type=\"heading.default\">\n\t\t\t\t<div class=\"elementor-widget-container\">\n\t\t\t\t\t<h2 class=\"elementor-heading-title elementor-size-default\">\u201c\u0130nsan,  olaylar\u0131 alg\u0131lad\u0131\u011f\u0131nda, olan bitenlerin t\u00fcm hakikatini kabul etti\u011finde ancak, hat\u0131rlamaya ba\u015flayabilir.\u201d <\/h2>\t\t\t\t<\/div>\n\t\t\t\t<\/div>\n\t\t\t\t<div class=\"elementor-element elementor-element-17bd4dcf elementor-widget elementor-widget-text-editor\" data-id=\"17bd4dcf\" data-element_type=\"widget\" data-widget_type=\"text-editor.default\">\n\t\t\t\t<div class=\"elementor-widget-container\">\n\t\t\t\t\t\t\t\t\tArgyris Sfountouris, Alman-Yunan ili\u015fkileri ve Alman sava\u015f su\u00e7lar\u0131 ma\u011fdurlar\u0131 konusunda kabullenme ve tazminat talep etti.\r\n\r\n&nbsp;\r\n\r\nArgyris Sfountouris, Delphi yak\u0131nlar\u0131ndaki Yunan Distomo k\u00f6y\u00fcnde b\u00fcy\u00fcd\u00fc. 1940\u2019ta d\u00f6rt ya\u015f\u0131ndayken anne babas\u0131n\u0131n ve iki karde\u015finin, 200 kom\u015fusuyla birlikte, Alman askerlerinin bir intikam eyleminde\u00a0 katledilmelerini izlemi\u015fti. O tarihten sonra akrabalar\u0131n\u0131n yan\u0131nda ve \u00e7ocuk yuvalar\u0131nda ya\u015fad\u0131. Sekiz ya\u015f\u0131ndayken \u0130svi\u00e7re\u2019deki bir yuvaya geldi. Daha sonra Sfountouris \u00f6\u011fretmen, fizik\u00e7i, sosyal yard\u0131m g\u00f6revlisi, yazar ve \u00e7evirmen olarak \u00e7al\u0131\u015ft\u0131.\r\n\r\n&nbsp;\r\n\r\n\u0130mk\u00e2nlar\u0131 dahilinde 1960\u2019l\u0131 ve 1970\u2019li y\u0131llarda Yunan askeri cuntas\u0131na kar\u015f\u0131 m\u00fccadele ederek \u0130svi\u00e7re vatanda\u015fl\u0131\u011f\u0131n\u0131 ald\u0131. Bug\u00fcne kadar \u0130kinci D\u00fcnya Sava\u015f\u0131&#8217;nda Wehrmacht Ordusunun ma\u011fdurlar\u0131n\u0131n \u00e7ektikleri ac\u0131lar\u0131n kabul edilmesi i\u00e7in m\u00fccadelesini s\u00fcrd\u00fcr\u00fcyor. Son olarak Federal Almanya Cumhuriyeti\u2019ne uluslararas\u0131 mahkemelerde dava a\u00e7t\u0131. 2015\u2019te 1992 M\u00f6lln\u2019deki a\u015f\u0131r\u0131 sa\u011fc\u0131lar\u0131n kundaklama sald\u0131r\u0131s\u0131 ma\u011fdurlar\u0131 an\u0131s\u0131na \u201cS\u00fcrg\u00fcnde M\u00f6lln Konu\u015fmas\u0131\u201d \u00f6d\u00fcl\u00fcn\u00fc ald\u0131. 2022\u2019de Argyris Sfountouris\u2019e Federal Liyakat Ni\u015fan\u0131 verildi. Ne yaz\u0131k ki hen\u00fcz Wehrmacht ma\u011fduru olarak tazminat alamad\u0131.\t\t\t\t\t\t\t\t<\/div>\n\t\t\t\t<\/div>\n\t\t\t\t<div class=\"elementor-element elementor-element-49ba3372 elementor-widget elementor-widget-text-editor\" data-id=\"49ba3372\" data-element_type=\"widget\" data-widget_type=\"text-editor.default\">\n\t\t\t\t<div class=\"elementor-widget-container\">\n\t\t\t\t\t\t\t\t\t<p>Sfountouris, A., Trauer um Deutschland. Reden und Aufs\u00e4tze eines \u00dcberlebenden, W\u00fcrzburg 2015, S. 125.<\/p>\n\t\t\t\t\t\t\t\t<\/div>\n\t\t\t\t<\/div>\n\t\t\t\t\t<\/div>\n\t\t<\/div>\n\t\t\t\t<div class=\"elementor-column elementor-col-33 elementor-top-column elementor-element elementor-element-443c1dcc\" data-id=\"443c1dcc\" data-element_type=\"column\">\n\t\t\t<div class=\"elementor-widget-wrap elementor-element-populated\">\n\t\t\t\t\t\t<div class=\"elementor-element elementor-element-42103f07 elementor-widget elementor-widget-image\" data-id=\"42103f07\" data-element_type=\"widget\" data-widget_type=\"image.default\">\n\t\t\t\t<div class=\"elementor-widget-container\">\n\t\t\t\t\t\t\t\t\t\t\t\t<figure class=\"wp-caption\">\n\t\t\t\t\t\t\t\t\t\t<img fetchpriority=\"high\" decoding=\"async\" width=\"457\" height=\"685\" src=\"https:\/\/www.toleranzraeume.org\/wp-content\/uploads\/2023\/01\/Argyris-Sfountouris.jpg\" class=\"attachment-large size-large wp-image-16172\" alt=\"\" srcset=\"https:\/\/www.toleranzraeume.org\/wp-content\/uploads\/2023\/01\/Argyris-Sfountouris.jpg 457w, https:\/\/www.toleranzraeume.org\/wp-content\/uploads\/2023\/01\/Argyris-Sfountouris-200x300.jpg 200w\" sizes=\"(max-width: 457px) 100vw, 457px\" \/>\t\t\t\t\t\t\t\t\t\t\t<figcaption class=\"widget-image-caption wp-caption-text\">Credits: Annick Ramp, NZZ <\/figcaption>\n\t\t\t\t\t\t\t\t\t\t<\/figure>\n\t\t\t\t\t\t\t\t\t<\/div>\n\t\t\t\t<\/div>\n\t\t\t\t\t<\/div>\n\t\t<\/div>\n\t\t\t\t\t<\/div>\n\t\t<\/section>\n\t\t\t\t<\/div>\n\t\t","protected":false},"excerpt":{"rendered":"<p>Argyris Sfountouris (do\u011fum: 1940, Distomo, Yunanistan) \u201c\u0130nsan, olaylar\u0131 alg\u0131lad\u0131\u011f\u0131nda, olan bitenlerin t\u00fcm hakikatini kabul etti\u011finde ancak, hat\u0131rlamaya ba\u015flayabilir.\u201d Argyris Sfountouris, Alman-Yunan ili\u015fkileri ve Alman sava\u015f su\u00e7lar\u0131 ma\u011fdurlar\u0131 konusunda kabullenme ve tazminat talep etti. &nbsp; Argyris Sfountouris, Delphi yak\u0131nlar\u0131ndaki Yunan Distomo k\u00f6y\u00fcnde b\u00fcy\u00fcd\u00fc. 1940\u2019ta d\u00f6rt ya\u015f\u0131ndayken anne babas\u0131n\u0131n ve iki karde\u015finin, 200 kom\u015fusuyla birlikte, Alman askerlerinin [&hellip;]<\/p>\n","protected":false},"author":28,"featured_media":0,"parent":0,"menu_order":0,"comment_status":"closed","ping_status":"closed","template":"","meta":{"site-sidebar-layout":"no-sidebar","site-content-layout":"page-builder","ast-site-content-layout":"default","site-content-style":"default","site-sidebar-style":"default","ast-global-header-display":"","ast-banner-title-visibility":"","ast-main-header-display":"","ast-hfb-above-header-display":"","ast-hfb-below-header-display":"","ast-hfb-mobile-header-display":"","site-post-title":"disabled","ast-breadcrumbs-content":"","ast-featured-img":"disabled","footer-sml-layout":"","theme-transparent-header-meta":"","adv-header-id-meta":"","stick-header-meta":"","header-above-stick-meta":"","header-main-stick-meta":"","header-below-stick-meta":"","astra-migrate-meta-layouts":"default","ast-page-background-enabled":"default","ast-page-background-meta":{"desktop":{"background-color":"","background-image":"","background-repeat":"repeat","background-position":"center center","background-size":"auto","background-attachment":"scroll","background-type":"","background-media":"","overlay-type":"","overlay-color":"","overlay-opacity":"","overlay-gradient":""},"tablet":{"background-color":"","background-image":"","background-repeat":"repeat","background-position":"center center","background-size":"auto","background-attachment":"scroll","background-type":"","background-media":"","overlay-type":"","overlay-color":"","overlay-opacity":"","overlay-gradient":""},"mobile":{"background-color":"","background-image":"","background-repeat":"repeat","background-position":"center center","background-size":"auto","background-attachment":"scroll","background-type":"","background-media":"","overlay-type":"","overlay-color":"","overlay-opacity":"","overlay-gradient":""}},"ast-content-background-meta":{"desktop":{"background-color":"var(--ast-global-color-5)","background-image":"","background-repeat":"repeat","background-position":"center center","background-size":"auto","background-attachment":"scroll","background-type":"","background-media":"","overlay-type":"","overlay-color":"","overlay-opacity":"","overlay-gradient":""},"tablet":{"background-color":"var(--ast-global-color-5)","background-image":"","background-repeat":"repeat","background-position":"center center","background-size":"auto","background-attachment":"scroll","background-type":"","background-media":"","overlay-type":"","overlay-color":"","overlay-opacity":"","overlay-gradient":""},"mobile":{"background-color":"var(--ast-global-color-5)","background-image":"","background-repeat":"repeat","background-position":"center center","background-size":"auto","background-attachment":"scroll","background-type":"","background-media":"","overlay-type":"","overlay-color":"","overlay-opacity":"","overlay-gradient":""}},"footnotes":""},"class_list":["post-21688","page","type-page","status-publish","hentry"],"_links":{"self":[{"href":"https:\/\/www.toleranzraeume.org\/tr\/wp-json\/wp\/v2\/pages\/21688","targetHints":{"allow":["GET"]}}],"collection":[{"href":"https:\/\/www.toleranzraeume.org\/tr\/wp-json\/wp\/v2\/pages"}],"about":[{"href":"https:\/\/www.toleranzraeume.org\/tr\/wp-json\/wp\/v2\/types\/page"}],"author":[{"embeddable":true,"href":"https:\/\/www.toleranzraeume.org\/tr\/wp-json\/wp\/v2\/users\/28"}],"replies":[{"embeddable":true,"href":"https:\/\/www.toleranzraeume.org\/tr\/wp-json\/wp\/v2\/comments?post=21688"}],"version-history":[{"count":1,"href":"https:\/\/www.toleranzraeume.org\/tr\/wp-json\/wp\/v2\/pages\/21688\/revisions"}],"predecessor-version":[{"id":21689,"href":"https:\/\/www.toleranzraeume.org\/tr\/wp-json\/wp\/v2\/pages\/21688\/revisions\/21689"}],"wp:attachment":[{"href":"https:\/\/www.toleranzraeume.org\/tr\/wp-json\/wp\/v2\/media?parent=21688"}],"curies":[{"name":"wp","href":"https:\/\/api.w.org\/{rel}","templated":true}]}}