{"id":21692,"date":"2023-03-22T11:21:24","date_gmt":"2023-03-22T10:21:24","guid":{"rendered":"https:\/\/www.toleranzraeume.org\/bobby-brederlow\/"},"modified":"2024-05-15T14:04:47","modified_gmt":"2024-05-15T12:04:47","slug":"bobby-brederlow","status":"publish","type":"page","link":"https:\/\/www.toleranzraeume.org\/tr\/bobby-brederlow\/","title":{"rendered":"Bobby Brederlow"},"content":{"rendered":"\t\t<div data-elementor-type=\"wp-page\" data-elementor-id=\"21692\" class=\"elementor elementor-21692 elementor-8371\" data-elementor-post-type=\"page\">\n\t\t\t\t\t\t<section class=\"elementor-section elementor-top-section elementor-element elementor-element-6075cdfe elementor-section-boxed elementor-section-height-default elementor-section-height-default\" data-id=\"6075cdfe\" data-element_type=\"section\" data-settings=\"{&quot;background_background&quot;:&quot;classic&quot;}\">\n\t\t\t\t\t\t<div class=\"elementor-container elementor-column-gap-default\">\n\t\t\t\t\t<div class=\"elementor-column elementor-col-100 elementor-top-column elementor-element elementor-element-462c3210\" data-id=\"462c3210\" data-element_type=\"column\">\n\t\t\t<div class=\"elementor-widget-wrap elementor-element-populated\">\n\t\t\t\t\t\t<div class=\"elementor-element elementor-element-18a16922 elementor-widget elementor-widget-heading\" data-id=\"18a16922\" data-element_type=\"widget\" data-widget_type=\"heading.default\">\n\t\t\t\t<div class=\"elementor-widget-container\">\n\t\t\t\t\t<h1 class=\"elementor-heading-title elementor-size-default\">Bobby Brederlow<\/h1>\t\t\t\t<\/div>\n\t\t\t\t<\/div>\n\t\t\t\t<div class=\"elementor-element elementor-element-c12111a elementor-widget elementor-widget-heading\" data-id=\"c12111a\" data-element_type=\"widget\" data-widget_type=\"heading.default\">\n\t\t\t\t<div class=\"elementor-widget-container\">\n\t\t\t\t\t<h2 class=\"elementor-heading-title elementor-size-default\">(do\u011fum: 1961,  Mackenbach, Rheinland-Pfalz)<\/h2>\t\t\t\t<\/div>\n\t\t\t\t<\/div>\n\t\t\t\t\t<\/div>\n\t\t<\/div>\n\t\t\t\t\t<\/div>\n\t\t<\/section>\n\t\t\t\t<section class=\"elementor-section elementor-top-section elementor-element elementor-element-9067d43 elementor-reverse-mobile elementor-section-boxed elementor-section-height-default elementor-section-height-default\" data-id=\"9067d43\" data-element_type=\"section\">\n\t\t\t\t\t\t<div class=\"elementor-container elementor-column-gap-default\">\n\t\t\t\t\t<div class=\"elementor-column elementor-col-66 elementor-top-column elementor-element elementor-element-31b96598\" data-id=\"31b96598\" data-element_type=\"column\">\n\t\t\t<div class=\"elementor-widget-wrap elementor-element-populated\">\n\t\t\t\t\t\t<div class=\"elementor-element elementor-element-104e0e31 elementor-widget elementor-widget-heading\" data-id=\"104e0e31\" data-element_type=\"widget\" data-widget_type=\"heading.default\">\n\t\t\t\t<div class=\"elementor-widget-container\">\n\t\t\t\t\t<h2 class=\"elementor-heading-title elementor-size-default\">\u201cTuhaf olmayan insan bok gibidir.\u201d (Bobby Brederlow mottosu)<\/h2>\t\t\t\t<\/div>\n\t\t\t\t<\/div>\n\t\t\t\t<div class=\"elementor-element elementor-element-1a192fcf elementor-widget elementor-widget-text-editor\" data-id=\"1a192fcf\" data-element_type=\"widget\" data-widget_type=\"text-editor.default\">\n\t\t\t\t<div class=\"elementor-widget-container\">\n\t\t\t\t\t\t\t\t\t<p>Bobby Brederlow, engelli insanlara Almanya&#8217;da daha \u00f6nce hi\u00e7 sahip olmad\u0131klar\u0131 g\u00f6r\u00fcn\u00fcrl\u00fc\u011f\u00fc sa\u011flad\u0131.<\/p>\n<p>&nbsp;<\/p>\n<p>Bobby Brederlow, trizomi 21, di\u011fer ad\u0131yla Down sendromlu olarak do\u011fdu ve Almanya&#8217;n\u0131n en \u00e7ok tan\u0131nm\u0131\u015f engelli oyuncusudur.<\/p>\n<p>&nbsp;<\/p>\n<p>\u201cLiebe und andere Katastrophen,\u201d dizisinde oynad\u0131, \u201cAlphateam\u201dde yer ald\u0131, \u201cF\u00fcr alle F\u00e4lle Stefanie\u201d ve \u201cTatort\u201dta sahne ald\u0131. \u201cLiebe und andere Katastrophen\u201d dizisindeki rol\u00fc i\u00e7in 1999\u2019da Bambi \u00f6d\u00fcl\u00fcn\u00fc kazand\u0131. Ayn\u0131 y\u0131l bundan sonra ad\u0131n\u0131 ta\u015f\u0131yacak olan Bundesvereinigung Lebenshilfe \u201cBobby \u00d6d\u00fcl\u00fcn\u00fc\u201d de ald\u0131. D\u00f6nemin Sa\u011fl\u0131k Bakan\u0131 Ulla Schmidt (SPD) 2004\u2019te kendisini ve sanat eserlerini Federal Liyakat Ni\u015fan\u0131yla onurland\u0131rd\u0131. Karde\u015fi Gerd Brederlow, Bobby Brederlow\u2019un ola\u011fand\u0131\u015f\u0131 hayat\u0131n\u0131 2001\u2019de yay\u0131nlanan \u201cBobby, Herr Bredi und Mister Herr Bendel\u201d kitab\u0131nda anlatt\u0131.<\/p>\n\t\t\t\t\t\t\t\t<\/div>\n\t\t\t\t<\/div>\n\t\t\t\t<div class=\"elementor-element elementor-element-cd3d620 elementor-widget elementor-widget-text-editor\" data-id=\"cd3d620\" data-element_type=\"widget\" data-widget_type=\"text-editor.default\">\n\t\t\t\t<div class=\"elementor-widget-container\">\n\t\t\t\t\t\t\t\t\t<p><a href=\"https:\/\/lebenshilfeblog.de\/2015\/11\/16\/ein-mensch-ohne-macke-ist-kacke\/\" rel=\"nofollow noopener\" target=\"_blank\"><span data-contrast=\"none\">https:\/\/lebenshilfeblog.de\/2015\/11\/16\/ein-mensch-ohne-macke-ist-kacke\/<\/span><\/a> <span data-contrast=\"none\">(18.11.2022)<\/span><span data-ccp-props=\"{&quot;201341983&quot;:0,&quot;335559740&quot;:259}\">\u00a0<\/span><\/p>\n<p><span data-ccp-props=\"{&quot;201341983&quot;:0,&quot;335559740&quot;:259}\">\u00a0<\/span><\/p>\n\t\t\t\t\t\t\t\t<\/div>\n\t\t\t\t<\/div>\n\t\t\t\t\t<\/div>\n\t\t<\/div>\n\t\t\t\t<div class=\"elementor-column elementor-col-33 elementor-top-column elementor-element elementor-element-452e4edb\" data-id=\"452e4edb\" data-element_type=\"column\">\n\t\t\t<div class=\"elementor-widget-wrap elementor-element-populated\">\n\t\t\t\t\t\t<div class=\"elementor-element elementor-element-1eed13a1 elementor-widget elementor-widget-image\" data-id=\"1eed13a1\" data-element_type=\"widget\" data-widget_type=\"image.default\">\n\t\t\t\t<div class=\"elementor-widget-container\">\n\t\t\t\t\t\t\t\t\t\t\t\t<figure class=\"wp-caption\">\n\t\t\t\t\t\t\t\t\t\t<img fetchpriority=\"high\" decoding=\"async\" width=\"500\" height=\"707\" src=\"https:\/\/www.toleranzraeume.org\/wp-content\/uploads\/2023\/03\/Bobby-Brederlow.jpg\" class=\"attachment-large size-large wp-image-16198\" alt=\"\" srcset=\"https:\/\/www.toleranzraeume.org\/wp-content\/uploads\/2023\/03\/Bobby-Brederlow.jpg 500w, https:\/\/www.toleranzraeume.org\/wp-content\/uploads\/2023\/03\/Bobby-Brederlow-212x300.jpg 212w\" sizes=\"(max-width: 500px) 100vw, 500px\" \/>\t\t\t\t\t\t\t\t\t\t\t<figcaption class=\"widget-image-caption wp-caption-text\">Credits: Zur Verf\u00fcgung gestellt von Gerd Brederlow<\/figcaption>\n\t\t\t\t\t\t\t\t\t\t<\/figure>\n\t\t\t\t\t\t\t\t\t<\/div>\n\t\t\t\t<\/div>\n\t\t\t\t\t<\/div>\n\t\t<\/div>\n\t\t\t\t\t<\/div>\n\t\t<\/section>\n\t\t\t\t<\/div>\n\t\t","protected":false},"excerpt":{"rendered":"<p>Bobby Brederlow (do\u011fum: 1961, Mackenbach, Rheinland-Pfalz) \u201cTuhaf olmayan insan bok gibidir.\u201d (Bobby Brederlow mottosu) Bobby Brederlow, engelli insanlara Almanya&#8217;da daha \u00f6nce hi\u00e7 sahip olmad\u0131klar\u0131 g\u00f6r\u00fcn\u00fcrl\u00fc\u011f\u00fc sa\u011flad\u0131. &nbsp; Bobby Brederlow, trizomi 21, di\u011fer ad\u0131yla Down sendromlu olarak do\u011fdu ve Almanya&#8217;n\u0131n en \u00e7ok tan\u0131nm\u0131\u015f engelli oyuncusudur. &nbsp; \u201cLiebe und andere Katastrophen,\u201d dizisinde oynad\u0131, \u201cAlphateam\u201dde yer ald\u0131, \u201cF\u00fcr [&hellip;]<\/p>\n","protected":false},"author":28,"featured_media":0,"parent":0,"menu_order":0,"comment_status":"closed","ping_status":"closed","template":"","meta":{"site-sidebar-layout":"no-sidebar","site-content-layout":"page-builder","ast-site-content-layout":"default","site-content-style":"default","site-sidebar-style":"default","ast-global-header-display":"","ast-banner-title-visibility":"","ast-main-header-display":"","ast-hfb-above-header-display":"","ast-hfb-below-header-display":"","ast-hfb-mobile-header-display":"","site-post-title":"disabled","ast-breadcrumbs-content":"","ast-featured-img":"disabled","footer-sml-layout":"","theme-transparent-header-meta":"","adv-header-id-meta":"","stick-header-meta":"","header-above-stick-meta":"","header-main-stick-meta":"","header-below-stick-meta":"","astra-migrate-meta-layouts":"default","ast-page-background-enabled":"default","ast-page-background-meta":{"desktop":{"background-color":"","background-image":"","background-repeat":"repeat","background-position":"center center","background-size":"auto","background-attachment":"scroll","background-type":"","background-media":"","overlay-type":"","overlay-color":"","overlay-opacity":"","overlay-gradient":""},"tablet":{"background-color":"","background-image":"","background-repeat":"repeat","background-position":"center center","background-size":"auto","background-attachment":"scroll","background-type":"","background-media":"","overlay-type":"","overlay-color":"","overlay-opacity":"","overlay-gradient":""},"mobile":{"background-color":"","background-image":"","background-repeat":"repeat","background-position":"center center","background-size":"auto","background-attachment":"scroll","background-type":"","background-media":"","overlay-type":"","overlay-color":"","overlay-opacity":"","overlay-gradient":""}},"ast-content-background-meta":{"desktop":{"background-color":"var(--ast-global-color-5)","background-image":"","background-repeat":"repeat","background-position":"center center","background-size":"auto","background-attachment":"scroll","background-type":"","background-media":"","overlay-type":"","overlay-color":"","overlay-opacity":"","overlay-gradient":""},"tablet":{"background-color":"var(--ast-global-color-5)","background-image":"","background-repeat":"repeat","background-position":"center center","background-size":"auto","background-attachment":"scroll","background-type":"","background-media":"","overlay-type":"","overlay-color":"","overlay-opacity":"","overlay-gradient":""},"mobile":{"background-color":"var(--ast-global-color-5)","background-image":"","background-repeat":"repeat","background-position":"center center","background-size":"auto","background-attachment":"scroll","background-type":"","background-media":"","overlay-type":"","overlay-color":"","overlay-opacity":"","overlay-gradient":""}},"footnotes":""},"class_list":["post-21692","page","type-page","status-publish","hentry"],"_links":{"self":[{"href":"https:\/\/www.toleranzraeume.org\/tr\/wp-json\/wp\/v2\/pages\/21692","targetHints":{"allow":["GET"]}}],"collection":[{"href":"https:\/\/www.toleranzraeume.org\/tr\/wp-json\/wp\/v2\/pages"}],"about":[{"href":"https:\/\/www.toleranzraeume.org\/tr\/wp-json\/wp\/v2\/types\/page"}],"author":[{"embeddable":true,"href":"https:\/\/www.toleranzraeume.org\/tr\/wp-json\/wp\/v2\/users\/28"}],"replies":[{"embeddable":true,"href":"https:\/\/www.toleranzraeume.org\/tr\/wp-json\/wp\/v2\/comments?post=21692"}],"version-history":[{"count":1,"href":"https:\/\/www.toleranzraeume.org\/tr\/wp-json\/wp\/v2\/pages\/21692\/revisions"}],"predecessor-version":[{"id":21693,"href":"https:\/\/www.toleranzraeume.org\/tr\/wp-json\/wp\/v2\/pages\/21692\/revisions\/21693"}],"wp:attachment":[{"href":"https:\/\/www.toleranzraeume.org\/tr\/wp-json\/wp\/v2\/media?parent=21692"}],"curies":[{"name":"wp","href":"https:\/\/api.w.org\/{rel}","templated":true}]}}