{"id":21696,"date":"2023-03-22T11:25:48","date_gmt":"2023-03-22T10:25:48","guid":{"rendered":"https:\/\/www.toleranzraeume.org\/serpil-temiz-unvar\/"},"modified":"2024-05-15T14:06:32","modified_gmt":"2024-05-15T12:06:32","slug":"serpil-temiz-unvar","status":"publish","type":"page","link":"https:\/\/www.toleranzraeume.org\/tr\/serpil-temiz-unvar\/","title":{"rendered":"Serpil Temiz Unvar"},"content":{"rendered":"\t\t<div data-elementor-type=\"wp-page\" data-elementor-id=\"21696\" class=\"elementor elementor-21696 elementor-8378\" data-elementor-post-type=\"page\">\n\t\t\t\t\t\t<section class=\"elementor-section elementor-top-section elementor-element elementor-element-40890cca elementor-section-boxed elementor-section-height-default elementor-section-height-default\" data-id=\"40890cca\" data-element_type=\"section\" data-settings=\"{&quot;background_background&quot;:&quot;classic&quot;}\">\n\t\t\t\t\t\t<div class=\"elementor-container elementor-column-gap-default\">\n\t\t\t\t\t<div class=\"elementor-column elementor-col-100 elementor-top-column elementor-element elementor-element-40361000\" data-id=\"40361000\" data-element_type=\"column\">\n\t\t\t<div class=\"elementor-widget-wrap elementor-element-populated\">\n\t\t\t\t\t\t<div class=\"elementor-element elementor-element-2d43c833 elementor-widget elementor-widget-heading\" data-id=\"2d43c833\" data-element_type=\"widget\" data-widget_type=\"heading.default\">\n\t\t\t\t<div class=\"elementor-widget-container\">\n\t\t\t\t\t<h1 class=\"elementor-heading-title elementor-size-default\">Serpil Temiz Unvar<\/h1>\t\t\t\t<\/div>\n\t\t\t\t<\/div>\n\t\t\t\t<div class=\"elementor-element elementor-element-786aea78 elementor-widget elementor-widget-heading\" data-id=\"786aea78\" data-element_type=\"widget\" data-widget_type=\"heading.default\">\n\t\t\t\t<div class=\"elementor-widget-container\">\n\t\t\t\t\t<h2 class=\"elementor-heading-title elementor-size-default\">(T\u00fcrkiye'de do\u011fdu, Hanau\u2019da ya\u015f\u0131yor)<\/h2>\t\t\t\t<\/div>\n\t\t\t\t<\/div>\n\t\t\t\t\t<\/div>\n\t\t<\/div>\n\t\t\t\t\t<\/div>\n\t\t<\/section>\n\t\t\t\t<section class=\"elementor-section elementor-top-section elementor-element elementor-element-6c591398 elementor-reverse-mobile elementor-section-boxed elementor-section-height-default elementor-section-height-default\" data-id=\"6c591398\" data-element_type=\"section\">\n\t\t\t\t\t\t<div class=\"elementor-container elementor-column-gap-default\">\n\t\t\t\t\t<div class=\"elementor-column elementor-col-66 elementor-top-column elementor-element elementor-element-74c07d87\" data-id=\"74c07d87\" data-element_type=\"column\">\n\t\t\t<div class=\"elementor-widget-wrap elementor-element-populated\">\n\t\t\t\t\t\t<div class=\"elementor-element elementor-element-594f9b74 elementor-widget elementor-widget-heading\" data-id=\"594f9b74\" data-element_type=\"widget\" data-widget_type=\"heading.default\">\n\t\t\t\t<div class=\"elementor-widget-container\">\n\t\t\t\t\t<h2 class=\"elementor-heading-title elementor-size-default\">\u201c\u00c7ocuklar d\u00fcnyaya geldiklerinde birlikte ya\u015famaya ve \u00f6\u011frenmeye haz\u0131rlar. Hi\u00e7 kimse hangi uyrukla do\u011faca\u011f\u0131na karar vermez. Nefret ve \u0131rk\u00e7\u0131l\u0131k do\u011fu\u015ftan gelmez, aktar\u0131l\u0131r.\u201d<\/h2>\t\t\t\t<\/div>\n\t\t\t\t<\/div>\n\t\t\t\t<div class=\"elementor-element elementor-element-3c036850 elementor-widget elementor-widget-text-editor\" data-id=\"3c036850\" data-element_type=\"widget\" data-widget_type=\"text-editor.default\">\n\t\t\t\t<div class=\"elementor-widget-container\">\n\t\t\t\t\t\t\t\t\t<p>Serpil Temiz-Unvar\u2019\u0131n o\u011flu Hanau\u2019da a\u015f\u0131r\u0131 bir sa\u011fc\u0131 taraf\u0131ndan katledildi \u2013 bunun \u00fczerine o\u011flunun ad\u0131n\u0131 ta\u015f\u0131yan \u201c<a href=\"https:\/\/www.bildungsinitiative-ferhatunvar.de\/\" rel=\"nofollow noopener\" target=\"_blank\">Ferhat Unvar E\u011fitim Giri\u015fimi<\/a>\u201dni kurdu.<\/p>\n<p>&nbsp;<\/p>\n<p>T\u00fcrkiye\u2019nin g\u00fcneyinde do\u011fan Serpil Temiz-Unvar \u00e7ocukken anne babas\u0131yla Fransa\u2019ya g\u00f6\u00e7t\u00fc. Daha sonra kocas\u0131yla birlikte d\u00f6rt \u00e7ocuk\u00a0 yeti\u015ftirdi\u011fi Hanau\u2019a yerle\u015fti.\u00a0 Bu \u00e7ocuklardan biri olan Ferhat, 2020 y\u0131l\u0131nda Hanau\u2019daki bir ter\u00f6r sald\u0131r\u0131s\u0131nda, sekiz insanla birlikte a\u015f\u0131r\u0131 sa\u011fc\u0131 bir fail taraf\u0131ndan katledildi. O\u011flunun \u00f6l\u00fcm\u00fcne yol a\u00e7an vah\u015fi \u0131rk\u00e7\u0131l\u0131\u011fa a\u00e7\u0131k bir mesaj vermek i\u00e7in Serpil Temiz-Unvar bir siyasi e\u011fitim giri\u015fimi kurdu. Bu giri\u015fim sayesinde \u0131rk\u00e7\u0131 ayr\u0131mc\u0131l\u0131\u011fa u\u011frayan \u00e7ocuklar, gen\u00e7ler, gen\u00e7 yeti\u015fkinler ve anne babalar ba\u015fvurabilecekleri, dan\u0131\u015fmanl\u0131k alabilecekleri ve bu ayr\u0131mc\u0131l\u0131kla ba\u015f edebilecekleri bir imk\u00e2na kavu\u015ftular. Giri\u015fim, ayr\u0131ca \u0131rk\u00e7\u0131l\u0131k temas\u0131n\u0131 m\u00fcfredata dahil ederek ele almalar\u0131 konusunda \u00f6\u011fretmenlere de destek veriyor.<\/p>\n<p>Bug\u00fcn Serpil Temiz-Unvar o\u011flunun kayb\u0131n\u0131n yaratt\u0131\u011f\u0131 ac\u0131yla ya\u015famaya devam ederken onun kar\u015f\u0131la\u015ft\u0131\u011f\u0131 nefretle de m\u00fccadele ediyor.<\/p>\n\t\t\t\t\t\t\t\t<\/div>\n\t\t\t\t<\/div>\n\t\t\t\t<div class=\"elementor-element elementor-element-2479a23a elementor-widget elementor-widget-text-editor\" data-id=\"2479a23a\" data-element_type=\"widget\" data-widget_type=\"text-editor.default\">\n\t\t\t\t<div class=\"elementor-widget-container\">\n\t\t\t\t\t\t\t\t\t<p>* <span class=\"TextRun Highlight SCXW117656751 BCX0\" lang=\"DE-DE\" xml:lang=\"DE-DE\" data-contrast=\"none\"><span class=\"NormalTextRun SCXW117656751 BCX0\">Temiz-<\/span><span class=\"NormalTextRun SpellingErrorV2Themed SCXW117656751 BCX0\">Unvar<\/span><span class=\"NormalTextRun SCXW117656751 BCX0\">, S., Rede, Bochum, 19.2.2022, <\/span><\/span><a class=\"Hyperlink SCXW117656751 BCX0\" href=\"https:\/\/www.bo-alternativ.de\/2022\/02\/19\/redetext-von-serpil-temiz-unvar\/\" target=\"_blank\" rel=\"noreferrer noopener nofollow\"><span class=\"TextRun Highlight Underlined SCXW117656751 BCX0\" lang=\"DE-DE\" xml:lang=\"DE-DE\" data-contrast=\"none\"><span class=\"NormalTextRun SCXW117656751 BCX0\" data-ccp-charstyle=\"Hyperlink\">https:\/\/www.bo-alternativ.de\/2022\/02\/19\/redetext-von-serpil-temiz-unvar\/<\/span><\/span><\/a><span class=\"TextRun Highlight SCXW117656751 BCX0\" lang=\"DE-DE\" xml:lang=\"DE-DE\" data-contrast=\"none\"><span class=\"NormalTextRun SCXW117656751 BCX0\"> (17.11.2022).<\/span><\/span><span class=\"EOP SCXW117656751 BCX0\" data-ccp-props=\"{&quot;201341983&quot;:0,&quot;335559739&quot;:160,&quot;335559740&quot;:259}\">\u00a0<\/span><\/p>\n\t\t\t\t\t\t\t\t<\/div>\n\t\t\t\t<\/div>\n\t\t\t\t\t<\/div>\n\t\t<\/div>\n\t\t\t\t<div class=\"elementor-column elementor-col-33 elementor-top-column elementor-element elementor-element-45b2992e\" data-id=\"45b2992e\" data-element_type=\"column\">\n\t\t\t<div class=\"elementor-widget-wrap elementor-element-populated\">\n\t\t\t\t\t\t<div class=\"elementor-element elementor-element-2dfa2c15 elementor-widget elementor-widget-image\" data-id=\"2dfa2c15\" data-element_type=\"widget\" data-widget_type=\"image.default\">\n\t\t\t\t<div class=\"elementor-widget-container\">\n\t\t\t\t\t\t\t\t\t\t\t\t<figure class=\"wp-caption\">\n\t\t\t\t\t\t\t\t\t\t<img fetchpriority=\"high\" decoding=\"async\" width=\"500\" height=\"750\" src=\"https:\/\/www.toleranzraeume.org\/wp-content\/uploads\/2023\/03\/serpil-unvar.jpg\" class=\"attachment-large size-large wp-image-16199\" alt=\"\" srcset=\"https:\/\/www.toleranzraeume.org\/wp-content\/uploads\/2023\/03\/serpil-unvar.jpg 500w, https:\/\/www.toleranzraeume.org\/wp-content\/uploads\/2023\/03\/serpil-unvar-200x300.jpg 200w\" sizes=\"(max-width: 500px) 100vw, 500px\" \/>\t\t\t\t\t\t\t\t\t\t\t<figcaption class=\"widget-image-caption wp-caption-text\">Credits: Fotograf Thomas Lohne <\/figcaption>\n\t\t\t\t\t\t\t\t\t\t<\/figure>\n\t\t\t\t\t\t\t\t\t<\/div>\n\t\t\t\t<\/div>\n\t\t\t\t\t<\/div>\n\t\t<\/div>\n\t\t\t\t\t<\/div>\n\t\t<\/section>\n\t\t\t\t<\/div>\n\t\t","protected":false},"excerpt":{"rendered":"<p>Serpil Temiz Unvar (T\u00fcrkiye&#8217;de do\u011fdu, Hanau\u2019da ya\u015f\u0131yor) \u201c\u00c7ocuklar d\u00fcnyaya geldiklerinde birlikte ya\u015famaya ve \u00f6\u011frenmeye haz\u0131rlar. Hi\u00e7 kimse hangi uyrukla do\u011faca\u011f\u0131na karar vermez. Nefret ve \u0131rk\u00e7\u0131l\u0131k do\u011fu\u015ftan gelmez, aktar\u0131l\u0131r.\u201d Serpil Temiz-Unvar\u2019\u0131n o\u011flu Hanau\u2019da a\u015f\u0131r\u0131 bir sa\u011fc\u0131 taraf\u0131ndan katledildi \u2013 bunun \u00fczerine o\u011flunun ad\u0131n\u0131 ta\u015f\u0131yan \u201cFerhat Unvar E\u011fitim Giri\u015fimi\u201dni kurdu. &nbsp; T\u00fcrkiye\u2019nin g\u00fcneyinde do\u011fan Serpil Temiz-Unvar \u00e7ocukken [&hellip;]<\/p>\n","protected":false},"author":28,"featured_media":0,"parent":0,"menu_order":0,"comment_status":"closed","ping_status":"closed","template":"","meta":{"site-sidebar-layout":"no-sidebar","site-content-layout":"page-builder","ast-site-content-layout":"default","site-content-style":"default","site-sidebar-style":"default","ast-global-header-display":"","ast-banner-title-visibility":"","ast-main-header-display":"","ast-hfb-above-header-display":"","ast-hfb-below-header-display":"","ast-hfb-mobile-header-display":"","site-post-title":"disabled","ast-breadcrumbs-content":"","ast-featured-img":"disabled","footer-sml-layout":"","theme-transparent-header-meta":"","adv-header-id-meta":"","stick-header-meta":"","header-above-stick-meta":"","header-main-stick-meta":"","header-below-stick-meta":"","astra-migrate-meta-layouts":"default","ast-page-background-enabled":"default","ast-page-background-meta":{"desktop":{"background-color":"","background-image":"","background-repeat":"repeat","background-position":"center center","background-size":"auto","background-attachment":"scroll","background-type":"","background-media":"","overlay-type":"","overlay-color":"","overlay-opacity":"","overlay-gradient":""},"tablet":{"background-color":"","background-image":"","background-repeat":"repeat","background-position":"center center","background-size":"auto","background-attachment":"scroll","background-type":"","background-media":"","overlay-type":"","overlay-color":"","overlay-opacity":"","overlay-gradient":""},"mobile":{"background-color":"","background-image":"","background-repeat":"repeat","background-position":"center center","background-size":"auto","background-attachment":"scroll","background-type":"","background-media":"","overlay-type":"","overlay-color":"","overlay-opacity":"","overlay-gradient":""}},"ast-content-background-meta":{"desktop":{"background-color":"var(--ast-global-color-5)","background-image":"","background-repeat":"repeat","background-position":"center center","background-size":"auto","background-attachment":"scroll","background-type":"","background-media":"","overlay-type":"","overlay-color":"","overlay-opacity":"","overlay-gradient":""},"tablet":{"background-color":"var(--ast-global-color-5)","background-image":"","background-repeat":"repeat","background-position":"center center","background-size":"auto","background-attachment":"scroll","background-type":"","background-media":"","overlay-type":"","overlay-color":"","overlay-opacity":"","overlay-gradient":""},"mobile":{"background-color":"var(--ast-global-color-5)","background-image":"","background-repeat":"repeat","background-position":"center center","background-size":"auto","background-attachment":"scroll","background-type":"","background-media":"","overlay-type":"","overlay-color":"","overlay-opacity":"","overlay-gradient":""}},"footnotes":""},"class_list":["post-21696","page","type-page","status-publish","hentry"],"_links":{"self":[{"href":"https:\/\/www.toleranzraeume.org\/tr\/wp-json\/wp\/v2\/pages\/21696","targetHints":{"allow":["GET"]}}],"collection":[{"href":"https:\/\/www.toleranzraeume.org\/tr\/wp-json\/wp\/v2\/pages"}],"about":[{"href":"https:\/\/www.toleranzraeume.org\/tr\/wp-json\/wp\/v2\/types\/page"}],"author":[{"embeddable":true,"href":"https:\/\/www.toleranzraeume.org\/tr\/wp-json\/wp\/v2\/users\/28"}],"replies":[{"embeddable":true,"href":"https:\/\/www.toleranzraeume.org\/tr\/wp-json\/wp\/v2\/comments?post=21696"}],"version-history":[{"count":1,"href":"https:\/\/www.toleranzraeume.org\/tr\/wp-json\/wp\/v2\/pages\/21696\/revisions"}],"predecessor-version":[{"id":21697,"href":"https:\/\/www.toleranzraeume.org\/tr\/wp-json\/wp\/v2\/pages\/21696\/revisions\/21697"}],"wp:attachment":[{"href":"https:\/\/www.toleranzraeume.org\/tr\/wp-json\/wp\/v2\/media?parent=21696"}],"curies":[{"name":"wp","href":"https:\/\/api.w.org\/{rel}","templated":true}]}}