{"id":21711,"date":"2022-12-21T16:02:55","date_gmt":"2022-12-21T15:02:55","guid":{"rendered":"https:\/\/www.toleranzraeume.org\/marianne-rosenberg\/"},"modified":"2024-05-15T14:47:12","modified_gmt":"2024-05-15T12:47:12","slug":"marianne-rosenberg","status":"publish","type":"page","link":"https:\/\/www.toleranzraeume.org\/tr\/marianne-rosenberg\/","title":{"rendered":"Marianne Rosenberg"},"content":{"rendered":"\t\t<div data-elementor-type=\"wp-page\" data-elementor-id=\"21711\" class=\"elementor elementor-21711 elementor-5821\" data-elementor-post-type=\"page\">\n\t\t\t\t\t\t<section class=\"elementor-section elementor-top-section elementor-element elementor-element-4458fc44 elementor-section-boxed elementor-section-height-default elementor-section-height-default\" data-id=\"4458fc44\" data-element_type=\"section\" data-settings=\"{&quot;background_background&quot;:&quot;classic&quot;}\">\n\t\t\t\t\t\t<div class=\"elementor-container elementor-column-gap-default\">\n\t\t\t\t\t<div class=\"elementor-column elementor-col-100 elementor-top-column elementor-element elementor-element-7ad24249\" data-id=\"7ad24249\" data-element_type=\"column\">\n\t\t\t<div class=\"elementor-widget-wrap elementor-element-populated\">\n\t\t\t\t\t\t<div class=\"elementor-element elementor-element-4bd2688f elementor-widget elementor-widget-heading\" data-id=\"4bd2688f\" data-element_type=\"widget\" data-widget_type=\"heading.default\">\n\t\t\t\t<div class=\"elementor-widget-container\">\n\t\t\t\t\t<h1 class=\"elementor-heading-title elementor-size-default\">Marianne Rosenberg<\/h1>\t\t\t\t<\/div>\n\t\t\t\t<\/div>\n\t\t\t\t<div class=\"elementor-element elementor-element-61efa764 elementor-widget elementor-widget-heading\" data-id=\"61efa764\" data-element_type=\"widget\" data-widget_type=\"heading.default\">\n\t\t\t\t<div class=\"elementor-widget-container\">\n\t\t\t\t\t<h2 class=\"elementor-heading-title elementor-size-default\">(do\u011fum: 1955, Berlin)<\/h2>\t\t\t\t<\/div>\n\t\t\t\t<\/div>\n\t\t\t\t\t<\/div>\n\t\t<\/div>\n\t\t\t\t\t<\/div>\n\t\t<\/section>\n\t\t\t\t<section class=\"elementor-section elementor-top-section elementor-element elementor-element-2ad22de6 elementor-reverse-mobile elementor-section-boxed elementor-section-height-default elementor-section-height-default\" data-id=\"2ad22de6\" data-element_type=\"section\">\n\t\t\t\t\t\t<div class=\"elementor-container elementor-column-gap-default\">\n\t\t\t\t\t<div class=\"elementor-column elementor-col-66 elementor-top-column elementor-element elementor-element-745d3969\" data-id=\"745d3969\" data-element_type=\"column\">\n\t\t\t<div class=\"elementor-widget-wrap elementor-element-populated\">\n\t\t\t\t\t\t<div class=\"elementor-element elementor-element-6e0987dd elementor-widget elementor-widget-heading\" data-id=\"6e0987dd\" data-element_type=\"widget\" data-widget_type=\"heading.default\">\n\t\t\t\t<div class=\"elementor-widget-container\">\n\t\t\t\t\t<h2 class=\"elementor-heading-title elementor-size-default\">\u201cBu m\u00fccadelenin bir lamba gibi kapat\u0131labilece\u011fine asla inanm\u0131yorum. Auschwitz\u2019den kurtulanlar\u0131n \u00e7ocuklar\u0131 her zaman d\u00fcnyaya di\u011ferlerinden farkl\u0131 bakacak, toplumda fa\u015fizmi te\u015fvik eden olaylar ya\u015fand\u0131\u011f\u0131nda da daima bir g\u00f6zleri a\u00e7\u0131k olacakt\u0131r\u201d<\/h2>\t\t\t\t<\/div>\n\t\t\t\t<\/div>\n\t\t\t\t<div class=\"elementor-element elementor-element-568811f0 elementor-widget elementor-widget-text-editor\" data-id=\"568811f0\" data-element_type=\"widget\" data-widget_type=\"text-editor.default\">\n\t\t\t\t<div class=\"elementor-widget-container\">\n\t\t\t\t\t\t\t\t\t<p>Marianne Rosenberg nefretin kar\u015f\u0131s\u0131na sevgi koyuyor.<\/p>\n<p>Alman pop \u015fark\u0131c\u0131s\u0131 Marianne Rosenberg, \u00f6zellikle 1970\u2019li y\u0131llarda m\u00fczi\u011fiyle Almanya&#8217;da \u00e7ok say\u0131da ba\u015far\u0131ya imza att\u0131. Bir zamanlar, Avrupal\u0131 Sintilere ve Romanlara y\u00f6nelik Nazi soyk\u0131r\u0131m\u0131ndan (Roman dilinde \u201cPorajmos\u201d olarak bilinen) kurtulan Sinti babas\u0131 Otto Rosenberg, k\u00f6keninden bahsetmemesi i\u00e7in ikna etmi\u015fti onu. Marianne\u2019nin \u0131rk\u00e7\u0131lar\u0131n sald\u0131r\u0131s\u0131na u\u011frayabilece\u011fi ve kariyerinin bundan olumsuz etkilenece\u011finden korkuyordu. 2006 y\u0131l\u0131nda Marianne \u201cKokolores\u201d ad\u0131yla yay\u0131nlad\u0131\u011f\u0131 otobiyografisinde Sinti kimli\u011finden kaynaklanan zorluklar\u0131 dile getirdi. \u201cZaman\u0131n her \u015feyi iyile\u015ftirece\u011fini iddia edenler yan\u0131l\u0131yor. Bunu yapmaya bir insan hayat\u0131 yetmedi,&#8221; diye yaz\u0131yor Marianne Rosenberg.<\/p>\n<p>K\u0131sa bir s\u00fcre sonra Almanya&#8217;n\u0131n Sinti ve Romanlar\u0131n\u0131n m\u00fccadeleci temsilcisine, muhtemelen de en \u00fcnl\u00fc y\u00fcz\u00fc haline geldi.<\/p>\n\t\t\t\t\t\t\t\t<\/div>\n\t\t\t\t<\/div>\n\t\t\t\t<div class=\"elementor-element elementor-element-48e1d497 elementor-widget elementor-widget-text-editor\" data-id=\"48e1d497\" data-element_type=\"widget\" data-widget_type=\"text-editor.default\">\n\t\t\t\t<div class=\"elementor-widget-container\">\n\t\t\t\t\t\t\t\t\t<p>\u201cYa\u015flanmak benim i\u00e7in harika bir \u015fey,\u201d Marianne Rosenberg \u00f6zel r\u00f6portaj, \u015funun i\u00e7inde: Meine Melodie, 05\/2020, S. 20-21.<\/p>\n\t\t\t\t\t\t\t\t<\/div>\n\t\t\t\t<\/div>\n\t\t\t\t\t<\/div>\n\t\t<\/div>\n\t\t\t\t<div class=\"elementor-column elementor-col-33 elementor-top-column elementor-element elementor-element-5e026612\" data-id=\"5e026612\" data-element_type=\"column\">\n\t\t\t<div class=\"elementor-widget-wrap elementor-element-populated\">\n\t\t\t\t\t\t<div class=\"elementor-element elementor-element-5852808b elementor-widget elementor-widget-image\" data-id=\"5852808b\" data-element_type=\"widget\" data-widget_type=\"image.default\">\n\t\t\t\t<div class=\"elementor-widget-container\">\n\t\t\t\t\t\t\t\t\t\t\t\t<figure class=\"wp-caption\">\n\t\t\t\t\t\t\t\t\t\t<img fetchpriority=\"high\" decoding=\"async\" width=\"538\" height=\"746\" src=\"https:\/\/www.toleranzraeume.org\/wp-content\/uploads\/2023\/01\/Marianne-Rosenberg.jpg\" class=\"attachment-large size-large wp-image-16174\" alt=\"\" srcset=\"https:\/\/www.toleranzraeume.org\/wp-content\/uploads\/2023\/01\/Marianne-Rosenberg.jpg 538w, https:\/\/www.toleranzraeume.org\/wp-content\/uploads\/2023\/01\/Marianne-Rosenberg-216x300.jpg 216w\" sizes=\"(max-width: 538px) 100vw, 538px\" \/>\t\t\t\t\t\t\t\t\t\t\t<figcaption class=\"widget-image-caption wp-caption-text\">Credits: Sandra Ludewig <\/figcaption>\n\t\t\t\t\t\t\t\t\t\t<\/figure>\n\t\t\t\t\t\t\t\t\t<\/div>\n\t\t\t\t<\/div>\n\t\t\t\t\t<\/div>\n\t\t<\/div>\n\t\t\t\t\t<\/div>\n\t\t<\/section>\n\t\t\t\t<\/div>\n\t\t","protected":false},"excerpt":{"rendered":"<p>Marianne Rosenberg (do\u011fum: 1955, Berlin) \u201cBu m\u00fccadelenin bir lamba gibi kapat\u0131labilece\u011fine asla inanm\u0131yorum. Auschwitz\u2019den kurtulanlar\u0131n \u00e7ocuklar\u0131 her zaman d\u00fcnyaya di\u011ferlerinden farkl\u0131 bakacak, toplumda fa\u015fizmi te\u015fvik eden olaylar ya\u015fand\u0131\u011f\u0131nda da daima bir g\u00f6zleri a\u00e7\u0131k olacakt\u0131r\u201d Marianne Rosenberg nefretin kar\u015f\u0131s\u0131na sevgi koyuyor. Alman pop \u015fark\u0131c\u0131s\u0131 Marianne Rosenberg, \u00f6zellikle 1970\u2019li y\u0131llarda m\u00fczi\u011fiyle Almanya&#8217;da \u00e7ok say\u0131da ba\u015far\u0131ya imza att\u0131. [&hellip;]<\/p>\n","protected":false},"author":28,"featured_media":0,"parent":0,"menu_order":0,"comment_status":"closed","ping_status":"closed","template":"","meta":{"site-sidebar-layout":"no-sidebar","site-content-layout":"page-builder","ast-site-content-layout":"default","site-content-style":"default","site-sidebar-style":"default","ast-global-header-display":"","ast-banner-title-visibility":"","ast-main-header-display":"","ast-hfb-above-header-display":"","ast-hfb-below-header-display":"","ast-hfb-mobile-header-display":"","site-post-title":"disabled","ast-breadcrumbs-content":"","ast-featured-img":"disabled","footer-sml-layout":"","theme-transparent-header-meta":"","adv-header-id-meta":"","stick-header-meta":"","header-above-stick-meta":"","header-main-stick-meta":"","header-below-stick-meta":"","astra-migrate-meta-layouts":"default","ast-page-background-enabled":"default","ast-page-background-meta":{"desktop":{"background-color":"","background-image":"","background-repeat":"repeat","background-position":"center center","background-size":"auto","background-attachment":"scroll","background-type":"","background-media":"","overlay-type":"","overlay-color":"","overlay-opacity":"","overlay-gradient":""},"tablet":{"background-color":"","background-image":"","background-repeat":"repeat","background-position":"center center","background-size":"auto","background-attachment":"scroll","background-type":"","background-media":"","overlay-type":"","overlay-color":"","overlay-opacity":"","overlay-gradient":""},"mobile":{"background-color":"","background-image":"","background-repeat":"repeat","background-position":"center center","background-size":"auto","background-attachment":"scroll","background-type":"","background-media":"","overlay-type":"","overlay-color":"","overlay-opacity":"","overlay-gradient":""}},"ast-content-background-meta":{"desktop":{"background-color":"var(--ast-global-color-5)","background-image":"","background-repeat":"repeat","background-position":"center center","background-size":"auto","background-attachment":"scroll","background-type":"","background-media":"","overlay-type":"","overlay-color":"","overlay-opacity":"","overlay-gradient":""},"tablet":{"background-color":"var(--ast-global-color-5)","background-image":"","background-repeat":"repeat","background-position":"center center","background-size":"auto","background-attachment":"scroll","background-type":"","background-media":"","overlay-type":"","overlay-color":"","overlay-opacity":"","overlay-gradient":""},"mobile":{"background-color":"var(--ast-global-color-5)","background-image":"","background-repeat":"repeat","background-position":"center center","background-size":"auto","background-attachment":"scroll","background-type":"","background-media":"","overlay-type":"","overlay-color":"","overlay-opacity":"","overlay-gradient":""}},"footnotes":""},"class_list":["post-21711","page","type-page","status-publish","hentry"],"_links":{"self":[{"href":"https:\/\/www.toleranzraeume.org\/tr\/wp-json\/wp\/v2\/pages\/21711","targetHints":{"allow":["GET"]}}],"collection":[{"href":"https:\/\/www.toleranzraeume.org\/tr\/wp-json\/wp\/v2\/pages"}],"about":[{"href":"https:\/\/www.toleranzraeume.org\/tr\/wp-json\/wp\/v2\/types\/page"}],"author":[{"embeddable":true,"href":"https:\/\/www.toleranzraeume.org\/tr\/wp-json\/wp\/v2\/users\/28"}],"replies":[{"embeddable":true,"href":"https:\/\/www.toleranzraeume.org\/tr\/wp-json\/wp\/v2\/comments?post=21711"}],"version-history":[{"count":1,"href":"https:\/\/www.toleranzraeume.org\/tr\/wp-json\/wp\/v2\/pages\/21711\/revisions"}],"predecessor-version":[{"id":21712,"href":"https:\/\/www.toleranzraeume.org\/tr\/wp-json\/wp\/v2\/pages\/21711\/revisions\/21712"}],"wp:attachment":[{"href":"https:\/\/www.toleranzraeume.org\/tr\/wp-json\/wp\/v2\/media?parent=21711"}],"curies":[{"name":"wp","href":"https:\/\/api.w.org\/{rel}","templated":true}]}}