{"id":21715,"date":"2023-03-22T15:16:29","date_gmt":"2023-03-22T14:16:29","guid":{"rendered":"https:\/\/www.toleranzraeume.org\/gianni-jovanovic\/"},"modified":"2024-05-15T14:49:55","modified_gmt":"2024-05-15T12:49:55","slug":"gianni-jovanovic","status":"publish","type":"page","link":"https:\/\/www.toleranzraeume.org\/tr\/gianni-jovanovic\/","title":{"rendered":"Gianni Jovanovic"},"content":{"rendered":"\t\t<div data-elementor-type=\"wp-page\" data-elementor-id=\"21715\" class=\"elementor elementor-21715 elementor-8522\" data-elementor-post-type=\"page\">\n\t\t\t\t\t\t<section class=\"elementor-section elementor-top-section elementor-element elementor-element-4ae3bf71 elementor-section-boxed elementor-section-height-default elementor-section-height-default\" data-id=\"4ae3bf71\" data-element_type=\"section\" data-settings=\"{&quot;background_background&quot;:&quot;classic&quot;}\">\n\t\t\t\t\t\t<div class=\"elementor-container elementor-column-gap-default\">\n\t\t\t\t\t<div class=\"elementor-column elementor-col-100 elementor-top-column elementor-element elementor-element-10fd31ee\" data-id=\"10fd31ee\" data-element_type=\"column\">\n\t\t\t<div class=\"elementor-widget-wrap elementor-element-populated\">\n\t\t\t\t\t\t<div class=\"elementor-element elementor-element-78ccba18 elementor-widget elementor-widget-heading\" data-id=\"78ccba18\" data-element_type=\"widget\" data-widget_type=\"heading.default\">\n\t\t\t\t<div class=\"elementor-widget-container\">\n\t\t\t\t\t<h1 class=\"elementor-heading-title elementor-size-default\">Gianni Jovanovic<\/h1>\t\t\t\t<\/div>\n\t\t\t\t<\/div>\n\t\t\t\t<div class=\"elementor-element elementor-element-5625b8ec elementor-widget elementor-widget-heading\" data-id=\"5625b8ec\" data-element_type=\"widget\" data-widget_type=\"heading.default\">\n\t\t\t\t<div class=\"elementor-widget-container\">\n\t\t\t\t\t<h2 class=\"elementor-heading-title elementor-size-default\">(do\u011fum: 1978, R\u00fcsselsheim, Hessen)<\/h2>\t\t\t\t<\/div>\n\t\t\t\t<\/div>\n\t\t\t\t\t<\/div>\n\t\t<\/div>\n\t\t\t\t\t<\/div>\n\t\t<\/section>\n\t\t\t\t<section class=\"elementor-section elementor-top-section elementor-element elementor-element-538e0ac elementor-reverse-mobile elementor-section-boxed elementor-section-height-default elementor-section-height-default\" data-id=\"538e0ac\" data-element_type=\"section\">\n\t\t\t\t\t\t<div class=\"elementor-container elementor-column-gap-default\">\n\t\t\t\t\t<div class=\"elementor-column elementor-col-66 elementor-top-column elementor-element elementor-element-2bd19b0b\" data-id=\"2bd19b0b\" data-element_type=\"column\">\n\t\t\t<div class=\"elementor-widget-wrap elementor-element-populated\">\n\t\t\t\t\t\t<div class=\"elementor-element elementor-element-59a9c04b elementor-widget elementor-widget-heading\" data-id=\"59a9c04b\" data-element_type=\"widget\" data-widget_type=\"heading.default\">\n\t\t\t\t<div class=\"elementor-widget-container\">\n\t\t\t\t\t<h2 class=\"elementor-heading-title elementor-size-default\">\u201cOdadaysam ve benim i\u00e7in bu ayr\u0131mc\u0131 \u00e7ingene kelimesini kullan\u0131rsan \u0131rk\u00e7\u0131l\u0131\u011f\u0131 artt\u0131rd\u0131\u011f\u0131n\u0131 s\u00f6ylememi ho\u015f g\u00f6rmek zorundas\u0131n.\u201d<\/h2>\t\t\t\t<\/div>\n\t\t\t\t<\/div>\n\t\t\t\t<div class=\"elementor-element elementor-element-164c4308 elementor-widget elementor-widget-text-editor\" data-id=\"164c4308\" data-element_type=\"widget\" data-widget_type=\"text-editor.default\">\n\t\t\t\t<div class=\"elementor-widget-container\">\n\t\t\t\t\t\t\t\t\tGianni Jovanovic bir Queer ve Roman aktivist, \u015fovmen ve giri\u015fimci, hareketli bir hayat hikayesi var.\r\n\r\nGianni Jovanovic, Roman bir ailenin o\u011flu olarak Hessen\u2019de b\u00fcy\u00fcd\u00fc. \u00c7ocuklu\u011fundan beri \u0131rk\u00e7\u0131l\u0131kla, \u015fiddetle ve ayr\u0131mc\u0131l\u0131kla kar\u015f\u0131la\u015ft\u0131. 1982 y\u0131l\u0131nda bir gece, d\u00f6rt ya\u015f\u0131nda olan Gianni, ya\u015fad\u0131\u011f\u0131 evin bombal\u0131 bir sald\u0131r\u0131ya hedef tahtas\u0131 oldu\u011funu g\u00f6rd\u00fc. Ailesi kendini d\u0131\u015far\u0131 at\u0131p kurtard\u0131\u011f\u0131 anda da etraftan \u00fczerlerine kald\u0131r\u0131m ta\u015flar\u0131 ya\u011fm\u0131\u015ft\u0131.\r\n\r\nJovanovic, on d\u00f6rt ya\u015f\u0131ndayken anne babas\u0131n\u0131n zoruyla ya\u015f\u0131t\u0131 bir k\u0131zla evlendirilir ve iki y\u0131l sonra ilk \u00e7ocuklar\u0131 do\u011far, sonras\u0131nda cinsel y\u00f6nelimini ilan eder, bo\u015fan\u0131r, bug\u00fcnk\u00fc kocas\u0131yla evlenir ve bu arada iki torun sahibi olur.\r\n\r\n\u201cQueer Roma&#8221; Giri\u015fimini kurar, \u201cSafe Space\u201d Derne\u011fi ve \u201cColours of Change&#8221; Kolektifine angaje olur. B\u00f6ylece Siyahi ve Renkli queer \u0130nsanlar\u0131n haklar\u0131n\u0131, g\u00fcvenli\u011fini ve g\u00f6r\u00fcn\u00fcrl\u00fc\u011f\u00fcn\u00fc savunur. Gruplar aras\u0131 aktivizm \u00e7al\u0131\u015fmalar\u0131yla Jovanovic, Almanya&#8217;daki Roman ve Sinti topluluklar\u0131n\u0131n \u00f6nemli bir sesi haline geldi. Ayr\u0131ca Stand-up komedyenidir ve seyircilerine mizahi ama ac\u0131mas\u0131z ve d\u00fcr\u00fcst bir \u015fekilde \u00f6nemli toplumsal konular\u0131 sunar.\t\t\t\t\t\t\t\t<\/div>\n\t\t\t\t<\/div>\n\t\t\t\t<div class=\"elementor-element elementor-element-43ea6e04 elementor-widget elementor-widget-text-editor\" data-id=\"43ea6e04\" data-element_type=\"widget\" data-widget_type=\"text-editor.default\">\n\t\t\t\t<div class=\"elementor-widget-container\">\n\t\t\t\t\t\t\t\t\t<p>Koopmann, C., Diese Schnitzelsauce mit Z, \u015funun i\u00e7inde: S\u00fcddeutsche Zeitung, 5.02.2021.<\/p>\n\t\t\t\t\t\t\t\t<\/div>\n\t\t\t\t<\/div>\n\t\t\t\t\t<\/div>\n\t\t<\/div>\n\t\t\t\t<div class=\"elementor-column elementor-col-33 elementor-top-column elementor-element elementor-element-3575ec15\" data-id=\"3575ec15\" data-element_type=\"column\">\n\t\t\t<div class=\"elementor-widget-wrap elementor-element-populated\">\n\t\t\t\t\t\t<div class=\"elementor-element elementor-element-30f2ab71 elementor-widget elementor-widget-image\" data-id=\"30f2ab71\" data-element_type=\"widget\" data-widget_type=\"image.default\">\n\t\t\t\t<div class=\"elementor-widget-container\">\n\t\t\t\t\t\t\t\t\t\t\t\t<figure class=\"wp-caption\">\n\t\t\t\t\t\t\t\t\t\t<img fetchpriority=\"high\" decoding=\"async\" width=\"500\" height=\"750\" src=\"https:\/\/www.toleranzraeume.org\/wp-content\/uploads\/2023\/03\/2021-08-28-Gianni-Jovanovich-Oyindamola-Alashe_Koeln_3823922.jpg\" class=\"attachment-large size-large wp-image-16211\" alt=\"\" srcset=\"https:\/\/www.toleranzraeume.org\/wp-content\/uploads\/2023\/03\/2021-08-28-Gianni-Jovanovich-Oyindamola-Alashe_Koeln_3823922.jpg 500w, https:\/\/www.toleranzraeume.org\/wp-content\/uploads\/2023\/03\/2021-08-28-Gianni-Jovanovich-Oyindamola-Alashe_Koeln_3823922-200x300.jpg 200w\" sizes=\"(max-width: 500px) 100vw, 500px\" \/>\t\t\t\t\t\t\t\t\t\t\t<figcaption class=\"widget-image-caption wp-caption-text\">Credits: Carolin Windel <\/figcaption>\n\t\t\t\t\t\t\t\t\t\t<\/figure>\n\t\t\t\t\t\t\t\t\t<\/div>\n\t\t\t\t<\/div>\n\t\t\t\t\t<\/div>\n\t\t<\/div>\n\t\t\t\t\t<\/div>\n\t\t<\/section>\n\t\t\t\t<\/div>\n\t\t","protected":false},"excerpt":{"rendered":"<p>Gianni Jovanovic (do\u011fum: 1978, R\u00fcsselsheim, Hessen) \u201cOdadaysam ve benim i\u00e7in bu ayr\u0131mc\u0131 \u00e7ingene kelimesini kullan\u0131rsan \u0131rk\u00e7\u0131l\u0131\u011f\u0131 artt\u0131rd\u0131\u011f\u0131n\u0131 s\u00f6ylememi ho\u015f g\u00f6rmek zorundas\u0131n.\u201d Gianni Jovanovic bir Queer ve Roman aktivist, \u015fovmen ve giri\u015fimci, hareketli bir hayat hikayesi var. Gianni Jovanovic, Roman bir ailenin o\u011flu olarak Hessen\u2019de b\u00fcy\u00fcd\u00fc. \u00c7ocuklu\u011fundan beri \u0131rk\u00e7\u0131l\u0131kla, \u015fiddetle ve ayr\u0131mc\u0131l\u0131kla kar\u015f\u0131la\u015ft\u0131. 1982 y\u0131l\u0131nda bir [&hellip;]<\/p>\n","protected":false},"author":15,"featured_media":0,"parent":0,"menu_order":0,"comment_status":"closed","ping_status":"closed","template":"","meta":{"site-sidebar-layout":"no-sidebar","site-content-layout":"page-builder","ast-site-content-layout":"default","site-content-style":"default","site-sidebar-style":"default","ast-global-header-display":"","ast-banner-title-visibility":"","ast-main-header-display":"","ast-hfb-above-header-display":"","ast-hfb-below-header-display":"","ast-hfb-mobile-header-display":"","site-post-title":"disabled","ast-breadcrumbs-content":"","ast-featured-img":"disabled","footer-sml-layout":"","theme-transparent-header-meta":"","adv-header-id-meta":"","stick-header-meta":"","header-above-stick-meta":"","header-main-stick-meta":"","header-below-stick-meta":"","astra-migrate-meta-layouts":"default","ast-page-background-enabled":"default","ast-page-background-meta":{"desktop":{"background-color":"","background-image":"","background-repeat":"repeat","background-position":"center center","background-size":"auto","background-attachment":"scroll","background-type":"","background-media":"","overlay-type":"","overlay-color":"","overlay-opacity":"","overlay-gradient":""},"tablet":{"background-color":"","background-image":"","background-repeat":"repeat","background-position":"center center","background-size":"auto","background-attachment":"scroll","background-type":"","background-media":"","overlay-type":"","overlay-color":"","overlay-opacity":"","overlay-gradient":""},"mobile":{"background-color":"","background-image":"","background-repeat":"repeat","background-position":"center center","background-size":"auto","background-attachment":"scroll","background-type":"","background-media":"","overlay-type":"","overlay-color":"","overlay-opacity":"","overlay-gradient":""}},"ast-content-background-meta":{"desktop":{"background-color":"var(--ast-global-color-5)","background-image":"","background-repeat":"repeat","background-position":"center center","background-size":"auto","background-attachment":"scroll","background-type":"","background-media":"","overlay-type":"","overlay-color":"","overlay-opacity":"","overlay-gradient":""},"tablet":{"background-color":"var(--ast-global-color-5)","background-image":"","background-repeat":"repeat","background-position":"center center","background-size":"auto","background-attachment":"scroll","background-type":"","background-media":"","overlay-type":"","overlay-color":"","overlay-opacity":"","overlay-gradient":""},"mobile":{"background-color":"var(--ast-global-color-5)","background-image":"","background-repeat":"repeat","background-position":"center center","background-size":"auto","background-attachment":"scroll","background-type":"","background-media":"","overlay-type":"","overlay-color":"","overlay-opacity":"","overlay-gradient":""}},"footnotes":""},"class_list":["post-21715","page","type-page","status-publish","hentry"],"_links":{"self":[{"href":"https:\/\/www.toleranzraeume.org\/tr\/wp-json\/wp\/v2\/pages\/21715","targetHints":{"allow":["GET"]}}],"collection":[{"href":"https:\/\/www.toleranzraeume.org\/tr\/wp-json\/wp\/v2\/pages"}],"about":[{"href":"https:\/\/www.toleranzraeume.org\/tr\/wp-json\/wp\/v2\/types\/page"}],"author":[{"embeddable":true,"href":"https:\/\/www.toleranzraeume.org\/tr\/wp-json\/wp\/v2\/users\/15"}],"replies":[{"embeddable":true,"href":"https:\/\/www.toleranzraeume.org\/tr\/wp-json\/wp\/v2\/comments?post=21715"}],"version-history":[{"count":1,"href":"https:\/\/www.toleranzraeume.org\/tr\/wp-json\/wp\/v2\/pages\/21715\/revisions"}],"predecessor-version":[{"id":21716,"href":"https:\/\/www.toleranzraeume.org\/tr\/wp-json\/wp\/v2\/pages\/21715\/revisions\/21716"}],"wp:attachment":[{"href":"https:\/\/www.toleranzraeume.org\/tr\/wp-json\/wp\/v2\/media?parent=21715"}],"curies":[{"name":"wp","href":"https:\/\/api.w.org\/{rel}","templated":true}]}}