{"id":21723,"date":"2023-03-22T11:37:03","date_gmt":"2023-03-22T10:37:03","guid":{"rendered":"https:\/\/www.toleranzraeume.org\/raul-aguayo-krauthausen\/"},"modified":"2024-05-16T08:58:12","modified_gmt":"2024-05-16T06:58:12","slug":"raul-aguayo-krauthausen","status":"publish","type":"page","link":"https:\/\/www.toleranzraeume.org\/tr\/raul-aguayo-krauthausen\/","title":{"rendered":"Raul Aguayo-Krauthausen"},"content":{"rendered":"\t\t<div data-elementor-type=\"wp-page\" data-elementor-id=\"21723\" class=\"elementor elementor-21723 elementor-8405\" data-elementor-post-type=\"page\">\n\t\t\t\t\t\t<section class=\"elementor-section elementor-top-section elementor-element elementor-element-b9a287d elementor-section-boxed elementor-section-height-default elementor-section-height-default\" data-id=\"b9a287d\" data-element_type=\"section\" data-settings=\"{&quot;background_background&quot;:&quot;classic&quot;}\">\n\t\t\t\t\t\t<div class=\"elementor-container elementor-column-gap-default\">\n\t\t\t\t\t<div class=\"elementor-column elementor-col-100 elementor-top-column elementor-element elementor-element-51cf1c34\" data-id=\"51cf1c34\" data-element_type=\"column\">\n\t\t\t<div class=\"elementor-widget-wrap elementor-element-populated\">\n\t\t\t\t\t\t<div class=\"elementor-element elementor-element-76ca7be2 elementor-widget elementor-widget-heading\" data-id=\"76ca7be2\" data-element_type=\"widget\" data-widget_type=\"heading.default\">\n\t\t\t\t<div class=\"elementor-widget-container\">\n\t\t\t\t\t<h1 class=\"elementor-heading-title elementor-size-default\">Ra\u00fal Aguayo-Krauthausen<\/h1>\t\t\t\t<\/div>\n\t\t\t\t<\/div>\n\t\t\t\t<div class=\"elementor-element elementor-element-280ce007 elementor-widget elementor-widget-heading\" data-id=\"280ce007\" data-element_type=\"widget\" data-widget_type=\"heading.default\">\n\t\t\t\t<div class=\"elementor-widget-container\">\n\t\t\t\t\t<h2 class=\"elementor-heading-title elementor-size-default\">(do\u011fum: 1980, Lima, Peru, bir ya\u015f\u0131ndan itibaren Berlin'de)<\/h2>\t\t\t\t<\/div>\n\t\t\t\t<\/div>\n\t\t\t\t\t<\/div>\n\t\t<\/div>\n\t\t\t\t\t<\/div>\n\t\t<\/section>\n\t\t\t\t<section class=\"elementor-section elementor-top-section elementor-element elementor-element-4c2035c4 elementor-reverse-mobile elementor-section-boxed elementor-section-height-default elementor-section-height-default\" data-id=\"4c2035c4\" data-element_type=\"section\">\n\t\t\t\t\t\t<div class=\"elementor-container elementor-column-gap-default\">\n\t\t\t\t\t<div class=\"elementor-column elementor-col-66 elementor-top-column elementor-element elementor-element-1355c509\" data-id=\"1355c509\" data-element_type=\"column\">\n\t\t\t<div class=\"elementor-widget-wrap elementor-element-populated\">\n\t\t\t\t\t\t<div class=\"elementor-element elementor-element-4a4b5ec elementor-widget elementor-widget-heading\" data-id=\"4a4b5ec\" data-element_type=\"widget\" data-widget_type=\"heading.default\">\n\t\t\t\t<div class=\"elementor-widget-container\">\n\t\t\t\t\t<h2 class=\"elementor-heading-title elementor-size-default\">\u201cEngelsizlerin de engellilerle birlikte ya\u015fama hakk\u0131 var.\u201d  <\/h2>\t\t\t\t<\/div>\n\t\t\t\t<\/div>\n\t\t\t\t<div class=\"elementor-element elementor-element-5a01dd2d elementor-widget elementor-widget-text-editor\" data-id=\"5a01dd2d\" data-element_type=\"widget\" data-widget_type=\"text-editor.default\">\n\t\t\t\t<div class=\"elementor-widget-container\">\n\t\t\t\t\t\t\t\t\t<p>Ra\u00fal Aguayo-Krauthausen, yazar, diplomal\u0131 ileti\u015fim uzman\u0131, Tasar\u0131m D\u00fc\u015f\u00fcn\u00fcr\u00fc ve Kapsay\u0131c\u0131l\u0131k Aktivisti.<\/p>\n<p>&nbsp;<\/p>\n<p>Ra\u00fal Aguayo-Krauthausen, engelli insanlara yard\u0131m etme \u00e7abas\u0131yla tan\u0131n\u0131yor. Mesela, tekerlekli sandalyelere uygun yerleri bulmak ve i\u015faretlemek i\u00e7in bir \u00e7evrimi\u00e7i harita olan \u201cWheelmap.org\u201d web sitesini yay\u0131nlad\u0131. Casting format\u0131 \u201cDSDS\u201de anlaml\u0131 bir yan\u0131t olan \u201cDie Suche nach dem SuperZivi\u201d (SuperZivi aray\u0131\u015f\u0131)\u00a0 eylemiyle \u201cToplumsal Kahramanlar\u201d Derne\u011fi\u2019nin kurulu\u015fu ba\u015flat\u0131l\u0131r.\u00a0 K\u00fc\u00e7\u00fck bir fikir olarak ba\u015flayan \u015fey g\u00fcn\u00fcm\u00fczde \u00e7e\u015fitli temalara y\u00f6nelik farkl\u0131 eylemlerle toplumsal adaleti savunan g\u00f6n\u00fcll\u00fclerden olu\u015fan b\u00fcy\u00fck bir a\u011fd\u0131r.<\/p>\n<p>&nbsp;<\/p>\n<p>2014\u2019te Berlinli Ra\u00fal Aguayo-Krauthausen, \u201cDachdecker wollte ich eh nicht werden\u201d (Zaten \u00e7at\u0131 d\u00f6\u015feyicisi olmak istemiyordum) adl\u0131 biyografisini yay\u0131nlad\u0131 ve bir y\u0131l sonra kendi talk \u015fovunu y\u00f6netmeye ba\u015flad\u0131. Hay\u0131rseverlik \u00e7al\u0131\u015fmalar\u0131 ve yenilik\u00e7i fikirleriyle \u00e7ok say\u0131da \u00f6d\u00fcl ald\u0131. Grimme-Online-Award, Silvio Meier \u00d6d\u00fcl\u00fc ve 2013\u2019te Federal Liyakat Ni\u015fan\u0131n\u0131 gibi \u00f6d\u00fcller kazand\u0131. Bug\u00fcn \u201cIm Aufzug\u201d (Asans\u00f6rde) ve \u201cWie kann ich was bewegen?\u201d (Nas\u0131l fark yaratabilirim) gibi birka\u00e7 Podcast yay\u0131nl\u0131yor ve MDR\u2019de k\u00f6\u015fe yaz\u0131yor.<\/p>\n\t\t\t\t\t\t\t\t<\/div>\n\t\t\t\t<\/div>\n\t\t\t\t<div class=\"elementor-element elementor-element-3caabeeb elementor-widget elementor-widget-text-editor\" data-id=\"3caabeeb\" data-element_type=\"widget\" data-widget_type=\"text-editor.default\">\n\t\t\t\t<div class=\"elementor-widget-container\">\n\t\t\t\t\t\t\t\t\t<p>* <a href=\"https:\/\/raul.de\/\" rel=\"nofollow noopener\" target=\"_blank\"><i><span data-contrast=\"none\">https:\/\/raul.de\/<\/span><\/i><\/a><i><span data-contrast=\"auto\"> (17.11.2022)<\/span><\/i><\/p>\n\t\t\t\t\t\t\t\t<\/div>\n\t\t\t\t<\/div>\n\t\t\t\t\t<\/div>\n\t\t<\/div>\n\t\t\t\t<div class=\"elementor-column elementor-col-33 elementor-top-column elementor-element elementor-element-17d35b78\" data-id=\"17d35b78\" data-element_type=\"column\">\n\t\t\t<div class=\"elementor-widget-wrap elementor-element-populated\">\n\t\t\t\t\t\t<div class=\"elementor-element elementor-element-6a7b882c elementor-widget elementor-widget-image\" data-id=\"6a7b882c\" data-element_type=\"widget\" data-widget_type=\"image.default\">\n\t\t\t\t<div class=\"elementor-widget-container\">\n\t\t\t\t\t\t\t\t\t\t\t\t<figure class=\"wp-caption\">\n\t\t\t\t\t\t\t\t\t\t<img fetchpriority=\"high\" decoding=\"async\" width=\"500\" height=\"722\" src=\"https:\/\/www.toleranzraeume.org\/wp-content\/uploads\/2023\/03\/raul_krauthausen.jpg\" class=\"attachment-large size-large wp-image-16202\" alt=\"\" srcset=\"https:\/\/www.toleranzraeume.org\/wp-content\/uploads\/2023\/03\/raul_krauthausen.jpg 500w, https:\/\/www.toleranzraeume.org\/wp-content\/uploads\/2023\/03\/raul_krauthausen-208x300.jpg 208w\" sizes=\"(max-width: 500px) 100vw, 500px\" \/>\t\t\t\t\t\t\t\t\t\t\t<figcaption class=\"widget-image-caption wp-caption-text\">Credits: Esra Rotthoff<\/figcaption>\n\t\t\t\t\t\t\t\t\t\t<\/figure>\n\t\t\t\t\t\t\t\t\t<\/div>\n\t\t\t\t<\/div>\n\t\t\t\t\t<\/div>\n\t\t<\/div>\n\t\t\t\t\t<\/div>\n\t\t<\/section>\n\t\t\t\t<\/div>\n\t\t","protected":false},"excerpt":{"rendered":"<p>Ra\u00fal Aguayo-Krauthausen (do\u011fum: 1980, Lima, Peru, bir ya\u015f\u0131ndan itibaren Berlin&#8217;de) \u201cEngelsizlerin de engellilerle birlikte ya\u015fama hakk\u0131 var.\u201d Ra\u00fal Aguayo-Krauthausen, yazar, diplomal\u0131 ileti\u015fim uzman\u0131, Tasar\u0131m D\u00fc\u015f\u00fcn\u00fcr\u00fc ve Kapsay\u0131c\u0131l\u0131k Aktivisti. &nbsp; Ra\u00fal Aguayo-Krauthausen, engelli insanlara yard\u0131m etme \u00e7abas\u0131yla tan\u0131n\u0131yor. Mesela, tekerlekli sandalyelere uygun yerleri bulmak ve i\u015faretlemek i\u00e7in bir \u00e7evrimi\u00e7i harita olan \u201cWheelmap.org\u201d web sitesini yay\u0131nlad\u0131. Casting [&hellip;]<\/p>\n","protected":false},"author":28,"featured_media":0,"parent":0,"menu_order":0,"comment_status":"closed","ping_status":"closed","template":"","meta":{"site-sidebar-layout":"no-sidebar","site-content-layout":"page-builder","ast-site-content-layout":"default","site-content-style":"default","site-sidebar-style":"default","ast-global-header-display":"","ast-banner-title-visibility":"","ast-main-header-display":"","ast-hfb-above-header-display":"","ast-hfb-below-header-display":"","ast-hfb-mobile-header-display":"","site-post-title":"disabled","ast-breadcrumbs-content":"","ast-featured-img":"disabled","footer-sml-layout":"","theme-transparent-header-meta":"","adv-header-id-meta":"","stick-header-meta":"","header-above-stick-meta":"","header-main-stick-meta":"","header-below-stick-meta":"","astra-migrate-meta-layouts":"default","ast-page-background-enabled":"default","ast-page-background-meta":{"desktop":{"background-color":"","background-image":"","background-repeat":"repeat","background-position":"center center","background-size":"auto","background-attachment":"scroll","background-type":"","background-media":"","overlay-type":"","overlay-color":"","overlay-opacity":"","overlay-gradient":""},"tablet":{"background-color":"","background-image":"","background-repeat":"repeat","background-position":"center center","background-size":"auto","background-attachment":"scroll","background-type":"","background-media":"","overlay-type":"","overlay-color":"","overlay-opacity":"","overlay-gradient":""},"mobile":{"background-color":"","background-image":"","background-repeat":"repeat","background-position":"center center","background-size":"auto","background-attachment":"scroll","background-type":"","background-media":"","overlay-type":"","overlay-color":"","overlay-opacity":"","overlay-gradient":""}},"ast-content-background-meta":{"desktop":{"background-color":"var(--ast-global-color-5)","background-image":"","background-repeat":"repeat","background-position":"center center","background-size":"auto","background-attachment":"scroll","background-type":"","background-media":"","overlay-type":"","overlay-color":"","overlay-opacity":"","overlay-gradient":""},"tablet":{"background-color":"var(--ast-global-color-5)","background-image":"","background-repeat":"repeat","background-position":"center center","background-size":"auto","background-attachment":"scroll","background-type":"","background-media":"","overlay-type":"","overlay-color":"","overlay-opacity":"","overlay-gradient":""},"mobile":{"background-color":"var(--ast-global-color-5)","background-image":"","background-repeat":"repeat","background-position":"center center","background-size":"auto","background-attachment":"scroll","background-type":"","background-media":"","overlay-type":"","overlay-color":"","overlay-opacity":"","overlay-gradient":""}},"footnotes":""},"class_list":["post-21723","page","type-page","status-publish","hentry"],"_links":{"self":[{"href":"https:\/\/www.toleranzraeume.org\/tr\/wp-json\/wp\/v2\/pages\/21723","targetHints":{"allow":["GET"]}}],"collection":[{"href":"https:\/\/www.toleranzraeume.org\/tr\/wp-json\/wp\/v2\/pages"}],"about":[{"href":"https:\/\/www.toleranzraeume.org\/tr\/wp-json\/wp\/v2\/types\/page"}],"author":[{"embeddable":true,"href":"https:\/\/www.toleranzraeume.org\/tr\/wp-json\/wp\/v2\/users\/28"}],"replies":[{"embeddable":true,"href":"https:\/\/www.toleranzraeume.org\/tr\/wp-json\/wp\/v2\/comments?post=21723"}],"version-history":[{"count":1,"href":"https:\/\/www.toleranzraeume.org\/tr\/wp-json\/wp\/v2\/pages\/21723\/revisions"}],"predecessor-version":[{"id":21724,"href":"https:\/\/www.toleranzraeume.org\/tr\/wp-json\/wp\/v2\/pages\/21723\/revisions\/21724"}],"wp:attachment":[{"href":"https:\/\/www.toleranzraeume.org\/tr\/wp-json\/wp\/v2\/media?parent=21723"}],"curies":[{"name":"wp","href":"https:\/\/api.w.org\/{rel}","templated":true}]}}