{"id":21731,"date":"2022-12-21T16:03:42","date_gmt":"2022-12-21T15:03:42","guid":{"rendered":"https:\/\/www.toleranzraeume.org\/leon-goretzka\/"},"modified":"2024-05-16T09:01:35","modified_gmt":"2024-05-16T07:01:35","slug":"leon-goretzka","status":"publish","type":"page","link":"https:\/\/www.toleranzraeume.org\/tr\/leon-goretzka\/","title":{"rendered":"Leon Goretzka"},"content":{"rendered":"\t\t<div data-elementor-type=\"wp-page\" data-elementor-id=\"21731\" class=\"elementor elementor-21731 elementor-5824\" data-elementor-post-type=\"page\">\n\t\t\t\t\t\t<section class=\"elementor-section elementor-top-section elementor-element elementor-element-3a966677 elementor-section-boxed elementor-section-height-default elementor-section-height-default\" data-id=\"3a966677\" data-element_type=\"section\" data-settings=\"{&quot;background_background&quot;:&quot;classic&quot;}\">\n\t\t\t\t\t\t<div class=\"elementor-container elementor-column-gap-default\">\n\t\t\t\t\t<div class=\"elementor-column elementor-col-100 elementor-top-column elementor-element elementor-element-445de192\" data-id=\"445de192\" data-element_type=\"column\">\n\t\t\t<div class=\"elementor-widget-wrap elementor-element-populated\">\n\t\t\t\t\t\t<div class=\"elementor-element elementor-element-257b4b43 elementor-widget elementor-widget-heading\" data-id=\"257b4b43\" data-element_type=\"widget\" data-widget_type=\"heading.default\">\n\t\t\t\t<div class=\"elementor-widget-container\">\n\t\t\t\t\t<h1 class=\"elementor-heading-title elementor-size-default\">Leon Christoph Goretzka<\/h1>\t\t\t\t<\/div>\n\t\t\t\t<\/div>\n\t\t\t\t<div class=\"elementor-element elementor-element-2587f88 elementor-widget elementor-widget-heading\" data-id=\"2587f88\" data-element_type=\"widget\" data-widget_type=\"heading.default\">\n\t\t\t\t<div class=\"elementor-widget-container\">\n\t\t\t\t\t<h2 class=\"elementor-heading-title elementor-size-default\">(do\u011fum: 1995, Bochum)<\/h2>\t\t\t\t<\/div>\n\t\t\t\t<\/div>\n\t\t\t\t\t<\/div>\n\t\t<\/div>\n\t\t\t\t\t<\/div>\n\t\t<\/section>\n\t\t\t\t<section class=\"elementor-section elementor-top-section elementor-element elementor-element-38014bf8 elementor-reverse-mobile elementor-section-boxed elementor-section-height-default elementor-section-height-default\" data-id=\"38014bf8\" data-element_type=\"section\">\n\t\t\t\t\t\t<div class=\"elementor-container elementor-column-gap-default\">\n\t\t\t\t\t<div class=\"elementor-column elementor-col-66 elementor-top-column elementor-element elementor-element-4f59662e\" data-id=\"4f59662e\" data-element_type=\"column\">\n\t\t\t<div class=\"elementor-widget-wrap elementor-element-populated\">\n\t\t\t\t\t\t<div class=\"elementor-element elementor-element-cae9ec2 elementor-widget elementor-widget-heading\" data-id=\"cae9ec2\" data-element_type=\"widget\" data-widget_type=\"heading.default\">\n\t\t\t\t<div class=\"elementor-widget-container\">\n\t\t\t\t\t<h2 class=\"elementor-heading-title elementor-size-default\">\u201cB\u00f6yle bir \u015feyin bir daha asla ya\u015fanmamas\u0131n\u0131 sa\u011flamak bize d\u00fc\u015f\u00fcyor\u201d (Leon Goretzka, Holokosttan kurtulan Margot Friedl\u00e4nder ile g\u00f6r\u00fc\u015fmesinde)<\/h2>\t\t\t\t<\/div>\n\t\t\t\t<\/div>\n\t\t\t\t<div class=\"elementor-element elementor-element-1fe5858e elementor-widget elementor-widget-text-editor\" data-id=\"1fe5858e\" data-element_type=\"widget\" data-widget_type=\"text-editor.default\">\n\t\t\t\t<div class=\"elementor-widget-container\">\n\t\t\t\t\t\t\t\t\t<p>Leon Christoph Goretzka, sadece profesyonel bir futbolcu de\u011fil ayn\u0131 zamanda \u00fcn\u00fcn\u00fc nefret ve ho\u015fg\u00f6r\u00fcs\u00fczl\u00fckle m\u00fccadele etmek i\u00e7in de kullan\u0131yor.<\/p>\n<p>Alman milli tak\u0131m oyuncusu Leon Goretzka, FC Bayern M\u00fcnchen\u2019de birinci s\u0131n\u0131f futbol oynuyor. 2020\u2019de Bayern ile sadece Almanya \u015fampiyonlu\u011funu de\u011fil, DFB kupas\u0131 ve \u015eampiyonlar Ligini de kazand\u0131. O y\u0131l tak\u0131m arkada\u015f\u0131 Joshua Kimmich ile \u201cWe Kick Corona\u201d giri\u015fimini kurdu. Bu giri\u015fimin amac\u0131 t\u00fcm toplumsal alanlarda hay\u0131rsever dernekler ve toplumsal kurulu\u015flar\u0131 acil ba\u011f\u0131\u015flarla desteklemek. Di\u011fer futbolcularla birlikte sosyal ama\u00e7lar i\u00e7in alt\u0131 milyon Euro \u00fczerinde para toplad\u0131 ve Almanya genelinde 760 projeye destek verdi.<\/p>\n<p>Ayr\u0131ca sa\u011fc\u0131 ideolojiye ve yabanc\u0131 d\u00fc\u015fmanl\u0131\u011fa kar\u015f\u0131 \u00fcn\u00fcn\u00fc kullan\u0131yor. \u201cWELT\u201d gazetesiyle yapt\u0131\u011f\u0131 r\u00f6portaj\u0131nda Goretzka a\u00e7\u0131k konu\u015ftu: \u201cAfD Almanya i\u00e7in bir alternatif de\u011fil, utan\u00e7t\u0131r.\u201d<\/p>\n\t\t\t\t\t\t\t\t<\/div>\n\t\t\t\t<\/div>\n\t\t\t\t<div class=\"elementor-element elementor-element-2edf895a elementor-widget elementor-widget-text-editor\" data-id=\"2edf895a\" data-element_type=\"widget\" data-widget_type=\"text-editor.default\">\n\t\t\t\t<div class=\"elementor-widget-container\">\n\t\t\t\t\t\t\t\t\t<p>*(Leon Goretzka, Holokosttan kurtulan Margot Friedl\u00e4nder ile g\u00f6r\u00fc\u015fmesinde)<\/p>\n<p><a href=\"https:\/\/fcbayern.com\/de\/news\/2020\/12\/leon-goretzka-trifft-holocaust-ueberlebende-margot-friedlaender\" rel=\"nofollow noopener\" target=\"_blank\"><em>https:\/\/fcbayern.com\/de\/news\/2020\/12\/leon-goretzka-trifft-holocaust-ueberlebende-margot-friedlaender<\/em><\/a><em> (17.11.2022).<\/em><\/p>\n\t\t\t\t\t\t\t\t<\/div>\n\t\t\t\t<\/div>\n\t\t\t\t\t<\/div>\n\t\t<\/div>\n\t\t\t\t<div class=\"elementor-column elementor-col-33 elementor-top-column elementor-element elementor-element-e4b306c\" data-id=\"e4b306c\" data-element_type=\"column\">\n\t\t\t<div class=\"elementor-widget-wrap elementor-element-populated\">\n\t\t\t\t\t\t<div class=\"elementor-element elementor-element-1bd8b995 elementor-widget elementor-widget-image\" data-id=\"1bd8b995\" data-element_type=\"widget\" data-widget_type=\"image.default\">\n\t\t\t\t<div class=\"elementor-widget-container\">\n\t\t\t\t\t\t\t\t\t\t\t\t<figure class=\"wp-caption\">\n\t\t\t\t\t\t\t\t\t\t<img fetchpriority=\"high\" decoding=\"async\" width=\"558\" height=\"837\" src=\"https:\/\/www.toleranzraeume.org\/wp-content\/uploads\/2023\/01\/Leon-Goretzka.jpg\" class=\"attachment-large size-large wp-image-16175\" alt=\"\" srcset=\"https:\/\/www.toleranzraeume.org\/wp-content\/uploads\/2023\/01\/Leon-Goretzka.jpg 558w, https:\/\/www.toleranzraeume.org\/wp-content\/uploads\/2023\/01\/Leon-Goretzka-200x300.jpg 200w\" sizes=\"(max-width: 558px) 100vw, 558px\" \/>\t\t\t\t\t\t\t\t\t\t\t<figcaption class=\"widget-image-caption wp-caption-text\">Credits: Marco Fischer <\/figcaption>\n\t\t\t\t\t\t\t\t\t\t<\/figure>\n\t\t\t\t\t\t\t\t\t<\/div>\n\t\t\t\t<\/div>\n\t\t\t\t\t<\/div>\n\t\t<\/div>\n\t\t\t\t\t<\/div>\n\t\t<\/section>\n\t\t\t\t<\/div>\n\t\t","protected":false},"excerpt":{"rendered":"<p>Leon Christoph Goretzka (do\u011fum: 1995, Bochum) \u201cB\u00f6yle bir \u015feyin bir daha asla ya\u015fanmamas\u0131n\u0131 sa\u011flamak bize d\u00fc\u015f\u00fcyor\u201d (Leon Goretzka, Holokosttan kurtulan Margot Friedl\u00e4nder ile g\u00f6r\u00fc\u015fmesinde) Leon Christoph Goretzka, sadece profesyonel bir futbolcu de\u011fil ayn\u0131 zamanda \u00fcn\u00fcn\u00fc nefret ve ho\u015fg\u00f6r\u00fcs\u00fczl\u00fckle m\u00fccadele etmek i\u00e7in de kullan\u0131yor. Alman milli tak\u0131m oyuncusu Leon Goretzka, FC Bayern M\u00fcnchen\u2019de birinci s\u0131n\u0131f futbol [&hellip;]<\/p>\n","protected":false},"author":28,"featured_media":0,"parent":0,"menu_order":0,"comment_status":"closed","ping_status":"closed","template":"","meta":{"site-sidebar-layout":"no-sidebar","site-content-layout":"page-builder","ast-site-content-layout":"default","site-content-style":"default","site-sidebar-style":"default","ast-global-header-display":"","ast-banner-title-visibility":"","ast-main-header-display":"","ast-hfb-above-header-display":"","ast-hfb-below-header-display":"","ast-hfb-mobile-header-display":"","site-post-title":"disabled","ast-breadcrumbs-content":"","ast-featured-img":"disabled","footer-sml-layout":"","theme-transparent-header-meta":"","adv-header-id-meta":"","stick-header-meta":"","header-above-stick-meta":"","header-main-stick-meta":"","header-below-stick-meta":"","astra-migrate-meta-layouts":"default","ast-page-background-enabled":"default","ast-page-background-meta":{"desktop":{"background-color":"","background-image":"","background-repeat":"repeat","background-position":"center center","background-size":"auto","background-attachment":"scroll","background-type":"","background-media":"","overlay-type":"","overlay-color":"","overlay-opacity":"","overlay-gradient":""},"tablet":{"background-color":"","background-image":"","background-repeat":"repeat","background-position":"center center","background-size":"auto","background-attachment":"scroll","background-type":"","background-media":"","overlay-type":"","overlay-color":"","overlay-opacity":"","overlay-gradient":""},"mobile":{"background-color":"","background-image":"","background-repeat":"repeat","background-position":"center center","background-size":"auto","background-attachment":"scroll","background-type":"","background-media":"","overlay-type":"","overlay-color":"","overlay-opacity":"","overlay-gradient":""}},"ast-content-background-meta":{"desktop":{"background-color":"var(--ast-global-color-5)","background-image":"","background-repeat":"repeat","background-position":"center center","background-size":"auto","background-attachment":"scroll","background-type":"","background-media":"","overlay-type":"","overlay-color":"","overlay-opacity":"","overlay-gradient":""},"tablet":{"background-color":"var(--ast-global-color-5)","background-image":"","background-repeat":"repeat","background-position":"center center","background-size":"auto","background-attachment":"scroll","background-type":"","background-media":"","overlay-type":"","overlay-color":"","overlay-opacity":"","overlay-gradient":""},"mobile":{"background-color":"var(--ast-global-color-5)","background-image":"","background-repeat":"repeat","background-position":"center center","background-size":"auto","background-attachment":"scroll","background-type":"","background-media":"","overlay-type":"","overlay-color":"","overlay-opacity":"","overlay-gradient":""}},"footnotes":""},"class_list":["post-21731","page","type-page","status-publish","hentry"],"_links":{"self":[{"href":"https:\/\/www.toleranzraeume.org\/tr\/wp-json\/wp\/v2\/pages\/21731","targetHints":{"allow":["GET"]}}],"collection":[{"href":"https:\/\/www.toleranzraeume.org\/tr\/wp-json\/wp\/v2\/pages"}],"about":[{"href":"https:\/\/www.toleranzraeume.org\/tr\/wp-json\/wp\/v2\/types\/page"}],"author":[{"embeddable":true,"href":"https:\/\/www.toleranzraeume.org\/tr\/wp-json\/wp\/v2\/users\/28"}],"replies":[{"embeddable":true,"href":"https:\/\/www.toleranzraeume.org\/tr\/wp-json\/wp\/v2\/comments?post=21731"}],"version-history":[{"count":1,"href":"https:\/\/www.toleranzraeume.org\/tr\/wp-json\/wp\/v2\/pages\/21731\/revisions"}],"predecessor-version":[{"id":21732,"href":"https:\/\/www.toleranzraeume.org\/tr\/wp-json\/wp\/v2\/pages\/21731\/revisions\/21732"}],"wp:attachment":[{"href":"https:\/\/www.toleranzraeume.org\/tr\/wp-json\/wp\/v2\/media?parent=21731"}],"curies":[{"name":"wp","href":"https:\/\/api.w.org\/{rel}","templated":true}]}}