{"id":21759,"date":"2023-03-22T12:43:49","date_gmt":"2023-03-22T11:43:49","guid":{"rendered":"https:\/\/www.toleranzraeume.org\/noktacik-ile-anton\/"},"modified":"2024-05-16T09:14:07","modified_gmt":"2024-05-16T07:14:07","slug":"noktacik-ile-anton","status":"publish","type":"page","link":"https:\/\/www.toleranzraeume.org\/tr\/noktacik-ile-anton\/","title":{"rendered":"Noktac\u0131k ile Anton"},"content":{"rendered":"\t\t<div data-elementor-type=\"wp-page\" data-elementor-id=\"21759\" class=\"elementor elementor-21759 elementor-8453\" data-elementor-post-type=\"page\">\n\t\t\t\t\t\t<section class=\"elementor-section elementor-top-section elementor-element elementor-element-3e2f59c1 elementor-section-boxed elementor-section-height-default elementor-section-height-default\" data-id=\"3e2f59c1\" data-element_type=\"section\" data-settings=\"{&quot;background_background&quot;:&quot;classic&quot;}\">\n\t\t\t\t\t\t<div class=\"elementor-container elementor-column-gap-default\">\n\t\t\t\t\t<div class=\"elementor-column elementor-col-100 elementor-top-column elementor-element elementor-element-729c9c04\" data-id=\"729c9c04\" data-element_type=\"column\">\n\t\t\t<div class=\"elementor-widget-wrap elementor-element-populated\">\n\t\t\t\t\t\t<div class=\"elementor-element elementor-element-47a69393 elementor-widget elementor-widget-heading\" data-id=\"47a69393\" data-element_type=\"widget\" data-widget_type=\"heading.default\">\n\t\t\t\t<div class=\"elementor-widget-container\">\n\t\t\t\t\t<h1 class=\"elementor-heading-title elementor-size-default\">Noktac\u0131k ile Anton<\/h1>\t\t\t\t<\/div>\n\t\t\t\t<\/div>\n\t\t\t\t<div class=\"elementor-element elementor-element-7dbc7704 elementor-widget elementor-widget-heading\" data-id=\"7dbc7704\" data-element_type=\"widget\" data-widget_type=\"heading.default\">\n\t\t\t\t<div class=\"elementor-widget-container\">\n\t\t\t\t\t<h2 class=\"elementor-heading-title elementor-size-default\">Erich K\u00e4stner (1931)<\/h2>\t\t\t\t<\/div>\n\t\t\t\t<\/div>\n\t\t\t\t\t<\/div>\n\t\t<\/div>\n\t\t\t\t\t<\/div>\n\t\t<\/section>\n\t\t\t\t<section class=\"elementor-section elementor-top-section elementor-element elementor-element-1a508c5 elementor-reverse-mobile elementor-section-boxed elementor-section-height-default elementor-section-height-default\" data-id=\"1a508c5\" data-element_type=\"section\">\n\t\t\t\t\t\t<div class=\"elementor-container elementor-column-gap-default\">\n\t\t\t\t\t<div class=\"elementor-column elementor-col-66 elementor-top-column elementor-element elementor-element-4f7a5c5e\" data-id=\"4f7a5c5e\" data-element_type=\"column\">\n\t\t\t<div class=\"elementor-widget-wrap elementor-element-populated\">\n\t\t\t\t\t\t<div class=\"elementor-element elementor-element-fee6976 elementor-widget elementor-widget-heading\" data-id=\"fee6976\" data-element_type=\"widget\" data-widget_type=\"heading.default\">\n\t\t\t\t<div class=\"elementor-widget-container\">\n\t\t\t\t\t<h2 class=\"elementor-heading-title elementor-size-default\">\u201cCesaret ancak kan\u0131n donmu\u015fsa olur. [\u2026] Cesaret sadece yumrukla kan\u0131tlanmaz, kafa da laz\u0131m.\u201d <\/h2>\t\t\t\t<\/div>\n\t\t\t\t<\/div>\n\t\t\t\t<div class=\"elementor-element elementor-element-4fd9cebc elementor-widget elementor-widget-text-editor\" data-id=\"4fd9cebc\" data-element_type=\"widget\" data-widget_type=\"text-editor.default\">\n\t\t\t\t<div class=\"elementor-widget-container\">\n\t\t\t\t\t\t\t\t\t<p>Noktac\u0131k zengin, Anton yoksul \u2013 buna ra\u011fmen ikisini derin bir dostluk birle\u015ftiriyor.<\/p>\n<p>Bu ayr\u0131lmaz ikilinin hikayesi 30\u2019lu y\u0131llar\u0131n Berlin\u2019inde ge\u00e7iyor.<\/p>\n<p>&nbsp;<\/p>\n<p>Noktac\u0131k kocaman, g\u00fczel bir dairede ya\u015f\u0131yor. Ailesinde a\u015f\u00e7\u0131 ve hizmet\u00e7i \u00e7al\u0131\u015fsa da hi\u00e7 de kibirli de\u011fil. Noktac\u0131k\u2019tan farkl\u0131 olarak Anton yoksulluk i\u00e7inde ya\u015f\u0131yor. Okuldan sonra, kendisi ve hasta annesi ay\u0131n sonunu getirebilsin diye para kazanmak, ard\u0131ndan da b\u00fct\u00fcn ev i\u015flerini yapmak zorunda. Bir gece her birinin farkl\u0131 nedenlerle, Anton hayatta kalmak ve Noktac\u0131k hizmet\u00e7i kad\u0131na yard\u0131m etmek i\u00e7in dilendikleri Weidendammer K\u00f6pr\u00fcs\u00fcnde kar\u015f\u0131la\u015f\u0131rlar.<\/p>\n<p>Say\u0131s\u0131z farkl\u0131l\u0131klar\u0131na ra\u011fmen Noktac\u0131k ve Anton birbirinin en iyi arkada\u015f\u0131 olurlar. Noktac\u0131k her zaman ona yard\u0131m etmeye haz\u0131r, ama Anton da onu asla terk etmiyor. Birlikte yenilmez bir ekip olu\u015ftururlar.<\/p>\n\t\t\t\t\t\t\t\t<\/div>\n\t\t\t\t<\/div>\n\t\t\t\t<div class=\"elementor-element elementor-element-2b96e98 elementor-widget elementor-widget-text-editor\" data-id=\"2b96e98\" data-element_type=\"widget\" data-widget_type=\"text-editor.default\">\n\t\t\t\t<div class=\"elementor-widget-container\">\n\t\t\t\t\t\t\t\t\t<p>K\u00e4stner, E., <a href=\"https:\/\/www.goodreads.com\/work\/quotes\/1296080\" rel=\"nofollow noopener\" target=\"_blank\">Noktac\u0131k ile Anton<\/a>, Berlin 1931.<\/p>\n\t\t\t\t\t\t\t\t<\/div>\n\t\t\t\t<\/div>\n\t\t\t\t\t<\/div>\n\t\t<\/div>\n\t\t\t\t<div class=\"elementor-column elementor-col-33 elementor-top-column elementor-element elementor-element-3db7d799\" data-id=\"3db7d799\" data-element_type=\"column\">\n\t\t\t<div class=\"elementor-widget-wrap elementor-element-populated\">\n\t\t\t\t\t\t<div class=\"elementor-element elementor-element-95ee7ac elementor-widget elementor-widget-image\" data-id=\"95ee7ac\" data-element_type=\"widget\" data-widget_type=\"image.default\">\n\t\t\t\t<div class=\"elementor-widget-container\">\n\t\t\t\t\t\t\t\t\t\t\t\t<figure class=\"wp-caption\">\n\t\t\t\t\t\t\t\t\t\t<img fetchpriority=\"high\" decoding=\"async\" width=\"500\" height=\"664\" src=\"https:\/\/www.toleranzraeume.org\/wp-content\/uploads\/2023\/03\/Puenktchen-und-Anton.jpg\" class=\"attachment-large size-large wp-image-16207\" alt=\"\" srcset=\"https:\/\/www.toleranzraeume.org\/wp-content\/uploads\/2023\/03\/Puenktchen-und-Anton.jpg 500w, https:\/\/www.toleranzraeume.org\/wp-content\/uploads\/2023\/03\/Puenktchen-und-Anton-226x300.jpg 226w\" sizes=\"(max-width: 500px) 100vw, 500px\" \/>\t\t\t\t\t\t\t\t\t\t\t<figcaption class=\"widget-image-caption wp-caption-text\">Credits: Cover \u00a9 Atrium Verlag AG, Z\u00fcrich <\/figcaption>\n\t\t\t\t\t\t\t\t\t\t<\/figure>\n\t\t\t\t\t\t\t\t\t<\/div>\n\t\t\t\t<\/div>\n\t\t\t\t\t<\/div>\n\t\t<\/div>\n\t\t\t\t\t<\/div>\n\t\t<\/section>\n\t\t\t\t<\/div>\n\t\t","protected":false},"excerpt":{"rendered":"<p>Noktac\u0131k ile Anton Erich K\u00e4stner (1931) \u201cCesaret ancak kan\u0131n donmu\u015fsa olur. [\u2026] Cesaret sadece yumrukla kan\u0131tlanmaz, kafa da laz\u0131m.\u201d Noktac\u0131k zengin, Anton yoksul \u2013 buna ra\u011fmen ikisini derin bir dostluk birle\u015ftiriyor. Bu ayr\u0131lmaz ikilinin hikayesi 30\u2019lu y\u0131llar\u0131n Berlin\u2019inde ge\u00e7iyor. &nbsp; Noktac\u0131k kocaman, g\u00fczel bir dairede ya\u015f\u0131yor. Ailesinde a\u015f\u00e7\u0131 ve hizmet\u00e7i \u00e7al\u0131\u015fsa da hi\u00e7 de kibirli [&hellip;]<\/p>\n","protected":false},"author":28,"featured_media":0,"parent":0,"menu_order":0,"comment_status":"closed","ping_status":"closed","template":"","meta":{"site-sidebar-layout":"no-sidebar","site-content-layout":"page-builder","ast-site-content-layout":"default","site-content-style":"default","site-sidebar-style":"default","ast-global-header-display":"","ast-banner-title-visibility":"","ast-main-header-display":"","ast-hfb-above-header-display":"","ast-hfb-below-header-display":"","ast-hfb-mobile-header-display":"","site-post-title":"disabled","ast-breadcrumbs-content":"","ast-featured-img":"disabled","footer-sml-layout":"","theme-transparent-header-meta":"","adv-header-id-meta":"","stick-header-meta":"","header-above-stick-meta":"","header-main-stick-meta":"","header-below-stick-meta":"","astra-migrate-meta-layouts":"default","ast-page-background-enabled":"default","ast-page-background-meta":{"desktop":{"background-color":"","background-image":"","background-repeat":"repeat","background-position":"center center","background-size":"auto","background-attachment":"scroll","background-type":"","background-media":"","overlay-type":"","overlay-color":"","overlay-opacity":"","overlay-gradient":""},"tablet":{"background-color":"","background-image":"","background-repeat":"repeat","background-position":"center center","background-size":"auto","background-attachment":"scroll","background-type":"","background-media":"","overlay-type":"","overlay-color":"","overlay-opacity":"","overlay-gradient":""},"mobile":{"background-color":"","background-image":"","background-repeat":"repeat","background-position":"center center","background-size":"auto","background-attachment":"scroll","background-type":"","background-media":"","overlay-type":"","overlay-color":"","overlay-opacity":"","overlay-gradient":""}},"ast-content-background-meta":{"desktop":{"background-color":"var(--ast-global-color-5)","background-image":"","background-repeat":"repeat","background-position":"center center","background-size":"auto","background-attachment":"scroll","background-type":"","background-media":"","overlay-type":"","overlay-color":"","overlay-opacity":"","overlay-gradient":""},"tablet":{"background-color":"var(--ast-global-color-5)","background-image":"","background-repeat":"repeat","background-position":"center center","background-size":"auto","background-attachment":"scroll","background-type":"","background-media":"","overlay-type":"","overlay-color":"","overlay-opacity":"","overlay-gradient":""},"mobile":{"background-color":"var(--ast-global-color-5)","background-image":"","background-repeat":"repeat","background-position":"center center","background-size":"auto","background-attachment":"scroll","background-type":"","background-media":"","overlay-type":"","overlay-color":"","overlay-opacity":"","overlay-gradient":""}},"footnotes":""},"class_list":["post-21759","page","type-page","status-publish","hentry"],"_links":{"self":[{"href":"https:\/\/www.toleranzraeume.org\/tr\/wp-json\/wp\/v2\/pages\/21759","targetHints":{"allow":["GET"]}}],"collection":[{"href":"https:\/\/www.toleranzraeume.org\/tr\/wp-json\/wp\/v2\/pages"}],"about":[{"href":"https:\/\/www.toleranzraeume.org\/tr\/wp-json\/wp\/v2\/types\/page"}],"author":[{"embeddable":true,"href":"https:\/\/www.toleranzraeume.org\/tr\/wp-json\/wp\/v2\/users\/28"}],"replies":[{"embeddable":true,"href":"https:\/\/www.toleranzraeume.org\/tr\/wp-json\/wp\/v2\/comments?post=21759"}],"version-history":[{"count":1,"href":"https:\/\/www.toleranzraeume.org\/tr\/wp-json\/wp\/v2\/pages\/21759\/revisions"}],"predecessor-version":[{"id":21760,"href":"https:\/\/www.toleranzraeume.org\/tr\/wp-json\/wp\/v2\/pages\/21759\/revisions\/21760"}],"wp:attachment":[{"href":"https:\/\/www.toleranzraeume.org\/tr\/wp-json\/wp\/v2\/media?parent=21759"}],"curies":[{"name":"wp","href":"https:\/\/api.w.org\/{rel}","templated":true}]}}