{"id":21767,"date":"2023-03-22T12:54:20","date_gmt":"2023-03-22T11:54:20","guid":{"rendered":"https:\/\/www.toleranzraeume.org\/das-kaenguru-kanguru-marc-uwe-kling-2008den-beri\/"},"modified":"2024-05-16T09:17:51","modified_gmt":"2024-05-16T07:17:51","slug":"das-kaenguru-kanguru-marc-uwe-kling-2008den-beri","status":"publish","type":"page","link":"https:\/\/www.toleranzraeume.org\/tr\/das-kaenguru-kanguru-marc-uwe-kling-2008den-beri\/","title":{"rendered":"Das K\u00e4nguru (Kanguru), Marc-Uwe Kling (2008\u2019den beri)"},"content":{"rendered":"\t\t<div data-elementor-type=\"wp-page\" data-elementor-id=\"21767\" class=\"elementor elementor-21767 elementor-8469\" data-elementor-post-type=\"page\">\n\t\t\t\t\t\t<section class=\"elementor-section elementor-top-section elementor-element elementor-element-444776de elementor-section-boxed elementor-section-height-default elementor-section-height-default\" data-id=\"444776de\" data-element_type=\"section\" data-settings=\"{&quot;background_background&quot;:&quot;classic&quot;}\">\n\t\t\t\t\t\t<div class=\"elementor-container elementor-column-gap-default\">\n\t\t\t\t\t<div class=\"elementor-column elementor-col-100 elementor-top-column elementor-element elementor-element-3826841\" data-id=\"3826841\" data-element_type=\"column\">\n\t\t\t<div class=\"elementor-widget-wrap elementor-element-populated\">\n\t\t\t\t\t\t<div class=\"elementor-element elementor-element-3ad2a0c5 elementor-widget elementor-widget-heading\" data-id=\"3ad2a0c5\" data-element_type=\"widget\" data-widget_type=\"heading.default\">\n\t\t\t\t<div class=\"elementor-widget-container\">\n\t\t\t\t\t<h1 class=\"elementor-heading-title elementor-size-default\">Das K\u00e4nguru (Kanguru)<\/h1>\t\t\t\t<\/div>\n\t\t\t\t<\/div>\n\t\t\t\t<div class=\"elementor-element elementor-element-202a7346 elementor-widget elementor-widget-heading\" data-id=\"202a7346\" data-element_type=\"widget\" data-widget_type=\"heading.default\">\n\t\t\t\t<div class=\"elementor-widget-container\">\n\t\t\t\t\t<h2 class=\"elementor-heading-title elementor-size-default\">Marc-Uwe Kling (2008\u2019den beri)<\/h2>\t\t\t\t<\/div>\n\t\t\t\t<\/div>\n\t\t\t\t\t<\/div>\n\t\t<\/div>\n\t\t\t\t\t<\/div>\n\t\t<\/section>\n\t\t\t\t<section class=\"elementor-section elementor-top-section elementor-element elementor-element-13d82e3a elementor-reverse-mobile elementor-section-boxed elementor-section-height-default elementor-section-height-default\" data-id=\"13d82e3a\" data-element_type=\"section\">\n\t\t\t\t\t\t<div class=\"elementor-container elementor-column-gap-default\">\n\t\t\t\t\t<div class=\"elementor-column elementor-col-66 elementor-top-column elementor-element elementor-element-5689a088\" data-id=\"5689a088\" data-element_type=\"column\">\n\t\t\t<div class=\"elementor-widget-wrap elementor-element-populated\">\n\t\t\t\t\t\t<div class=\"elementor-element elementor-element-1484548d elementor-widget elementor-widget-heading\" data-id=\"1484548d\" data-element_type=\"widget\" data-widget_type=\"heading.default\">\n\t\t\t\t<div class=\"elementor-widget-container\">\n\t\t\t\t\t<h2 class=\"elementor-heading-title elementor-size-default\">\u201cH\u00e2l\u00e2 her konu hakk\u0131nda a\u00e7\u0131k se\u00e7ik bir fikrim var. Ama, bu fikrimin, eskisi kadar do\u011fru oldu\u011fundan emin de\u011filim art\u0131k.\u201d<\/h2>\t\t\t\t<\/div>\n\t\t\t\t<\/div>\n\t\t\t\t<div class=\"elementor-element elementor-element-4d3dbfb5 elementor-widget elementor-widget-text-editor\" data-id=\"4d3dbfb5\" data-element_type=\"widget\" data-widget_type=\"text-editor.default\">\n\t\t\t\t<div class=\"elementor-widget-container\">\n\t\t\t\t\t\t\t\t\t<p>Kanguru, \u201cDie K\u00e4nguru-Chroniken\u201d (Kanguru G\u00fcnl\u00fckleri) kitap dizisinin ana karakteridir ve diren\u00e7li ve mizahi davran\u0131\u015f\u0131yla tan\u0131n\u0131r.<\/p>\n<p>&nbsp;<\/p>\n<p>Yazar Marc-Uwe Kling\u2019in Die K\u00e4nguru-Chroniken d\u00f6rt kitapl\u0131k bir seridir.<\/p>\n<p>&nbsp;<\/p>\n<p>\u0130syankar keseli hayvan ve annesi, hayatlar\u0131n\u0131 s\u00fcrd\u00fcrebilmek i\u00e7in Vietnam\u2019dan s\u00f6zle\u015fmeli i\u015f\u00e7i olarak Almanya&#8217;ya geldiler. Kanguru, inat\u00e7\u0131 kom\u00fcnist tavr\u0131yla s\u00fcrekli kapitalizmi devirme planlar\u0131 yaparken Nazileri k\u0131zd\u0131rmaktan b\u0131kmaz. Ama ayn\u0131 zamanda \u00e7ok tembel, inat\u00e7\u0131 ve asalak hayat\u0131 s\u00fcrd\u00fc\u011f\u00fc i\u00e7in bu \u00f6zellikleri s\u0131kl\u0131kla siyasi devirme planlar\u0131n\u0131n \u00f6n\u00fcne ge\u00e7er. Ama Kanguruyu \u00e7ekici k\u0131lan keskin dilidir: Kinayeli yorum veya esprili al\u0131nt\u0131 yoklu\u011fu \u00e7ekmez, \u201cOport\u00fcnizm ve Bask\u0131\u201d adl\u0131 tamamlanmam\u0131\u015f eserinde ortaya \u00e7\u0131kacak bir yol bulan fikirleriyle yarat\u0131c\u0131l\u0131\u011f\u0131n\u0131 sergiler.<\/p>\n<p>&nbsp;<\/p>\n<p>Ayk\u0131r\u0131 ki\u015fili\u011fi ve ak\u0131c\u0131 Bi-Trans-Metro cinselli\u011fi olan Kanguru, kendini geleneksel kategorilerle s\u0131n\u0131rlam\u0131yor. K\u00fcrkl\u00fc kesesine sevdi\u011fi viskili pralinlerden k\u0131rm\u0131z\u0131 boks eldivenlere ve &#8220;\u00f6d\u00fcn\u00e7 al\u0131nan\u201d k\u00fcl tablalar\u0131na kadar b\u00fct\u00fcn d\u00fcnyay\u0131 s\u0131\u011fd\u0131rm\u0131\u015f gibi g\u00f6r\u00fcn\u00fcyor. Bu y\u00fczden de Kanguru\u2019nun her an herkese verebilece\u011fi bir \u015fey vard\u0131r.<\/p>\n\t\t\t\t\t\t\t\t<\/div>\n\t\t\t\t<\/div>\n\t\t\t\t<div class=\"elementor-element elementor-element-29e31685 elementor-widget elementor-widget-text-editor\" data-id=\"29e31685\" data-element_type=\"widget\" data-widget_type=\"text-editor.default\">\n\t\t\t\t<div class=\"elementor-widget-container\">\n\t\t\t\t\t\t\t\t\t<p>*<i><span data-contrast=\"auto\">Kling, M. (2022, M\u00e4rz 16).\u202fGlasklare Meinung, Die K\u00e4nguru-Comics <a href=\"https:\/\/www.zeit.de\/kaenguru-comics\/2022-03\/folge-367\" rel=\"nofollow noopener\" target=\"_blank\">Folge 367<\/a>. Zeit Online.<\/span><\/i><\/p>\n\t\t\t\t\t\t\t\t<\/div>\n\t\t\t\t<\/div>\n\t\t\t\t\t<\/div>\n\t\t<\/div>\n\t\t\t\t<div class=\"elementor-column elementor-col-33 elementor-top-column elementor-element elementor-element-14b35e2d\" data-id=\"14b35e2d\" data-element_type=\"column\">\n\t\t\t<div class=\"elementor-widget-wrap elementor-element-populated\">\n\t\t\t\t\t\t<div class=\"elementor-element elementor-element-50c9a957 elementor-widget elementor-widget-image\" data-id=\"50c9a957\" data-element_type=\"widget\" data-widget_type=\"image.default\">\n\t\t\t\t<div class=\"elementor-widget-container\">\n\t\t\t\t\t\t\t\t\t\t\t\t<figure class=\"wp-caption\">\n\t\t\t\t\t\t\t\t\t\t<img fetchpriority=\"high\" decoding=\"async\" width=\"1000\" height=\"566\" src=\"https:\/\/www.toleranzraeume.org\/wp-content\/uploads\/2023\/03\/kaenguru-marcuwe-kling.jpg\" class=\"attachment-large size-large wp-image-16209\" alt=\"\" srcset=\"https:\/\/www.toleranzraeume.org\/wp-content\/uploads\/2023\/03\/kaenguru-marcuwe-kling.jpg 1000w, https:\/\/www.toleranzraeume.org\/wp-content\/uploads\/2023\/03\/kaenguru-marcuwe-kling-300x170.jpg 300w, https:\/\/www.toleranzraeume.org\/wp-content\/uploads\/2023\/03\/kaenguru-marcuwe-kling-768x435.jpg 768w\" sizes=\"(max-width: 1000px) 100vw, 1000px\" \/>\t\t\t\t\t\t\t\t\t\t\t<figcaption class=\"widget-image-caption wp-caption-text\">Copyright: X Verleih <\/figcaption>\n\t\t\t\t\t\t\t\t\t\t<\/figure>\n\t\t\t\t\t\t\t\t\t<\/div>\n\t\t\t\t<\/div>\n\t\t\t\t\t<\/div>\n\t\t<\/div>\n\t\t\t\t\t<\/div>\n\t\t<\/section>\n\t\t\t\t<\/div>\n\t\t","protected":false},"excerpt":{"rendered":"<p>Das K\u00e4nguru (Kanguru) Marc-Uwe Kling (2008\u2019den beri) \u201cH\u00e2l\u00e2 her konu hakk\u0131nda a\u00e7\u0131k se\u00e7ik bir fikrim var. Ama, bu fikrimin, eskisi kadar do\u011fru oldu\u011fundan emin de\u011filim art\u0131k.\u201d Kanguru, \u201cDie K\u00e4nguru-Chroniken\u201d (Kanguru G\u00fcnl\u00fckleri) kitap dizisinin ana karakteridir ve diren\u00e7li ve mizahi davran\u0131\u015f\u0131yla tan\u0131n\u0131r. &nbsp; Yazar Marc-Uwe Kling\u2019in Die K\u00e4nguru-Chroniken d\u00f6rt kitapl\u0131k bir seridir. &nbsp; \u0130syankar keseli hayvan [&hellip;]<\/p>\n","protected":false},"author":28,"featured_media":0,"parent":0,"menu_order":0,"comment_status":"closed","ping_status":"closed","template":"","meta":{"site-sidebar-layout":"no-sidebar","site-content-layout":"page-builder","ast-site-content-layout":"default","site-content-style":"default","site-sidebar-style":"default","ast-global-header-display":"","ast-banner-title-visibility":"","ast-main-header-display":"","ast-hfb-above-header-display":"","ast-hfb-below-header-display":"","ast-hfb-mobile-header-display":"","site-post-title":"disabled","ast-breadcrumbs-content":"","ast-featured-img":"disabled","footer-sml-layout":"","theme-transparent-header-meta":"","adv-header-id-meta":"","stick-header-meta":"","header-above-stick-meta":"","header-main-stick-meta":"","header-below-stick-meta":"","astra-migrate-meta-layouts":"default","ast-page-background-enabled":"default","ast-page-background-meta":{"desktop":{"background-color":"","background-image":"","background-repeat":"repeat","background-position":"center center","background-size":"auto","background-attachment":"scroll","background-type":"","background-media":"","overlay-type":"","overlay-color":"","overlay-opacity":"","overlay-gradient":""},"tablet":{"background-color":"","background-image":"","background-repeat":"repeat","background-position":"center center","background-size":"auto","background-attachment":"scroll","background-type":"","background-media":"","overlay-type":"","overlay-color":"","overlay-opacity":"","overlay-gradient":""},"mobile":{"background-color":"","background-image":"","background-repeat":"repeat","background-position":"center center","background-size":"auto","background-attachment":"scroll","background-type":"","background-media":"","overlay-type":"","overlay-color":"","overlay-opacity":"","overlay-gradient":""}},"ast-content-background-meta":{"desktop":{"background-color":"var(--ast-global-color-5)","background-image":"","background-repeat":"repeat","background-position":"center center","background-size":"auto","background-attachment":"scroll","background-type":"","background-media":"","overlay-type":"","overlay-color":"","overlay-opacity":"","overlay-gradient":""},"tablet":{"background-color":"var(--ast-global-color-5)","background-image":"","background-repeat":"repeat","background-position":"center center","background-size":"auto","background-attachment":"scroll","background-type":"","background-media":"","overlay-type":"","overlay-color":"","overlay-opacity":"","overlay-gradient":""},"mobile":{"background-color":"var(--ast-global-color-5)","background-image":"","background-repeat":"repeat","background-position":"center center","background-size":"auto","background-attachment":"scroll","background-type":"","background-media":"","overlay-type":"","overlay-color":"","overlay-opacity":"","overlay-gradient":""}},"footnotes":""},"class_list":["post-21767","page","type-page","status-publish","hentry"],"_links":{"self":[{"href":"https:\/\/www.toleranzraeume.org\/tr\/wp-json\/wp\/v2\/pages\/21767","targetHints":{"allow":["GET"]}}],"collection":[{"href":"https:\/\/www.toleranzraeume.org\/tr\/wp-json\/wp\/v2\/pages"}],"about":[{"href":"https:\/\/www.toleranzraeume.org\/tr\/wp-json\/wp\/v2\/types\/page"}],"author":[{"embeddable":true,"href":"https:\/\/www.toleranzraeume.org\/tr\/wp-json\/wp\/v2\/users\/28"}],"replies":[{"embeddable":true,"href":"https:\/\/www.toleranzraeume.org\/tr\/wp-json\/wp\/v2\/comments?post=21767"}],"version-history":[{"count":1,"href":"https:\/\/www.toleranzraeume.org\/tr\/wp-json\/wp\/v2\/pages\/21767\/revisions"}],"predecessor-version":[{"id":21768,"href":"https:\/\/www.toleranzraeume.org\/tr\/wp-json\/wp\/v2\/pages\/21767\/revisions\/21768"}],"wp:attachment":[{"href":"https:\/\/www.toleranzraeume.org\/tr\/wp-json\/wp\/v2\/media?parent=21767"}],"curies":[{"name":"wp","href":"https:\/\/api.w.org\/{rel}","templated":true}]}}