{"id":21787,"date":"2023-02-17T10:55:33","date_gmt":"2023-02-17T09:55:33","guid":{"rendered":"https:\/\/www.toleranzraeume.org\/katilim\/katilin\/"},"modified":"2024-05-16T10:37:26","modified_gmt":"2024-05-16T08:37:26","slug":"katilin","status":"publish","type":"page","link":"https:\/\/www.toleranzraeume.org\/tr\/katilim\/katilin\/","title":{"rendered":"Kat\u0131l\u0131n!"},"content":{"rendered":"\t\t<div data-elementor-type=\"wp-page\" data-elementor-id=\"21787\" class=\"elementor elementor-21787 elementor-6523\" data-elementor-post-type=\"page\">\n\t\t\t\t\t\t<section class=\"elementor-section elementor-top-section elementor-element elementor-element-37b9e5d elementor-section-boxed elementor-section-height-default elementor-section-height-default\" data-id=\"37b9e5d\" data-element_type=\"section\" data-settings=\"{&quot;background_background&quot;:&quot;classic&quot;}\">\n\t\t\t\t\t\t<div class=\"elementor-container elementor-column-gap-default\">\n\t\t\t\t\t<div class=\"elementor-column elementor-col-100 elementor-top-column elementor-element elementor-element-0ee8492\" data-id=\"0ee8492\" data-element_type=\"column\">\n\t\t\t<div class=\"elementor-widget-wrap elementor-element-populated\">\n\t\t\t\t\t\t<div class=\"elementor-element elementor-element-c640bbe elementor-widget elementor-widget-heading\" data-id=\"c640bbe\" data-element_type=\"widget\" data-widget_type=\"heading.default\">\n\t\t\t\t<div class=\"elementor-widget-container\">\n\t\t\t\t\t<h1 class=\"elementor-heading-title elementor-size-default\">Kat\u0131l\u0131n!<\/h1>\t\t\t\t<\/div>\n\t\t\t\t<\/div>\n\t\t\t\t\t<\/div>\n\t\t<\/div>\n\t\t\t\t\t<\/div>\n\t\t<\/section>\n\t\t\t\t<section class=\"elementor-section elementor-top-section elementor-element elementor-element-87351d9 elementor-reverse-mobile elementor-section-boxed elementor-section-height-default elementor-section-height-default\" data-id=\"87351d9\" data-element_type=\"section\">\n\t\t\t\t\t\t<div class=\"elementor-container elementor-column-gap-default\">\n\t\t\t\t\t<div class=\"elementor-column elementor-col-50 elementor-top-column elementor-element elementor-element-5799104\" data-id=\"5799104\" data-element_type=\"column\">\n\t\t\t<div class=\"elementor-widget-wrap elementor-element-populated\">\n\t\t\t\t\t\t<div class=\"elementor-element elementor-element-5551b7a elementor-widget elementor-widget-text-editor\" data-id=\"5551b7a\" data-element_type=\"widget\" data-widget_type=\"text-editor.default\">\n\t\t\t\t<div class=\"elementor-widget-container\">\n\t\t\t\t\t\t\t\t\t<p>Herkes kat\u0131labilir. Bir sergi duvar\u0131 tasarla, bir ek organizasyon d\u00fczenle veya bir\u00a0 ToleranzTeamer:in ol. Veya sadece ziyaret\u00e7i olarak\u00a0 ToleranzR\u00e4ume Sergisine gel ve g\u00f6r\u00fc\u015flerin ve kat\u0131l\u0131m\u0131nla kal\u0131c\u0131 olarak Sergiye damgan\u0131 vur.<\/p>\n\t\t\t\t\t\t\t\t<\/div>\n\t\t\t\t<\/div>\n\t\t\t\t\t<\/div>\n\t\t<\/div>\n\t\t\t\t<div class=\"elementor-column elementor-col-50 elementor-top-column elementor-element elementor-element-10d2775\" data-id=\"10d2775\" data-element_type=\"column\">\n\t\t\t<div class=\"elementor-widget-wrap elementor-element-populated\">\n\t\t\t\t\t\t<div class=\"elementor-element elementor-element-9da2102 elementor-widget elementor-widget-image\" data-id=\"9da2102\" data-element_type=\"widget\" data-widget_type=\"image.default\">\n\t\t\t\t<div class=\"elementor-widget-container\">\n\t\t\t\t\t\t\t\t\t\t\t\t\t\t\t<img fetchpriority=\"high\" decoding=\"async\" width=\"1024\" height=\"576\" src=\"https:\/\/www.toleranzraeume.org\/wp-content\/uploads\/2023\/09\/bildung-web-1024x576.jpg\" class=\"attachment-large size-large wp-image-16530\" alt=\"\" srcset=\"https:\/\/www.toleranzraeume.org\/wp-content\/uploads\/2023\/09\/bildung-web-1024x576.jpg 1024w, https:\/\/www.toleranzraeume.org\/wp-content\/uploads\/2023\/09\/bildung-web-300x169.jpg 300w, https:\/\/www.toleranzraeume.org\/wp-content\/uploads\/2023\/09\/bildung-web-768x432.jpg 768w, https:\/\/www.toleranzraeume.org\/wp-content\/uploads\/2023\/09\/bildung-web.jpg 1300w\" sizes=\"(max-width: 1024px) 100vw, 1024px\" \/>\t\t\t\t\t\t\t\t\t\t\t\t\t\t\t<\/div>\n\t\t\t\t<\/div>\n\t\t\t\t\t<\/div>\n\t\t<\/div>\n\t\t\t\t\t<\/div>\n\t\t<\/section>\n\t\t\t\t<section class=\"elementor-section elementor-top-section elementor-element elementor-element-51541705 elementor-section-boxed elementor-section-height-default elementor-section-height-default\" data-id=\"51541705\" data-element_type=\"section\">\n\t\t\t\t\t\t<div class=\"elementor-container elementor-column-gap-default\">\n\t\t\t\t\t<div class=\"elementor-column elementor-col-50 elementor-top-column elementor-element elementor-element-a203f50\" data-id=\"a203f50\" data-element_type=\"column\">\n\t\t\t<div class=\"elementor-widget-wrap elementor-element-populated\">\n\t\t\t\t\t\t<div class=\"elementor-element elementor-element-aaafcbb elementor-widget elementor-widget-heading\" data-id=\"aaafcbb\" data-element_type=\"widget\" id=\"mitmachen-vor-ort-und-digital\" data-widget_type=\"heading.default\">\n\t\t\t\t<div class=\"elementor-widget-container\">\n\t\t\t\t\t<h2 class=\"elementor-heading-title elementor-size-default\">Mek\u00e2nda ve dijital olarak kat\u0131l\u0131m<\/h2>\t\t\t\t<\/div>\n\t\t\t\t<\/div>\n\t\t\t\t<div class=\"elementor-element elementor-element-70abd82 elementor-widget elementor-widget-text-editor\" data-id=\"70abd82\" data-element_type=\"widget\" data-widget_type=\"text-editor.default\">\n\t\t\t\t<div class=\"elementor-widget-container\">\n\t\t\t\t\t\t\t\t\t<p>ToleranzR\u00e4ume Sergisi ziyaret\u00e7ileriyle ya\u015far ve onlardan \u00f6\u011frenir. G\u00fcnl\u00fck hayatta daha fazla sayg\u0131 ve ho\u015fg\u00f6r\u00fc i\u00e7in ipu\u00e7lar\u0131 b\u0131rak, rol modellerden ilham al ve neye tahamm\u00fcl edebilece\u011finizi ve ho\u015fg\u00f6r\u00fcn\u00fcn senin i\u00e7in nerede son buldu\u011funu tart\u0131\u015f. Serginin bizzat i\u00e7inde veya dijital olarak web sitesinde veya sosyal medyada tart\u0131\u015f.<\/p>\n\t\t\t\t\t\t\t\t<\/div>\n\t\t\t\t<\/div>\n\t\t\t\t\t<\/div>\n\t\t<\/div>\n\t\t\t\t<div class=\"elementor-column elementor-col-50 elementor-top-column elementor-element elementor-element-d50f20a elementor-hidden-tablet elementor-hidden-mobile\" data-id=\"d50f20a\" data-element_type=\"column\">\n\t\t\t<div class=\"elementor-widget-wrap\">\n\t\t\t\t\t\t\t<\/div>\n\t\t<\/div>\n\t\t\t\t\t<\/div>\n\t\t<\/section>\n\t\t\t\t<section class=\"elementor-section elementor-top-section elementor-element elementor-element-4c8e7978 elementor-section-boxed elementor-section-height-default elementor-section-height-default\" data-id=\"4c8e7978\" data-element_type=\"section\">\n\t\t\t\t\t\t<div class=\"elementor-container elementor-column-gap-default\">\n\t\t\t\t\t<div class=\"elementor-column elementor-col-50 elementor-top-column elementor-element elementor-element-2c20a0f2\" data-id=\"2c20a0f2\" data-element_type=\"column\">\n\t\t\t<div class=\"elementor-widget-wrap elementor-element-populated\">\n\t\t\t\t\t\t<div class=\"elementor-element elementor-element-1107ab6 elementor-widget elementor-widget-heading\" data-id=\"1107ab6\" data-element_type=\"widget\" id=\"teamerin-werden\" data-widget_type=\"heading.default\">\n\t\t\t\t<div class=\"elementor-widget-container\">\n\t\t\t\t\t<h2 class=\"elementor-heading-title elementor-size-default\">Teamer:in ol<\/h2>\t\t\t\t<\/div>\n\t\t\t\t<\/div>\n\t\t\t\t<div class=\"elementor-element elementor-element-2dd52f9d elementor-widget elementor-widget-text-editor\" data-id=\"2dd52f9d\" data-element_type=\"widget\" data-widget_type=\"text-editor.default\">\n\t\t\t\t<div class=\"elementor-widget-container\">\n\t\t\t\t\t\t\t\t\t<p>ToleranzTeamer:innen sergide seni tavsiyelerle ve eylemlerle destekleyecekler. ToleranzTeamer:innen arada bir sergide rehberlik \u00fcstlenen ve e\u011fitim kurumlar\u0131nda at\u00f6lyeler d\u00fczenleyen mek\u00e2nda haz\u0131r bulunan ki\u015filerdir. Bu insanlar\u0131n e\u011fitim politikas\u0131 konusunda \u00f6nceden e\u011fitim alm\u0131\u015f olmalar\u0131 gerekir. ToleranzR\u00e4ume pedagoji ekibi taraf\u0131ndan bu somut g\u00f6rev i\u00e7in e\u011fitilir ve materyallerle donat\u0131l\u0131rlar.<\/p>\n\t\t\t\t\t\t\t\t<\/div>\n\t\t\t\t<\/div>\n\t\t\t\t\t<\/div>\n\t\t<\/div>\n\t\t\t\t<div class=\"elementor-column elementor-col-50 elementor-top-column elementor-element elementor-element-2c83ba4 elementor-hidden-tablet elementor-hidden-mobile\" data-id=\"2c83ba4\" data-element_type=\"column\">\n\t\t\t<div class=\"elementor-widget-wrap\">\n\t\t\t\t\t\t\t<\/div>\n\t\t<\/div>\n\t\t\t\t\t<\/div>\n\t\t<\/section>\n\t\t\t\t<section class=\"elementor-section elementor-top-section elementor-element elementor-element-4043b827 elementor-section-boxed elementor-section-height-default elementor-section-height-default\" data-id=\"4043b827\" data-element_type=\"section\">\n\t\t\t\t\t\t<div class=\"elementor-container elementor-column-gap-default\">\n\t\t\t\t\t<div class=\"elementor-column elementor-col-50 elementor-top-column elementor-element elementor-element-4d653d4f\" data-id=\"4d653d4f\" data-element_type=\"column\">\n\t\t\t<div class=\"elementor-widget-wrap elementor-element-populated\">\n\t\t\t\t\t\t<div class=\"elementor-element elementor-element-3fe60e6 elementor-widget elementor-widget-heading\" data-id=\"3fe60e6\" data-element_type=\"widget\" id=\"lokales-engagement\" data-widget_type=\"heading.default\">\n\t\t\t\t<div class=\"elementor-widget-container\">\n\t\t\t\t\t<h2 class=\"elementor-heading-title elementor-size-default\">Yerel kat\u0131l\u0131m <\/h2>\t\t\t\t<\/div>\n\t\t\t\t<\/div>\n\t\t\t\t<div class=\"elementor-element elementor-element-5a4c1230 elementor-widget elementor-widget-text-editor\" data-id=\"5a4c1230\" data-element_type=\"widget\" data-widget_type=\"text-editor.default\">\n\t\t\t\t<div class=\"elementor-widget-container\">\n\t\t\t\t\t\t\t\t\t<p>Sayg\u0131, ho\u015fg\u00f6r\u00fc ve bir arada ya\u015fam i\u00e7in u\u011fra\u015fan yerel giri\u015fimler ve projeler kat\u0131lmaya, kendilerini tan\u0131tmaya ve bu \u015fekilde diyalog kurmaya davetlidir. Bu giri\u015fimler sergiyi, konu temelinde mek\u00e2nsal olarak geni\u015fletir. Ho\u015fg\u00f6r\u00fc i\u00e7in zaten mevcut olan mek\u00e2nlar daha da g\u00f6r\u00fcn\u00fcr hale gelir. Yerel giri\u015fimlerin kendi i\u00e7lerinde ve sergi ziyaret\u00e7ileri ile bir a\u011f kurmalar\u0131 desteklenir.<\/p>\n\t\t\t\t\t\t\t\t<\/div>\n\t\t\t\t<\/div>\n\t\t\t\t\t<\/div>\n\t\t<\/div>\n\t\t\t\t<div class=\"elementor-column elementor-col-50 elementor-top-column elementor-element elementor-element-7b408b6 elementor-hidden-tablet elementor-hidden-mobile\" data-id=\"7b408b6\" data-element_type=\"column\">\n\t\t\t<div class=\"elementor-widget-wrap\">\n\t\t\t\t\t\t\t<\/div>\n\t\t<\/div>\n\t\t\t\t\t<\/div>\n\t\t<\/section>\n\t\t\t\t<section class=\"elementor-section elementor-top-section elementor-element elementor-element-b043b1e elementor-section-boxed elementor-section-height-default elementor-section-height-default\" data-id=\"b043b1e\" data-element_type=\"section\">\n\t\t\t\t\t\t<div class=\"elementor-container elementor-column-gap-default\">\n\t\t\t\t\t<div class=\"elementor-column elementor-col-100 elementor-top-column elementor-element elementor-element-e0e4868\" data-id=\"e0e4868\" data-element_type=\"column\">\n\t\t\t<div class=\"elementor-widget-wrap elementor-element-populated\">\n\t\t\t\t\t\t<section class=\"elementor-section elementor-inner-section elementor-element elementor-element-df7a6ec elementor-section-boxed elementor-section-height-default elementor-section-height-default\" data-id=\"df7a6ec\" data-element_type=\"section\" data-settings=\"{&quot;background_background&quot;:&quot;classic&quot;}\">\n\t\t\t\t\t\t<div class=\"elementor-container elementor-column-gap-default\">\n\t\t\t\t\t<div class=\"elementor-column elementor-col-50 elementor-inner-column elementor-element elementor-element-57df2d7\" data-id=\"57df2d7\" data-element_type=\"column\">\n\t\t\t<div class=\"elementor-widget-wrap elementor-element-populated\">\n\t\t\t\t\t\t<div class=\"elementor-element elementor-element-d9086b7 elementor-widget elementor-widget-heading\" data-id=\"d9086b7\" data-element_type=\"widget\" data-widget_type=\"heading.default\">\n\t\t\t\t<div class=\"elementor-widget-container\">\n\t\t\t\t\t<h2 class=\"elementor-heading-title elementor-size-default\">Sergiyle ilgili sorular\u0131n m\u0131 var?<br> Cevaplar burada.<\/h2>\t\t\t\t<\/div>\n\t\t\t\t<\/div>\n\t\t\t\t\t<\/div>\n\t\t<\/div>\n\t\t\t\t<div class=\"elementor-column elementor-col-50 elementor-inner-column elementor-element elementor-element-1729093\" data-id=\"1729093\" data-element_type=\"column\">\n\t\t\t<div class=\"elementor-widget-wrap elementor-element-populated\">\n\t\t\t\t\t\t<div class=\"elementor-element elementor-element-a39f302 elementor-align-left elementor-widget elementor-widget-button\" data-id=\"a39f302\" data-element_type=\"widget\" data-widget_type=\"button.default\">\n\t\t\t\t<div class=\"elementor-widget-container\">\n\t\t\t\t\t\t\t\t\t<div class=\"elementor-button-wrapper\">\n\t\t\t\t\t<a class=\"elementor-button elementor-button-link elementor-size-sm\" href=\"https:\/\/www.toleranzraeume.org\/tr\/bilgilendirme\/#wanderausstellung-faq\">\n\t\t\t\t\t\t<span class=\"elementor-button-content-wrapper\">\n\t\t\t\t\t\t\t\t\t<span class=\"elementor-button-text\">Sergi ile ilgili s\u0131k sorulan sorular<\/span>\n\t\t\t\t\t<\/span>\n\t\t\t\t\t<\/a>\n\t\t\t\t<\/div>\n\t\t\t\t\t\t\t\t<\/div>\n\t\t\t\t<\/div>\n\t\t\t\t\t<\/div>\n\t\t<\/div>\n\t\t\t\t\t<\/div>\n\t\t<\/section>\n\t\t\t\t\t<\/div>\n\t\t<\/div>\n\t\t\t\t\t<\/div>\n\t\t<\/section>\n\t\t\t\t<\/div>\n\t\t","protected":false},"excerpt":{"rendered":"<p>Kat\u0131l\u0131n! Herkes kat\u0131labilir. Bir sergi duvar\u0131 tasarla, bir ek organizasyon d\u00fczenle veya bir\u00a0 ToleranzTeamer:in ol. Veya sadece ziyaret\u00e7i olarak\u00a0 ToleranzR\u00e4ume Sergisine gel ve g\u00f6r\u00fc\u015flerin ve kat\u0131l\u0131m\u0131nla kal\u0131c\u0131 olarak Sergiye damgan\u0131 vur. Mek\u00e2nda ve dijital olarak kat\u0131l\u0131m ToleranzR\u00e4ume Sergisi ziyaret\u00e7ileriyle ya\u015far ve onlardan \u00f6\u011frenir. G\u00fcnl\u00fck hayatta daha fazla sayg\u0131 ve ho\u015fg\u00f6r\u00fc i\u00e7in ipu\u00e7lar\u0131 b\u0131rak, rol modellerden [&hellip;]<\/p>\n","protected":false},"author":14,"featured_media":0,"parent":21783,"menu_order":0,"comment_status":"closed","ping_status":"closed","template":"","meta":{"site-sidebar-layout":"no-sidebar","site-content-layout":"page-builder","ast-site-content-layout":"default","site-content-style":"default","site-sidebar-style":"default","ast-global-header-display":"","ast-banner-title-visibility":"","ast-main-header-display":"","ast-hfb-above-header-display":"","ast-hfb-below-header-display":"","ast-hfb-mobile-header-display":"","site-post-title":"disabled","ast-breadcrumbs-content":"","ast-featured-img":"disabled","footer-sml-layout":"","theme-transparent-header-meta":"","adv-header-id-meta":"","stick-header-meta":"","header-above-stick-meta":"","header-main-stick-meta":"","header-below-stick-meta":"","astra-migrate-meta-layouts":"default","ast-page-background-enabled":"default","ast-page-background-meta":{"desktop":{"background-color":"","background-image":"","background-repeat":"repeat","background-position":"center center","background-size":"auto","background-attachment":"scroll","background-type":"","background-media":"","overlay-type":"","overlay-color":"","overlay-opacity":"","overlay-gradient":""},"tablet":{"background-color":"","background-image":"","background-repeat":"repeat","background-position":"center center","background-size":"auto","background-attachment":"scroll","background-type":"","background-media":"","overlay-type":"","overlay-color":"","overlay-opacity":"","overlay-gradient":""},"mobile":{"background-color":"","background-image":"","background-repeat":"repeat","background-position":"center center","background-size":"auto","background-attachment":"scroll","background-type":"","background-media":"","overlay-type":"","overlay-color":"","overlay-opacity":"","overlay-gradient":""}},"ast-content-background-meta":{"desktop":{"background-color":"var(--ast-global-color-5)","background-image":"","background-repeat":"repeat","background-position":"center center","background-size":"auto","background-attachment":"scroll","background-type":"","background-media":"","overlay-type":"","overlay-color":"","overlay-opacity":"","overlay-gradient":""},"tablet":{"background-color":"var(--ast-global-color-5)","background-image":"","background-repeat":"repeat","background-position":"center center","background-size":"auto","background-attachment":"scroll","background-type":"","background-media":"","overlay-type":"","overlay-color":"","overlay-opacity":"","overlay-gradient":""},"mobile":{"background-color":"var(--ast-global-color-5)","background-image":"","background-repeat":"repeat","background-position":"center center","background-size":"auto","background-attachment":"scroll","background-type":"","background-media":"","overlay-type":"","overlay-color":"","overlay-opacity":"","overlay-gradient":""}},"footnotes":""},"class_list":["post-21787","page","type-page","status-publish","hentry"],"_links":{"self":[{"href":"https:\/\/www.toleranzraeume.org\/tr\/wp-json\/wp\/v2\/pages\/21787","targetHints":{"allow":["GET"]}}],"collection":[{"href":"https:\/\/www.toleranzraeume.org\/tr\/wp-json\/wp\/v2\/pages"}],"about":[{"href":"https:\/\/www.toleranzraeume.org\/tr\/wp-json\/wp\/v2\/types\/page"}],"author":[{"embeddable":true,"href":"https:\/\/www.toleranzraeume.org\/tr\/wp-json\/wp\/v2\/users\/14"}],"replies":[{"embeddable":true,"href":"https:\/\/www.toleranzraeume.org\/tr\/wp-json\/wp\/v2\/comments?post=21787"}],"version-history":[{"count":1,"href":"https:\/\/www.toleranzraeume.org\/tr\/wp-json\/wp\/v2\/pages\/21787\/revisions"}],"predecessor-version":[{"id":21788,"href":"https:\/\/www.toleranzraeume.org\/tr\/wp-json\/wp\/v2\/pages\/21787\/revisions\/21788"}],"up":[{"embeddable":true,"href":"https:\/\/www.toleranzraeume.org\/tr\/wp-json\/wp\/v2\/pages\/21783"}],"wp:attachment":[{"href":"https:\/\/www.toleranzraeume.org\/tr\/wp-json\/wp\/v2\/media?parent=21787"}],"curies":[{"name":"wp","href":"https:\/\/api.w.org\/{rel}","templated":true}]}}